{"id":5920,"date":"2025-06-04T18:37:40","date_gmt":"2025-06-04T18:37:40","guid":{"rendered":"https:\/\/test.fitnessworldgym27.com\/?post_type=product&#038;p=5920"},"modified":"2026-03-30T19:27:53","modified_gmt":"2026-03-30T19:27:53","slug":"sheglam-matte-allure-mini-liquide-lipstick-set-x3","status":"publish","type":"product","link":"https:\/\/cosmeticstoredz.com\/ar\/product\/sheglam-matte-allure-mini-liquide-lipstick-set-x3\/","title":{"rendered":"SHEGLAM MATTE ALLURE MINI LIQUIDE LIPSTICK SET X3"},"content":{"rendered":"","protected":false},"excerpt":{"rendered":"<p>Le\u00a0<strong>coffret de mini rouges \u00e0 l\u00e8vres liquides Matte Allure de Sheglam<\/strong>\u00a0en\u00a0<strong>Private Tour<\/strong>\u00a0propose trois rouges \u00e0 l\u00e8vres liquides de taille mini, parfaits pour des looks de l\u00e8vres polyvalents et \u00e9l\u00e9gants. Avec une formule hautement pigment\u00e9e et une finition mate lisse, cet ensemble est id\u00e9al pour cr\u00e9er des d\u00e9clarations audacieuses tout en maintenant un confort tout au long de la journ\u00e9e.<\/p>","protected":false},"featured_media":20234,"comment_status":"open","ping_status":"closed","template":"","meta":[],"product_brand":[411],"product_cat":[205,122,207,281],"product_tag":[],"class_list":{"0":"post-5920","1":"product","2":"type-product","3":"status-publish","4":"has-post-thumbnail","6":"product_brand-sheglam","7":"product_cat-levres","8":"product_cat-make-up","9":"product_cat-rouge-a-levres","10":"product_cat-sheglam","12":"first","13":"instock","14":"shipping-taxable","15":"purchasable","16":"product-type-simple"},"_links":{"self":[{"href":"https:\/\/cosmeticstoredz.com\/ar\/wp-json\/wp\/v2\/product\/5920","targetHints":{"allow":["GET"]}}],"collection":[{"href":"https:\/\/cosmeticstoredz.com\/ar\/wp-json\/wp\/v2\/product"}],"about":[{"href":"https:\/\/cosmeticstoredz.com\/ar\/wp-json\/wp\/v2\/types\/product"}],"replies":[{"embeddable":true,"href":"https:\/\/cosmeticstoredz.com\/ar\/wp-json\/wp\/v2\/comments?post=5920"}],"version-history":[{"count":1,"href":"https:\/\/cosmeticstoredz.com\/ar\/wp-json\/wp\/v2\/product\/5920\/revisions"}],"predecessor-version":[{"id":20235,"href":"https:\/\/cosmeticstoredz.com\/ar\/wp-json\/wp\/v2\/product\/5920\/revisions\/20235"}],"wp:featuredmedia":[{"embeddable":true,"href":"https:\/\/cosmeticstoredz.com\/ar\/wp-json\/wp\/v2\/media\/20234"}],"wp:attachment":[{"href":"https:\/\/cosmeticstoredz.com\/ar\/wp-json\/wp\/v2\/media?parent=5920"}],"wp:term":[{"taxonomy":"product_brand","embeddable":true,"href":"https:\/\/cosmeticstoredz.com\/ar\/wp-json\/wp\/v2\/product_brand?post=5920"},{"taxonomy":"product_cat","embeddable":true,"href":"https:\/\/cosmeticstoredz.com\/ar\/wp-json\/wp\/v2\/product_cat?post=5920"},{"taxonomy":"product_tag","embeddable":true,"href":"https:\/\/cosmeticstoredz.com\/ar\/wp-json\/wp\/v2\/product_tag?post=5920"}],"curies":[{"name":"wp","href":"https:\/\/api.w.org\/{rel}","templated":true}]}}