{"id":5918,"date":"2025-06-04T18:37:39","date_gmt":"2025-06-04T18:37:39","guid":{"rendered":"https:\/\/test.fitnessworldgym27.com\/?post_type=product&#038;p=5918"},"modified":"2026-03-30T19:27:53","modified_gmt":"2026-03-30T19:27:53","slug":"sheglam-poudre-de-fixation-libre-light-brown","status":"publish","type":"product","link":"https:\/\/cosmeticstoredz.com\/ar\/product\/sheglam-poudre-de-fixation-libre-light-brown\/","title":{"rendered":"SHEGLAM POUDRE DE FIXATION LIBRE LIGHT BROWN"},"content":{"rendered":"","protected":false},"excerpt":{"rendered":"<p>Une poudre libre l\u00e9g\u00e8re, translucide et hautement r\u00e9gulatrice de s\u00e9bum, avec des particules de 8 \u03bcm \u00e0 50 \u03bcmm qui laissent votre peau avec un fini radieux, naturellement impeccable , Vous donnent une texture douce et \u00e9clatante et minimisent et floutent les pores, les ridules et les rides sur tous les tons de peau, vous offrant une exp\u00e9rience de contr\u00f4le ultra du s\u00e9bum sans sensation grasse ou p\u00e2teuse pendant toute une journ\u00e9e.<\/p>","protected":false},"featured_media":20230,"comment_status":"open","ping_status":"closed","template":"","meta":[],"product_brand":[411],"product_cat":[187,122,220,281,123],"product_tag":[],"class_list":{"0":"post-5918","1":"product","2":"type-product","3":"status-publish","4":"has-post-thumbnail","6":"product_brand-sheglam","7":"product_cat-fond-de-teint","8":"product_cat-make-up","9":"product_cat-poudre","10":"product_cat-sheglam","11":"product_cat-teint","13":"first","14":"instock","15":"shipping-taxable","16":"purchasable","17":"product-type-simple"},"_links":{"self":[{"href":"https:\/\/cosmeticstoredz.com\/ar\/wp-json\/wp\/v2\/product\/5918","targetHints":{"allow":["GET"]}}],"collection":[{"href":"https:\/\/cosmeticstoredz.com\/ar\/wp-json\/wp\/v2\/product"}],"about":[{"href":"https:\/\/cosmeticstoredz.com\/ar\/wp-json\/wp\/v2\/types\/product"}],"replies":[{"embeddable":true,"href":"https:\/\/cosmeticstoredz.com\/ar\/wp-json\/wp\/v2\/comments?post=5918"}],"version-history":[{"count":1,"href":"https:\/\/cosmeticstoredz.com\/ar\/wp-json\/wp\/v2\/product\/5918\/revisions"}],"predecessor-version":[{"id":20231,"href":"https:\/\/cosmeticstoredz.com\/ar\/wp-json\/wp\/v2\/product\/5918\/revisions\/20231"}],"wp:featuredmedia":[{"embeddable":true,"href":"https:\/\/cosmeticstoredz.com\/ar\/wp-json\/wp\/v2\/media\/20230"}],"wp:attachment":[{"href":"https:\/\/cosmeticstoredz.com\/ar\/wp-json\/wp\/v2\/media?parent=5918"}],"wp:term":[{"taxonomy":"product_brand","embeddable":true,"href":"https:\/\/cosmeticstoredz.com\/ar\/wp-json\/wp\/v2\/product_brand?post=5918"},{"taxonomy":"product_cat","embeddable":true,"href":"https:\/\/cosmeticstoredz.com\/ar\/wp-json\/wp\/v2\/product_cat?post=5918"},{"taxonomy":"product_tag","embeddable":true,"href":"https:\/\/cosmeticstoredz.com\/ar\/wp-json\/wp\/v2\/product_tag?post=5918"}],"curies":[{"name":"wp","href":"https:\/\/api.w.org\/{rel}","templated":true}]}}