{"id":5884,"date":"2025-06-04T18:37:12","date_gmt":"2025-06-04T18:37:12","guid":{"rendered":"https:\/\/test.fitnessworldgym27.com\/?post_type=product&#038;p=5884"},"modified":"2026-04-27T15:58:51","modified_gmt":"2026-04-27T15:58:51","slug":"sheglam-teinture-a-levres-peel-talk-samesies","status":"publish","type":"product","link":"https:\/\/cosmeticstoredz.com\/ar\/product\/sheglam-teinture-a-levres-peel-talk-samesies\/","title":{"rendered":"SHEGLAM TEINTURE A LEVRES PEEL TALK SAMESIES"},"content":{"rendered":"","protected":false},"excerpt":{"rendered":"<p>Une couleur intense et longue tenue sans l\u2019effet lourd d\u2019un rouge \u00e0 l\u00e8vres ? Nous avons ce qu\u2019il vous faut ! Notre nouvelle encre \u00e0 l\u00e8vres offre une teinte fra\u00eeche et vibrante qui dure toute la journ\u00e9e. Il suffit d\u2019appliquer, de laisser s\u00e9cher, puis de retirer le film pour r\u00e9v\u00e9ler des l\u00e8vres magnifiquement pigment\u00e9es qui ne bougent pas<\/p>","protected":false},"featured_media":20206,"comment_status":"open","ping_status":"closed","template":"","meta":[],"product_brand":[411],"product_cat":[205,122,207,281],"product_tag":[],"class_list":{"0":"post-5884","1":"product","2":"type-product","3":"status-publish","4":"has-post-thumbnail","6":"product_brand-sheglam","7":"product_cat-levres","8":"product_cat-make-up","9":"product_cat-rouge-a-levres","10":"product_cat-sheglam","12":"first","13":"outofstock","14":"shipping-taxable","15":"purchasable","16":"product-type-simple"},"yoast_head":"<!-- This site is optimized with the Yoast SEO plugin v27.3 - https:\/\/yoast.com\/product\/yoast-seo-wordpress\/ -->\n<title>SHEGLAM TEINTURE A LEVRES PEEL TALK SAMESIES - Cosmetic Store<\/title>\n<meta name=\"robots\" content=\"index, follow, max-snippet:-1, max-image-preview:large, max-video-preview:-1\" \/>\n<link rel=\"canonical\" href=\"https:\/\/cosmeticstoredz.com\/ar\/product\/sheglam-teinture-a-levres-peel-talk-samesies\/\" \/>\n<meta property=\"og:locale\" content=\"ar_AR\" \/>\n<meta property=\"og:type\" content=\"article\" \/>\n<meta property=\"og:title\" content=\"SHEGLAM TEINTURE A LEVRES PEEL TALK SAMESIES - Cosmetic Store\" \/>\n<meta property=\"og:description\" content=\"Une couleur intense et longue tenue sans l\u2019effet lourd d\u2019un rouge \u00e0 l\u00e8vres ? Nous avons ce qu\u2019il vous faut ! Notre nouvelle encre \u00e0 l\u00e8vres offre une teinte fra\u00eeche et vibrante qui dure toute la journ\u00e9e. Il suffit d\u2019appliquer, de laisser s\u00e9cher, puis de retirer le film pour r\u00e9v\u00e9ler des l\u00e8vres magnifiquement pigment\u00e9es qui ne bougent pas\" \/>\n<meta property=\"og:url\" content=\"https:\/\/cosmeticstoredz.com\/ar\/product\/sheglam-teinture-a-levres-peel-talk-samesies\/\" \/>\n<meta property=\"og:site_name\" content=\"Cosmetic Store\" \/>\n<meta property=\"article:publisher\" content=\"https:\/\/www.facebook.com\/profile.php?id=61564954260683\" \/>\n<meta property=\"article:modified_time\" content=\"2026-04-27T15:58:51+00:00\" \/>\n<meta property=\"og:image\" content=\"https:\/\/cosmeticstoredz.com\/wp-content\/uploads\/2026\/02\/Cosmetic-81.png\" \/>\n\t<meta property=\"og:image:width\" content=\"1563\" \/>\n\t<meta property=\"og:image:height\" content=\"1563\" \/>\n\t<meta property=\"og:image:type\" content=\"image\/png\" \/>\n<meta name=\"twitter:card\" content=\"summary_large_image\" \/>\n<script type=\"application\/ld+json\" class=\"yoast-schema-graph\">{\"@context\":\"https:\\\/\\\/schema.org\",\"@graph\":[{\"@type\":\"WebPage\",\"@id\":\"https:\\\/\\\/cosmeticstoredz.com\\\/produit\\\/sheglam-teinture-a-levres-peel-talk-samesies\\\/\",\"url\":\"https:\\\/\\\/cosmeticstoredz.com\\\/produit\\\/sheglam-teinture-a-levres-peel-talk-samesies\\\/\",\"name\":\"SHEGLAM TEINTURE A LEVRES PEEL TALK SAMESIES - Cosmetic Store\",\"isPartOf\":{\"@id\":\"https:\\\/\\\/cosmeticstoredz.com\\\/#website\"},\"primaryImageOfPage\":{\"@id\":\"https:\\\/\\\/cosmeticstoredz.com\\\/produit\\\/sheglam-teinture-a-levres-peel-talk-samesies\\\/#primaryimage\"},\"image\":{\"@id\":\"https:\\\/\\\/cosmeticstoredz.com\\\/produit\\\/sheglam-teinture-a-levres-peel-talk-samesies\\\/#primaryimage\"},\"thumbnailUrl\":\"https:\\\/\\\/cosmeticstoredz.com\\\/wp-content\\\/uploads\\\/2026\\\/02\\\/Cosmetic-81.png\",\"datePublished\":\"2025-06-04T18:37:12+00:00\",\"dateModified\":\"2026-04-27T15:58:51+00:00\",\"breadcrumb\":{\"@id\":\"https:\\\/\\\/cosmeticstoredz.com\\\/produit\\\/sheglam-teinture-a-levres-peel-talk-samesies\\\/#breadcrumb\"},\"inLanguage\":\"ar\",\"potentialAction\":[{\"@type\":\"ReadAction\",\"target\":[\"https:\\\/\\\/cosmeticstoredz.com\\\/produit\\\/sheglam-teinture-a-levres-peel-talk-samesies\\\/\"]}]},{\"@type\":\"ImageObject\",\"inLanguage\":\"ar\",\"@id\":\"https:\\\/\\\/cosmeticstoredz.com\\\/produit\\\/sheglam-teinture-a-levres-peel-talk-samesies\\\/#primaryimage\",\"url\":\"https:\\\/\\\/cosmeticstoredz.com\\\/wp-content\\\/uploads\\\/2026\\\/02\\\/Cosmetic-81.png\",\"contentUrl\":\"https:\\\/\\\/cosmeticstoredz.com\\\/wp-content\\\/uploads\\\/2026\\\/02\\\/Cosmetic-81.png\",\"width\":1563,\"height\":1563},{\"@type\":\"BreadcrumbList\",\"@id\":\"https:\\\/\\\/cosmeticstoredz.com\\\/produit\\\/sheglam-teinture-a-levres-peel-talk-samesies\\\/#breadcrumb\",\"itemListElement\":[{\"@type\":\"ListItem\",\"position\":1,\"name\":\"Accueil\",\"item\":\"https:\\\/\\\/cosmeticstoredz.com\\\/\"},{\"@type\":\"ListItem\",\"position\":2,\"name\":\"Boutique\",\"item\":\"https:\\\/\\\/cosmeticstoredz.com\\\/boutique\\\/\"},{\"@type\":\"ListItem\",\"position\":3,\"name\":\"SHEGLAM TEINTURE A LEVRES PEEL TALK SAMESIES\"}]},{\"@type\":\"WebSite\",\"@id\":\"https:\\\/\\\/cosmeticstoredz.com\\\/#website\",\"url\":\"https:\\\/\\\/cosmeticstoredz.com\\\/\",\"name\":\"Cosmetic Store\",\"description\":\"\",\"publisher\":{\"@id\":\"https:\\\/\\\/cosmeticstoredz.com\\\/#organization\"},\"potentialAction\":[{\"@type\":\"SearchAction\",\"target\":{\"@type\":\"EntryPoint\",\"urlTemplate\":\"https:\\\/\\\/cosmeticstoredz.com\\\/?s={search_term_string}\"},\"query-input\":{\"@type\":\"PropertyValueSpecification\",\"valueRequired\":true,\"valueName\":\"search_term_string\"}}],\"inLanguage\":\"ar\"},{\"@type\":\"Organization\",\"@id\":\"https:\\\/\\\/cosmeticstoredz.com\\\/#organization\",\"name\":\"Cosmetic Store\",\"url\":\"https:\\\/\\\/cosmeticstoredz.com\\\/\",\"logo\":{\"@type\":\"ImageObject\",\"inLanguage\":\"ar\",\"@id\":\"https:\\\/\\\/cosmeticstoredz.com\\\/#\\\/schema\\\/logo\\\/image\\\/\",\"url\":\"https:\\\/\\\/cosmeticstoredz.com\\\/wp-content\\\/uploads\\\/2026\\\/02\\\/cropped-LOGO_CS-512x512-1-1-e1771275285345.webp\",\"contentUrl\":\"https:\\\/\\\/cosmeticstoredz.com\\\/wp-content\\\/uploads\\\/2026\\\/02\\\/cropped-LOGO_CS-512x512-1-1-e1771275285345.webp\",\"width\":265,\"height\":319,\"caption\":\"Cosmetic Store\"},\"image\":{\"@id\":\"https:\\\/\\\/cosmeticstoredz.com\\\/#\\\/schema\\\/logo\\\/image\\\/\"},\"sameAs\":[\"https:\\\/\\\/www.facebook.com\\\/profile.php?id=61564954260683\",\"https:\\\/\\\/www.instagram.com\\\/cosmetic.storedz\\\/\"]}]}<\/script>\n<!-- \/ Yoast SEO plugin. -->","yoast_head_json":{"title":"SHEGLAM TEINTURE A LEVRES PEEL TALK SAMESIES - Cosmetic Store","robots":{"index":"index","follow":"follow","max-snippet":"max-snippet:-1","max-image-preview":"max-image-preview:large","max-video-preview":"max-video-preview:-1"},"canonical":"https:\/\/cosmeticstoredz.com\/ar\/product\/sheglam-teinture-a-levres-peel-talk-samesies\/","og_locale":"ar_AR","og_type":"article","og_title":"SHEGLAM TEINTURE A LEVRES PEEL TALK SAMESIES - Cosmetic Store","og_description":"Une couleur intense et longue tenue sans l\u2019effet lourd d\u2019un rouge \u00e0 l\u00e8vres ? Nous avons ce qu\u2019il vous faut ! Notre nouvelle encre \u00e0 l\u00e8vres offre une teinte fra\u00eeche et vibrante qui dure toute la journ\u00e9e. Il suffit d\u2019appliquer, de laisser s\u00e9cher, puis de retirer le film pour r\u00e9v\u00e9ler des l\u00e8vres magnifiquement pigment\u00e9es qui ne bougent pas","og_url":"https:\/\/cosmeticstoredz.com\/ar\/product\/sheglam-teinture-a-levres-peel-talk-samesies\/","og_site_name":"Cosmetic Store","article_publisher":"https:\/\/www.facebook.com\/profile.php?id=61564954260683","article_modified_time":"2026-04-27T15:58:51+00:00","og_image":[{"width":1563,"height":1563,"url":"https:\/\/cosmeticstoredz.com\/wp-content\/uploads\/2026\/02\/Cosmetic-81.png","type":"image\/png"}],"twitter_card":"summary_large_image","schema":{"@context":"https:\/\/schema.org","@graph":[{"@type":"WebPage","@id":"https:\/\/cosmeticstoredz.com\/produit\/sheglam-teinture-a-levres-peel-talk-samesies\/","url":"https:\/\/cosmeticstoredz.com\/produit\/sheglam-teinture-a-levres-peel-talk-samesies\/","name":"SHEGLAM TEINTURE A LEVRES PEEL TALK SAMESIES - Cosmetic Store","isPartOf":{"@id":"https:\/\/cosmeticstoredz.com\/#website"},"primaryImageOfPage":{"@id":"https:\/\/cosmeticstoredz.com\/produit\/sheglam-teinture-a-levres-peel-talk-samesies\/#primaryimage"},"image":{"@id":"https:\/\/cosmeticstoredz.com\/produit\/sheglam-teinture-a-levres-peel-talk-samesies\/#primaryimage"},"thumbnailUrl":"https:\/\/cosmeticstoredz.com\/wp-content\/uploads\/2026\/02\/Cosmetic-81.png","datePublished":"2025-06-04T18:37:12+00:00","dateModified":"2026-04-27T15:58:51+00:00","breadcrumb":{"@id":"https:\/\/cosmeticstoredz.com\/produit\/sheglam-teinture-a-levres-peel-talk-samesies\/#breadcrumb"},"inLanguage":"ar","potentialAction":[{"@type":"ReadAction","target":["https:\/\/cosmeticstoredz.com\/produit\/sheglam-teinture-a-levres-peel-talk-samesies\/"]}]},{"@type":"ImageObject","inLanguage":"ar","@id":"https:\/\/cosmeticstoredz.com\/produit\/sheglam-teinture-a-levres-peel-talk-samesies\/#primaryimage","url":"https:\/\/cosmeticstoredz.com\/wp-content\/uploads\/2026\/02\/Cosmetic-81.png","contentUrl":"https:\/\/cosmeticstoredz.com\/wp-content\/uploads\/2026\/02\/Cosmetic-81.png","width":1563,"height":1563},{"@type":"BreadcrumbList","@id":"https:\/\/cosmeticstoredz.com\/produit\/sheglam-teinture-a-levres-peel-talk-samesies\/#breadcrumb","itemListElement":[{"@type":"ListItem","position":1,"name":"Accueil","item":"https:\/\/cosmeticstoredz.com\/"},{"@type":"ListItem","position":2,"name":"Boutique","item":"https:\/\/cosmeticstoredz.com\/boutique\/"},{"@type":"ListItem","position":3,"name":"SHEGLAM TEINTURE A LEVRES PEEL TALK SAMESIES"}]},{"@type":"WebSite","@id":"https:\/\/cosmeticstoredz.com\/#website","url":"https:\/\/cosmeticstoredz.com\/","name":"Cosmetic Store","description":"","publisher":{"@id":"https:\/\/cosmeticstoredz.com\/#organization"},"potentialAction":[{"@type":"SearchAction","target":{"@type":"EntryPoint","urlTemplate":"https:\/\/cosmeticstoredz.com\/?s={search_term_string}"},"query-input":{"@type":"PropertyValueSpecification","valueRequired":true,"valueName":"search_term_string"}}],"inLanguage":"ar"},{"@type":"Organization","@id":"https:\/\/cosmeticstoredz.com\/#organization","name":"Cosmetic Store","url":"https:\/\/cosmeticstoredz.com\/","logo":{"@type":"ImageObject","inLanguage":"ar","@id":"https:\/\/cosmeticstoredz.com\/#\/schema\/logo\/image\/","url":"https:\/\/cosmeticstoredz.com\/wp-content\/uploads\/2026\/02\/cropped-LOGO_CS-512x512-1-1-e1771275285345.webp","contentUrl":"https:\/\/cosmeticstoredz.com\/wp-content\/uploads\/2026\/02\/cropped-LOGO_CS-512x512-1-1-e1771275285345.webp","width":265,"height":319,"caption":"Cosmetic Store"},"image":{"@id":"https:\/\/cosmeticstoredz.com\/#\/schema\/logo\/image\/"},"sameAs":["https:\/\/www.facebook.com\/profile.php?id=61564954260683","https:\/\/www.instagram.com\/cosmetic.storedz\/"]}]}},"_links":{"self":[{"href":"https:\/\/cosmeticstoredz.com\/ar\/wp-json\/wp\/v2\/product\/5884","targetHints":{"allow":["GET"]}}],"collection":[{"href":"https:\/\/cosmeticstoredz.com\/ar\/wp-json\/wp\/v2\/product"}],"about":[{"href":"https:\/\/cosmeticstoredz.com\/ar\/wp-json\/wp\/v2\/types\/product"}],"replies":[{"embeddable":true,"href":"https:\/\/cosmeticstoredz.com\/ar\/wp-json\/wp\/v2\/comments?post=5884"}],"version-history":[{"count":1,"href":"https:\/\/cosmeticstoredz.com\/ar\/wp-json\/wp\/v2\/product\/5884\/revisions"}],"predecessor-version":[{"id":20207,"href":"https:\/\/cosmeticstoredz.com\/ar\/wp-json\/wp\/v2\/product\/5884\/revisions\/20207"}],"wp:featuredmedia":[{"embeddable":true,"href":"https:\/\/cosmeticstoredz.com\/ar\/wp-json\/wp\/v2\/media\/20206"}],"wp:attachment":[{"href":"https:\/\/cosmeticstoredz.com\/ar\/wp-json\/wp\/v2\/media?parent=5884"}],"wp:term":[{"taxonomy":"product_brand","embeddable":true,"href":"https:\/\/cosmeticstoredz.com\/ar\/wp-json\/wp\/v2\/product_brand?post=5884"},{"taxonomy":"product_cat","embeddable":true,"href":"https:\/\/cosmeticstoredz.com\/ar\/wp-json\/wp\/v2\/product_cat?post=5884"},{"taxonomy":"product_tag","embeddable":true,"href":"https:\/\/cosmeticstoredz.com\/ar\/wp-json\/wp\/v2\/product_tag?post=5884"}],"curies":[{"name":"wp","href":"https:\/\/api.w.org\/{rel}","templated":true}]}}