{"id":5879,"date":"2025-06-04T18:37:12","date_gmt":"2025-06-04T18:37:12","guid":{"rendered":"https:\/\/test.fitnessworldgym27.com\/?post_type=product&#038;p=5879"},"modified":"2026-03-30T19:27:55","modified_gmt":"2026-03-30T19:27:55","slug":"sheglam-stick-a-levre-repulpant-pout-perfect-shine-hot-stuff","status":"publish","type":"product","link":"https:\/\/cosmeticstoredz.com\/ar\/product\/sheglam-stick-a-levre-repulpant-pout-perfect-shine-hot-stuff\/","title":{"rendered":"SHEGLAM STICK A LEVRE REPULPANT POUT PERFECT SHINE HOT STUFF"},"content":{"rendered":"","protected":false},"excerpt":{"rendered":"<p>D\u00e9couvrez le Sheglam Stick \u00e0 L\u00e8vres Repulpant Pout-Perfect Shine, disponible exclusivement chez Boutique Beaut\u00e9nium. Ce produit r\u00e9volutionnaire est con\u00e7u pour vous offrir des l\u00e8vres pulpeuses et un \u00e9clat parfait.<\/p>","protected":false},"featured_media":20196,"comment_status":"open","ping_status":"closed","template":"","meta":[],"product_brand":[411],"product_cat":[213,205,122,281],"product_tag":[],"class_list":{"0":"post-5879","1":"product","2":"type-product","3":"status-publish","4":"has-post-thumbnail","6":"product_brand-sheglam","7":"product_cat-baume-a-levres","8":"product_cat-levres","9":"product_cat-make-up","10":"product_cat-sheglam","12":"first","13":"instock","14":"shipping-taxable","15":"purchasable","16":"product-type-simple"},"_links":{"self":[{"href":"https:\/\/cosmeticstoredz.com\/ar\/wp-json\/wp\/v2\/product\/5879","targetHints":{"allow":["GET"]}}],"collection":[{"href":"https:\/\/cosmeticstoredz.com\/ar\/wp-json\/wp\/v2\/product"}],"about":[{"href":"https:\/\/cosmeticstoredz.com\/ar\/wp-json\/wp\/v2\/types\/product"}],"replies":[{"embeddable":true,"href":"https:\/\/cosmeticstoredz.com\/ar\/wp-json\/wp\/v2\/comments?post=5879"}],"version-history":[{"count":1,"href":"https:\/\/cosmeticstoredz.com\/ar\/wp-json\/wp\/v2\/product\/5879\/revisions"}],"predecessor-version":[{"id":20197,"href":"https:\/\/cosmeticstoredz.com\/ar\/wp-json\/wp\/v2\/product\/5879\/revisions\/20197"}],"wp:featuredmedia":[{"embeddable":true,"href":"https:\/\/cosmeticstoredz.com\/ar\/wp-json\/wp\/v2\/media\/20196"}],"wp:attachment":[{"href":"https:\/\/cosmeticstoredz.com\/ar\/wp-json\/wp\/v2\/media?parent=5879"}],"wp:term":[{"taxonomy":"product_brand","embeddable":true,"href":"https:\/\/cosmeticstoredz.com\/ar\/wp-json\/wp\/v2\/product_brand?post=5879"},{"taxonomy":"product_cat","embeddable":true,"href":"https:\/\/cosmeticstoredz.com\/ar\/wp-json\/wp\/v2\/product_cat?post=5879"},{"taxonomy":"product_tag","embeddable":true,"href":"https:\/\/cosmeticstoredz.com\/ar\/wp-json\/wp\/v2\/product_tag?post=5879"}],"curies":[{"name":"wp","href":"https:\/\/api.w.org\/{rel}","templated":true}]}}