{"id":5875,"date":"2025-06-04T18:37:12","date_gmt":"2025-06-04T18:37:12","guid":{"rendered":"https:\/\/test.fitnessworldgym27.com\/?post_type=product&#038;p=5875"},"modified":"2026-04-18T19:24:28","modified_gmt":"2026-04-18T19:24:28","slug":"sheglam-fard-a-joues-liquide-color-bloom-love-cake","status":"publish","type":"product","link":"https:\/\/cosmeticstoredz.com\/ar\/product\/sheglam-fard-a-joues-liquide-color-bloom-love-cake\/","title":{"rendered":"SHEGLAM FARD A JOUES LIQUIDE COLOR BLOOM LOVE CAKE"},"content":{"rendered":"","protected":false},"excerpt":{"rendered":"<p>Obtenez instantan\u00e9ment une couleur de joue fra\u00eeche et saine et un ton de joue, avec des couleurs naturelles qui glissent sur la peau, laissant un effet doux et ros\u00e9.Multi &#8211; usages &#8211; Cet ensemble de stick blush peut \u00eatre utilis\u00e9 sur les yeux, les joues et les l\u00e8vres. Que vous souhaitiez cr\u00e9er un fard \u00e0 paupi\u00e8res, un blush, un contour ou colorer vos l\u00e8vres, il vous aidera \u00e0 le faire.<\/p>","protected":false},"featured_media":20188,"comment_status":"closed","ping_status":"closed","template":"","meta":[],"product_brand":[411],"product_cat":[124,266,205,122,207,281,123,126],"product_tag":[],"class_list":{"0":"post-5875","1":"product","2":"type-product","3":"status-publish","4":"has-post-thumbnail","6":"product_brand-sheglam","7":"product_cat-blush","8":"product_cat-fard-a-paupieres","9":"product_cat-levres","10":"product_cat-make-up","11":"product_cat-rouge-a-levres","12":"product_cat-sheglam","13":"product_cat-teint","14":"product_cat-yeux","16":"first","17":"outofstock","18":"shipping-taxable","19":"purchasable","20":"product-type-simple"},"yoast_head":"<!-- This site is optimized with the Yoast SEO plugin v27.3 - https:\/\/yoast.com\/product\/yoast-seo-wordpress\/ -->\n<title>SHEGLAM FARD A JOUES LIQUIDE COLOR BLOOM LOVE CAKE - Cosmetic Store<\/title>\n<meta name=\"robots\" content=\"index, follow, max-snippet:-1, max-image-preview:large, max-video-preview:-1\" \/>\n<link rel=\"canonical\" href=\"https:\/\/cosmeticstoredz.com\/ar\/product\/sheglam-fard-a-joues-liquide-color-bloom-love-cake\/\" \/>\n<meta property=\"og:locale\" content=\"ar_AR\" \/>\n<meta property=\"og:type\" content=\"article\" \/>\n<meta property=\"og:title\" content=\"SHEGLAM FARD A JOUES LIQUIDE COLOR BLOOM LOVE CAKE - Cosmetic Store\" \/>\n<meta property=\"og:description\" content=\"Obtenez instantan\u00e9ment une couleur de joue fra\u00eeche et saine et un ton de joue, avec des couleurs naturelles qui glissent sur la peau, laissant un effet doux et ros\u00e9.Multi - usages - Cet ensemble de stick blush peut \u00eatre utilis\u00e9 sur les yeux, les joues et les l\u00e8vres. Que vous souhaitiez cr\u00e9er un fard \u00e0 paupi\u00e8res, un blush, un contour ou colorer vos l\u00e8vres, il vous aidera \u00e0 le faire.\" \/>\n<meta property=\"og:url\" content=\"https:\/\/cosmeticstoredz.com\/ar\/product\/sheglam-fard-a-joues-liquide-color-bloom-love-cake\/\" \/>\n<meta property=\"og:site_name\" content=\"Cosmetic Store\" \/>\n<meta property=\"article:publisher\" content=\"https:\/\/www.facebook.com\/profile.php?id=61564954260683\" \/>\n<meta property=\"article:modified_time\" content=\"2026-04-18T19:24:28+00:00\" \/>\n<meta property=\"og:image\" content=\"https:\/\/cosmeticstoredz.com\/wp-content\/uploads\/2026\/02\/Cosmetic-2025-02-06T132040.921.png\" \/>\n\t<meta property=\"og:image:width\" content=\"500\" \/>\n\t<meta property=\"og:image:height\" content=\"500\" \/>\n\t<meta property=\"og:image:type\" content=\"image\/png\" \/>\n<meta name=\"twitter:card\" content=\"summary_large_image\" \/>\n<script type=\"application\/ld+json\" class=\"yoast-schema-graph\">{\"@context\":\"https:\\\/\\\/schema.org\",\"@graph\":[{\"@type\":\"WebPage\",\"@id\":\"https:\\\/\\\/cosmeticstoredz.com\\\/produit\\\/sheglam-fard-a-joues-liquide-color-bloom-love-cake\\\/\",\"url\":\"https:\\\/\\\/cosmeticstoredz.com\\\/produit\\\/sheglam-fard-a-joues-liquide-color-bloom-love-cake\\\/\",\"name\":\"SHEGLAM FARD A JOUES LIQUIDE COLOR BLOOM LOVE CAKE - Cosmetic Store\",\"isPartOf\":{\"@id\":\"https:\\\/\\\/cosmeticstoredz.com\\\/#website\"},\"primaryImageOfPage\":{\"@id\":\"https:\\\/\\\/cosmeticstoredz.com\\\/produit\\\/sheglam-fard-a-joues-liquide-color-bloom-love-cake\\\/#primaryimage\"},\"image\":{\"@id\":\"https:\\\/\\\/cosmeticstoredz.com\\\/produit\\\/sheglam-fard-a-joues-liquide-color-bloom-love-cake\\\/#primaryimage\"},\"thumbnailUrl\":\"https:\\\/\\\/cosmeticstoredz.com\\\/wp-content\\\/uploads\\\/2026\\\/02\\\/Cosmetic-2025-02-06T132040.921.png\",\"datePublished\":\"2025-06-04T18:37:12+00:00\",\"dateModified\":\"2026-04-18T19:24:28+00:00\",\"breadcrumb\":{\"@id\":\"https:\\\/\\\/cosmeticstoredz.com\\\/produit\\\/sheglam-fard-a-joues-liquide-color-bloom-love-cake\\\/#breadcrumb\"},\"inLanguage\":\"ar\",\"potentialAction\":[{\"@type\":\"ReadAction\",\"target\":[\"https:\\\/\\\/cosmeticstoredz.com\\\/produit\\\/sheglam-fard-a-joues-liquide-color-bloom-love-cake\\\/\"]}]},{\"@type\":\"ImageObject\",\"inLanguage\":\"ar\",\"@id\":\"https:\\\/\\\/cosmeticstoredz.com\\\/produit\\\/sheglam-fard-a-joues-liquide-color-bloom-love-cake\\\/#primaryimage\",\"url\":\"https:\\\/\\\/cosmeticstoredz.com\\\/wp-content\\\/uploads\\\/2026\\\/02\\\/Cosmetic-2025-02-06T132040.921.png\",\"contentUrl\":\"https:\\\/\\\/cosmeticstoredz.com\\\/wp-content\\\/uploads\\\/2026\\\/02\\\/Cosmetic-2025-02-06T132040.921.png\",\"width\":500,\"height\":500},{\"@type\":\"BreadcrumbList\",\"@id\":\"https:\\\/\\\/cosmeticstoredz.com\\\/produit\\\/sheglam-fard-a-joues-liquide-color-bloom-love-cake\\\/#breadcrumb\",\"itemListElement\":[{\"@type\":\"ListItem\",\"position\":1,\"name\":\"Accueil\",\"item\":\"https:\\\/\\\/cosmeticstoredz.com\\\/\"},{\"@type\":\"ListItem\",\"position\":2,\"name\":\"Boutique\",\"item\":\"https:\\\/\\\/cosmeticstoredz.com\\\/boutique\\\/\"},{\"@type\":\"ListItem\",\"position\":3,\"name\":\"SHEGLAM FARD A JOUES LIQUIDE COLOR BLOOM LOVE CAKE\"}]},{\"@type\":\"WebSite\",\"@id\":\"https:\\\/\\\/cosmeticstoredz.com\\\/#website\",\"url\":\"https:\\\/\\\/cosmeticstoredz.com\\\/\",\"name\":\"Cosmetic Store\",\"description\":\"\",\"publisher\":{\"@id\":\"https:\\\/\\\/cosmeticstoredz.com\\\/#organization\"},\"potentialAction\":[{\"@type\":\"SearchAction\",\"target\":{\"@type\":\"EntryPoint\",\"urlTemplate\":\"https:\\\/\\\/cosmeticstoredz.com\\\/?s={search_term_string}\"},\"query-input\":{\"@type\":\"PropertyValueSpecification\",\"valueRequired\":true,\"valueName\":\"search_term_string\"}}],\"inLanguage\":\"ar\"},{\"@type\":\"Organization\",\"@id\":\"https:\\\/\\\/cosmeticstoredz.com\\\/#organization\",\"name\":\"Cosmetic Store\",\"url\":\"https:\\\/\\\/cosmeticstoredz.com\\\/\",\"logo\":{\"@type\":\"ImageObject\",\"inLanguage\":\"ar\",\"@id\":\"https:\\\/\\\/cosmeticstoredz.com\\\/#\\\/schema\\\/logo\\\/image\\\/\",\"url\":\"https:\\\/\\\/cosmeticstoredz.com\\\/wp-content\\\/uploads\\\/2026\\\/02\\\/cropped-LOGO_CS-512x512-1-1-e1771275285345.webp\",\"contentUrl\":\"https:\\\/\\\/cosmeticstoredz.com\\\/wp-content\\\/uploads\\\/2026\\\/02\\\/cropped-LOGO_CS-512x512-1-1-e1771275285345.webp\",\"width\":265,\"height\":319,\"caption\":\"Cosmetic Store\"},\"image\":{\"@id\":\"https:\\\/\\\/cosmeticstoredz.com\\\/#\\\/schema\\\/logo\\\/image\\\/\"},\"sameAs\":[\"https:\\\/\\\/www.facebook.com\\\/profile.php?id=61564954260683\",\"https:\\\/\\\/www.instagram.com\\\/cosmetic.storedz\\\/\"]}]}<\/script>\n<!-- \/ Yoast SEO plugin. -->","yoast_head_json":{"title":"SHEGLAM FARD A JOUES LIQUIDE COLOR BLOOM LOVE CAKE - Cosmetic Store","robots":{"index":"index","follow":"follow","max-snippet":"max-snippet:-1","max-image-preview":"max-image-preview:large","max-video-preview":"max-video-preview:-1"},"canonical":"https:\/\/cosmeticstoredz.com\/ar\/product\/sheglam-fard-a-joues-liquide-color-bloom-love-cake\/","og_locale":"ar_AR","og_type":"article","og_title":"SHEGLAM FARD A JOUES LIQUIDE COLOR BLOOM LOVE CAKE - Cosmetic Store","og_description":"Obtenez instantan\u00e9ment une couleur de joue fra\u00eeche et saine et un ton de joue, avec des couleurs naturelles qui glissent sur la peau, laissant un effet doux et ros\u00e9.Multi - usages - Cet ensemble de stick blush peut \u00eatre utilis\u00e9 sur les yeux, les joues et les l\u00e8vres. Que vous souhaitiez cr\u00e9er un fard \u00e0 paupi\u00e8res, un blush, un contour ou colorer vos l\u00e8vres, il vous aidera \u00e0 le faire.","og_url":"https:\/\/cosmeticstoredz.com\/ar\/product\/sheglam-fard-a-joues-liquide-color-bloom-love-cake\/","og_site_name":"Cosmetic Store","article_publisher":"https:\/\/www.facebook.com\/profile.php?id=61564954260683","article_modified_time":"2026-04-18T19:24:28+00:00","og_image":[{"width":500,"height":500,"url":"https:\/\/cosmeticstoredz.com\/wp-content\/uploads\/2026\/02\/Cosmetic-2025-02-06T132040.921.png","type":"image\/png"}],"twitter_card":"summary_large_image","schema":{"@context":"https:\/\/schema.org","@graph":[{"@type":"WebPage","@id":"https:\/\/cosmeticstoredz.com\/produit\/sheglam-fard-a-joues-liquide-color-bloom-love-cake\/","url":"https:\/\/cosmeticstoredz.com\/produit\/sheglam-fard-a-joues-liquide-color-bloom-love-cake\/","name":"SHEGLAM FARD A JOUES LIQUIDE COLOR BLOOM LOVE CAKE - Cosmetic Store","isPartOf":{"@id":"https:\/\/cosmeticstoredz.com\/#website"},"primaryImageOfPage":{"@id":"https:\/\/cosmeticstoredz.com\/produit\/sheglam-fard-a-joues-liquide-color-bloom-love-cake\/#primaryimage"},"image":{"@id":"https:\/\/cosmeticstoredz.com\/produit\/sheglam-fard-a-joues-liquide-color-bloom-love-cake\/#primaryimage"},"thumbnailUrl":"https:\/\/cosmeticstoredz.com\/wp-content\/uploads\/2026\/02\/Cosmetic-2025-02-06T132040.921.png","datePublished":"2025-06-04T18:37:12+00:00","dateModified":"2026-04-18T19:24:28+00:00","breadcrumb":{"@id":"https:\/\/cosmeticstoredz.com\/produit\/sheglam-fard-a-joues-liquide-color-bloom-love-cake\/#breadcrumb"},"inLanguage":"ar","potentialAction":[{"@type":"ReadAction","target":["https:\/\/cosmeticstoredz.com\/produit\/sheglam-fard-a-joues-liquide-color-bloom-love-cake\/"]}]},{"@type":"ImageObject","inLanguage":"ar","@id":"https:\/\/cosmeticstoredz.com\/produit\/sheglam-fard-a-joues-liquide-color-bloom-love-cake\/#primaryimage","url":"https:\/\/cosmeticstoredz.com\/wp-content\/uploads\/2026\/02\/Cosmetic-2025-02-06T132040.921.png","contentUrl":"https:\/\/cosmeticstoredz.com\/wp-content\/uploads\/2026\/02\/Cosmetic-2025-02-06T132040.921.png","width":500,"height":500},{"@type":"BreadcrumbList","@id":"https:\/\/cosmeticstoredz.com\/produit\/sheglam-fard-a-joues-liquide-color-bloom-love-cake\/#breadcrumb","itemListElement":[{"@type":"ListItem","position":1,"name":"Accueil","item":"https:\/\/cosmeticstoredz.com\/"},{"@type":"ListItem","position":2,"name":"Boutique","item":"https:\/\/cosmeticstoredz.com\/boutique\/"},{"@type":"ListItem","position":3,"name":"SHEGLAM FARD A JOUES LIQUIDE COLOR BLOOM LOVE CAKE"}]},{"@type":"WebSite","@id":"https:\/\/cosmeticstoredz.com\/#website","url":"https:\/\/cosmeticstoredz.com\/","name":"Cosmetic Store","description":"","publisher":{"@id":"https:\/\/cosmeticstoredz.com\/#organization"},"potentialAction":[{"@type":"SearchAction","target":{"@type":"EntryPoint","urlTemplate":"https:\/\/cosmeticstoredz.com\/?s={search_term_string}"},"query-input":{"@type":"PropertyValueSpecification","valueRequired":true,"valueName":"search_term_string"}}],"inLanguage":"ar"},{"@type":"Organization","@id":"https:\/\/cosmeticstoredz.com\/#organization","name":"Cosmetic Store","url":"https:\/\/cosmeticstoredz.com\/","logo":{"@type":"ImageObject","inLanguage":"ar","@id":"https:\/\/cosmeticstoredz.com\/#\/schema\/logo\/image\/","url":"https:\/\/cosmeticstoredz.com\/wp-content\/uploads\/2026\/02\/cropped-LOGO_CS-512x512-1-1-e1771275285345.webp","contentUrl":"https:\/\/cosmeticstoredz.com\/wp-content\/uploads\/2026\/02\/cropped-LOGO_CS-512x512-1-1-e1771275285345.webp","width":265,"height":319,"caption":"Cosmetic Store"},"image":{"@id":"https:\/\/cosmeticstoredz.com\/#\/schema\/logo\/image\/"},"sameAs":["https:\/\/www.facebook.com\/profile.php?id=61564954260683","https:\/\/www.instagram.com\/cosmetic.storedz\/"]}]}},"_links":{"self":[{"href":"https:\/\/cosmeticstoredz.com\/ar\/wp-json\/wp\/v2\/product\/5875","targetHints":{"allow":["GET"]}}],"collection":[{"href":"https:\/\/cosmeticstoredz.com\/ar\/wp-json\/wp\/v2\/product"}],"about":[{"href":"https:\/\/cosmeticstoredz.com\/ar\/wp-json\/wp\/v2\/types\/product"}],"replies":[{"embeddable":true,"href":"https:\/\/cosmeticstoredz.com\/ar\/wp-json\/wp\/v2\/comments?post=5875"}],"version-history":[{"count":1,"href":"https:\/\/cosmeticstoredz.com\/ar\/wp-json\/wp\/v2\/product\/5875\/revisions"}],"predecessor-version":[{"id":20189,"href":"https:\/\/cosmeticstoredz.com\/ar\/wp-json\/wp\/v2\/product\/5875\/revisions\/20189"}],"wp:featuredmedia":[{"embeddable":true,"href":"https:\/\/cosmeticstoredz.com\/ar\/wp-json\/wp\/v2\/media\/20188"}],"wp:attachment":[{"href":"https:\/\/cosmeticstoredz.com\/ar\/wp-json\/wp\/v2\/media?parent=5875"}],"wp:term":[{"taxonomy":"product_brand","embeddable":true,"href":"https:\/\/cosmeticstoredz.com\/ar\/wp-json\/wp\/v2\/product_brand?post=5875"},{"taxonomy":"product_cat","embeddable":true,"href":"https:\/\/cosmeticstoredz.com\/ar\/wp-json\/wp\/v2\/product_cat?post=5875"},{"taxonomy":"product_tag","embeddable":true,"href":"https:\/\/cosmeticstoredz.com\/ar\/wp-json\/wp\/v2\/product_tag?post=5875"}],"curies":[{"name":"wp","href":"https:\/\/api.w.org\/{rel}","templated":true}]}}