{"id":5871,"date":"2025-06-04T18:37:11","date_gmt":"2025-06-04T18:37:11","guid":{"rendered":"https:\/\/test.fitnessworldgym27.com\/?post_type=product&#038;p=5871"},"modified":"2026-03-30T19:24:03","modified_gmt":"2026-03-30T19:24:03","slug":"dermoviva-gommage-the-vert","status":"publish","type":"product","link":"https:\/\/cosmeticstoredz.com\/ar\/product\/dermoviva-gommage-the-vert\/","title":{"rendered":"DERMOVIVA GOMMAGE THE VERT"},"content":{"rendered":"","protected":false},"excerpt":{"rendered":"<p>\u200b<span class=\"relative -mx-px my-[-0.2rem] rounded px-px py-[0.2rem] transition-colors duration-100 ease-in-out\">Le <strong data-start=\"3\" data-end=\"59\">DermoViva Oil Control Purifying Green Tea Face Scrub<\/strong> est un exfoliant con\u00e7u pour purifier la peau et r\u00e9guler l&rsquo;exc\u00e8s de s\u00e9bum.<\/span> <span class=\"relative -mx-px my-[-0.2rem] rounded px-px py-[0.2rem] transition-colors duration-100 ease-in-out\">Enrichi en th\u00e9 vert, reconnu pour ses propri\u00e9t\u00e9s d\u00e9toxifiantes, ce gommage aide \u00e0 renforcer le collag\u00e8ne, d\u00e9sobstruer les pores et traiter l&rsquo;acn\u00e9 en contr\u00f4lant la production de s\u00e9bum.<\/span><\/p>\n","protected":false},"featured_media":20180,"comment_status":"closed","ping_status":"closed","template":"","meta":[],"product_brand":[],"product_cat":[172,75,94,81],"product_tag":[],"class_list":{"0":"post-5871","1":"product","2":"type-product","3":"status-publish","4":"has-post-thumbnail","6":"product_cat-dermoviva","7":"product_cat-femme","8":"product_cat-gommage-fc","9":"product_cat-soin-corps-f","11":"first","12":"outofstock","13":"sale","14":"shipping-taxable","15":"purchasable","16":"product-type-simple"},"_links":{"self":[{"href":"https:\/\/cosmeticstoredz.com\/ar\/wp-json\/wp\/v2\/product\/5871","targetHints":{"allow":["GET"]}}],"collection":[{"href":"https:\/\/cosmeticstoredz.com\/ar\/wp-json\/wp\/v2\/product"}],"about":[{"href":"https:\/\/cosmeticstoredz.com\/ar\/wp-json\/wp\/v2\/types\/product"}],"replies":[{"embeddable":true,"href":"https:\/\/cosmeticstoredz.com\/ar\/wp-json\/wp\/v2\/comments?post=5871"}],"version-history":[{"count":1,"href":"https:\/\/cosmeticstoredz.com\/ar\/wp-json\/wp\/v2\/product\/5871\/revisions"}],"predecessor-version":[{"id":20181,"href":"https:\/\/cosmeticstoredz.com\/ar\/wp-json\/wp\/v2\/product\/5871\/revisions\/20181"}],"wp:featuredmedia":[{"embeddable":true,"href":"https:\/\/cosmeticstoredz.com\/ar\/wp-json\/wp\/v2\/media\/20180"}],"wp:attachment":[{"href":"https:\/\/cosmeticstoredz.com\/ar\/wp-json\/wp\/v2\/media?parent=5871"}],"wp:term":[{"taxonomy":"product_brand","embeddable":true,"href":"https:\/\/cosmeticstoredz.com\/ar\/wp-json\/wp\/v2\/product_brand?post=5871"},{"taxonomy":"product_cat","embeddable":true,"href":"https:\/\/cosmeticstoredz.com\/ar\/wp-json\/wp\/v2\/product_cat?post=5871"},{"taxonomy":"product_tag","embeddable":true,"href":"https:\/\/cosmeticstoredz.com\/ar\/wp-json\/wp\/v2\/product_tag?post=5871"}],"curies":[{"name":"wp","href":"https:\/\/api.w.org\/{rel}","templated":true}]}}