{"id":5829,"date":"2025-06-04T18:36:49","date_gmt":"2025-06-04T18:36:49","guid":{"rendered":"https:\/\/test.fitnessworldgym27.com\/?post_type=product&#038;p=5829"},"modified":"2026-04-18T19:23:38","modified_gmt":"2026-04-18T19:23:38","slug":"miswak-herbal-toothpaste-7525g","status":"publish","type":"product","link":"https:\/\/cosmeticstoredz.com\/ar\/product\/miswak-herbal-toothpaste-7525g\/","title":{"rendered":"MISWAK HERBAL TOOTHPASTE  75+25G"},"content":{"rendered":"<p>Prenez soin de vos dents avec le pouvoir naturel du Miswak gr\u00e2ce au dentifrice Miswak Herbal. Enrichi en extraits de Miswak, connu pour ses propri\u00e9t\u00e9s antibact\u00e9riennes et protectrices, ce dentifrice nettoie en profondeur tout en renfor\u00e7ant vos gencives.<\/p>","protected":false},"excerpt":{"rendered":"<p>Prenez soin de vos dents avec le pouvoir naturel du Miswak gr\u00e2ce au dentifrice Miswak Herbal. Enrichi en extraits de Miswak, connu pour ses propri\u00e9t\u00e9s antibact\u00e9riennes et protectrices, ce dentifrice nettoie en profondeur tout en renfor\u00e7ant vos gencives.<\/p>\n<p>La formule \u00e0 base d&rsquo;herbes naturelles aide \u00e0 pr\u00e9venir les caries, \u00e0 r\u00e9duire la plaque dentaire et \u00e0 rafra\u00eechir votre haleine. Avec 75g de soin intensif et un bonus de 25g, vous profitez d&rsquo;une protection compl\u00e8te et durable pour des dents saines et un sourire \u00e9clatant.<\/p>","protected":false},"featured_media":20130,"comment_status":"open","ping_status":"closed","template":"","meta":[],"product_brand":[],"product_cat":[164,314,166,75,72,163],"product_tag":[],"class_list":{"0":"post-5829","1":"product","2":"type-product","3":"status-publish","4":"has-post-thumbnail","6":"product_cat-dentifirice","7":"product_cat-dentifrice-f","8":"product_cat-dentifrice-h","9":"product_cat-femme","10":"product_cat-homme","11":"product_cat-soin-dentaire","13":"first","14":"outofstock","15":"shipping-taxable","16":"purchasable","17":"product-type-simple"},"yoast_head":"<!-- This site is optimized with the Yoast SEO plugin v27.3 - https:\/\/yoast.com\/product\/yoast-seo-wordpress\/ -->\n<title>MISWAK HERBAL TOOTHPASTE 75+25G - Cosmetic Store<\/title>\n<meta name=\"robots\" content=\"index, follow, max-snippet:-1, max-image-preview:large, max-video-preview:-1\" \/>\n<link rel=\"canonical\" href=\"https:\/\/cosmeticstoredz.com\/ar\/product\/miswak-herbal-toothpaste-7525g\/\" \/>\n<meta property=\"og:locale\" content=\"ar_AR\" \/>\n<meta property=\"og:type\" content=\"article\" \/>\n<meta property=\"og:title\" content=\"MISWAK HERBAL TOOTHPASTE 75+25G - Cosmetic Store\" \/>\n<meta property=\"og:description\" content=\"Prenez soin de vos dents avec le pouvoir naturel du Miswak gr\u00e2ce au dentifrice Miswak Herbal. Enrichi en extraits de Miswak, connu pour ses propri\u00e9t\u00e9s antibact\u00e9riennes et protectrices, ce dentifrice nettoie en profondeur tout en renfor\u00e7ant vos gencives.  La formule \u00e0 base d&#039;herbes naturelles aide \u00e0 pr\u00e9venir les caries, \u00e0 r\u00e9duire la plaque dentaire et \u00e0 rafra\u00eechir votre haleine. Avec 75g de soin intensif et un bonus de 25g, vous profitez d&#039;une protection compl\u00e8te et durable pour des dents saines et un sourire \u00e9clatant.\" \/>\n<meta property=\"og:url\" content=\"https:\/\/cosmeticstoredz.com\/ar\/product\/miswak-herbal-toothpaste-7525g\/\" \/>\n<meta property=\"og:site_name\" content=\"Cosmetic Store\" \/>\n<meta property=\"article:publisher\" content=\"https:\/\/www.facebook.com\/profile.php?id=61564954260683\" \/>\n<meta property=\"article:modified_time\" content=\"2026-04-18T19:23:38+00:00\" \/>\n<meta property=\"og:image\" content=\"https:\/\/cosmeticstoredz.com\/wp-content\/uploads\/2026\/02\/CC-292.png\" \/>\n\t<meta property=\"og:image:width\" content=\"1563\" \/>\n\t<meta property=\"og:image:height\" content=\"1563\" \/>\n\t<meta property=\"og:image:type\" content=\"image\/png\" \/>\n<meta name=\"twitter:card\" content=\"summary_large_image\" \/>\n<script type=\"application\/ld+json\" class=\"yoast-schema-graph\">{\"@context\":\"https:\\\/\\\/schema.org\",\"@graph\":[{\"@type\":\"WebPage\",\"@id\":\"https:\\\/\\\/cosmeticstoredz.com\\\/produit\\\/miswak-herbal-toothpaste-7525g\\\/\",\"url\":\"https:\\\/\\\/cosmeticstoredz.com\\\/produit\\\/miswak-herbal-toothpaste-7525g\\\/\",\"name\":\"MISWAK HERBAL TOOTHPASTE 75+25G - Cosmetic Store\",\"isPartOf\":{\"@id\":\"https:\\\/\\\/cosmeticstoredz.com\\\/#website\"},\"primaryImageOfPage\":{\"@id\":\"https:\\\/\\\/cosmeticstoredz.com\\\/produit\\\/miswak-herbal-toothpaste-7525g\\\/#primaryimage\"},\"image\":{\"@id\":\"https:\\\/\\\/cosmeticstoredz.com\\\/produit\\\/miswak-herbal-toothpaste-7525g\\\/#primaryimage\"},\"thumbnailUrl\":\"https:\\\/\\\/cosmeticstoredz.com\\\/wp-content\\\/uploads\\\/2026\\\/02\\\/CC-292.png\",\"datePublished\":\"2025-06-04T18:36:49+00:00\",\"dateModified\":\"2026-04-18T19:23:38+00:00\",\"breadcrumb\":{\"@id\":\"https:\\\/\\\/cosmeticstoredz.com\\\/produit\\\/miswak-herbal-toothpaste-7525g\\\/#breadcrumb\"},\"inLanguage\":\"ar\",\"potentialAction\":[{\"@type\":\"ReadAction\",\"target\":[\"https:\\\/\\\/cosmeticstoredz.com\\\/produit\\\/miswak-herbal-toothpaste-7525g\\\/\"]}]},{\"@type\":\"ImageObject\",\"inLanguage\":\"ar\",\"@id\":\"https:\\\/\\\/cosmeticstoredz.com\\\/produit\\\/miswak-herbal-toothpaste-7525g\\\/#primaryimage\",\"url\":\"https:\\\/\\\/cosmeticstoredz.com\\\/wp-content\\\/uploads\\\/2026\\\/02\\\/CC-292.png\",\"contentUrl\":\"https:\\\/\\\/cosmeticstoredz.com\\\/wp-content\\\/uploads\\\/2026\\\/02\\\/CC-292.png\",\"width\":1563,\"height\":1563},{\"@type\":\"BreadcrumbList\",\"@id\":\"https:\\\/\\\/cosmeticstoredz.com\\\/produit\\\/miswak-herbal-toothpaste-7525g\\\/#breadcrumb\",\"itemListElement\":[{\"@type\":\"ListItem\",\"position\":1,\"name\":\"Accueil\",\"item\":\"https:\\\/\\\/cosmeticstoredz.com\\\/\"},{\"@type\":\"ListItem\",\"position\":2,\"name\":\"Boutique\",\"item\":\"https:\\\/\\\/cosmeticstoredz.com\\\/boutique\\\/\"},{\"@type\":\"ListItem\",\"position\":3,\"name\":\"MISWAK HERBAL TOOTHPASTE 75+25G\"}]},{\"@type\":\"WebSite\",\"@id\":\"https:\\\/\\\/cosmeticstoredz.com\\\/#website\",\"url\":\"https:\\\/\\\/cosmeticstoredz.com\\\/\",\"name\":\"Cosmetic Store\",\"description\":\"\",\"publisher\":{\"@id\":\"https:\\\/\\\/cosmeticstoredz.com\\\/#organization\"},\"potentialAction\":[{\"@type\":\"SearchAction\",\"target\":{\"@type\":\"EntryPoint\",\"urlTemplate\":\"https:\\\/\\\/cosmeticstoredz.com\\\/?s={search_term_string}\"},\"query-input\":{\"@type\":\"PropertyValueSpecification\",\"valueRequired\":true,\"valueName\":\"search_term_string\"}}],\"inLanguage\":\"ar\"},{\"@type\":\"Organization\",\"@id\":\"https:\\\/\\\/cosmeticstoredz.com\\\/#organization\",\"name\":\"Cosmetic Store\",\"url\":\"https:\\\/\\\/cosmeticstoredz.com\\\/\",\"logo\":{\"@type\":\"ImageObject\",\"inLanguage\":\"ar\",\"@id\":\"https:\\\/\\\/cosmeticstoredz.com\\\/#\\\/schema\\\/logo\\\/image\\\/\",\"url\":\"https:\\\/\\\/cosmeticstoredz.com\\\/wp-content\\\/uploads\\\/2026\\\/02\\\/cropped-LOGO_CS-512x512-1-1-e1771275285345.webp\",\"contentUrl\":\"https:\\\/\\\/cosmeticstoredz.com\\\/wp-content\\\/uploads\\\/2026\\\/02\\\/cropped-LOGO_CS-512x512-1-1-e1771275285345.webp\",\"width\":265,\"height\":319,\"caption\":\"Cosmetic Store\"},\"image\":{\"@id\":\"https:\\\/\\\/cosmeticstoredz.com\\\/#\\\/schema\\\/logo\\\/image\\\/\"},\"sameAs\":[\"https:\\\/\\\/www.facebook.com\\\/profile.php?id=61564954260683\",\"https:\\\/\\\/www.instagram.com\\\/cosmetic.storedz\\\/\"]}]}<\/script>\n<!-- \/ Yoast SEO plugin. -->","yoast_head_json":{"title":"MISWAK HERBAL TOOTHPASTE 75+25G - Cosmetic Store","robots":{"index":"index","follow":"follow","max-snippet":"max-snippet:-1","max-image-preview":"max-image-preview:large","max-video-preview":"max-video-preview:-1"},"canonical":"https:\/\/cosmeticstoredz.com\/ar\/product\/miswak-herbal-toothpaste-7525g\/","og_locale":"ar_AR","og_type":"article","og_title":"MISWAK HERBAL TOOTHPASTE 75+25G - Cosmetic Store","og_description":"Prenez soin de vos dents avec le pouvoir naturel du Miswak gr\u00e2ce au dentifrice Miswak Herbal. Enrichi en extraits de Miswak, connu pour ses propri\u00e9t\u00e9s antibact\u00e9riennes et protectrices, ce dentifrice nettoie en profondeur tout en renfor\u00e7ant vos gencives.  La formule \u00e0 base d'herbes naturelles aide \u00e0 pr\u00e9venir les caries, \u00e0 r\u00e9duire la plaque dentaire et \u00e0 rafra\u00eechir votre haleine. Avec 75g de soin intensif et un bonus de 25g, vous profitez d'une protection compl\u00e8te et durable pour des dents saines et un sourire \u00e9clatant.","og_url":"https:\/\/cosmeticstoredz.com\/ar\/product\/miswak-herbal-toothpaste-7525g\/","og_site_name":"Cosmetic Store","article_publisher":"https:\/\/www.facebook.com\/profile.php?id=61564954260683","article_modified_time":"2026-04-18T19:23:38+00:00","og_image":[{"width":1563,"height":1563,"url":"https:\/\/cosmeticstoredz.com\/wp-content\/uploads\/2026\/02\/CC-292.png","type":"image\/png"}],"twitter_card":"summary_large_image","schema":{"@context":"https:\/\/schema.org","@graph":[{"@type":"WebPage","@id":"https:\/\/cosmeticstoredz.com\/produit\/miswak-herbal-toothpaste-7525g\/","url":"https:\/\/cosmeticstoredz.com\/produit\/miswak-herbal-toothpaste-7525g\/","name":"MISWAK HERBAL TOOTHPASTE 75+25G - Cosmetic Store","isPartOf":{"@id":"https:\/\/cosmeticstoredz.com\/#website"},"primaryImageOfPage":{"@id":"https:\/\/cosmeticstoredz.com\/produit\/miswak-herbal-toothpaste-7525g\/#primaryimage"},"image":{"@id":"https:\/\/cosmeticstoredz.com\/produit\/miswak-herbal-toothpaste-7525g\/#primaryimage"},"thumbnailUrl":"https:\/\/cosmeticstoredz.com\/wp-content\/uploads\/2026\/02\/CC-292.png","datePublished":"2025-06-04T18:36:49+00:00","dateModified":"2026-04-18T19:23:38+00:00","breadcrumb":{"@id":"https:\/\/cosmeticstoredz.com\/produit\/miswak-herbal-toothpaste-7525g\/#breadcrumb"},"inLanguage":"ar","potentialAction":[{"@type":"ReadAction","target":["https:\/\/cosmeticstoredz.com\/produit\/miswak-herbal-toothpaste-7525g\/"]}]},{"@type":"ImageObject","inLanguage":"ar","@id":"https:\/\/cosmeticstoredz.com\/produit\/miswak-herbal-toothpaste-7525g\/#primaryimage","url":"https:\/\/cosmeticstoredz.com\/wp-content\/uploads\/2026\/02\/CC-292.png","contentUrl":"https:\/\/cosmeticstoredz.com\/wp-content\/uploads\/2026\/02\/CC-292.png","width":1563,"height":1563},{"@type":"BreadcrumbList","@id":"https:\/\/cosmeticstoredz.com\/produit\/miswak-herbal-toothpaste-7525g\/#breadcrumb","itemListElement":[{"@type":"ListItem","position":1,"name":"Accueil","item":"https:\/\/cosmeticstoredz.com\/"},{"@type":"ListItem","position":2,"name":"Boutique","item":"https:\/\/cosmeticstoredz.com\/boutique\/"},{"@type":"ListItem","position":3,"name":"MISWAK HERBAL TOOTHPASTE 75+25G"}]},{"@type":"WebSite","@id":"https:\/\/cosmeticstoredz.com\/#website","url":"https:\/\/cosmeticstoredz.com\/","name":"Cosmetic Store","description":"","publisher":{"@id":"https:\/\/cosmeticstoredz.com\/#organization"},"potentialAction":[{"@type":"SearchAction","target":{"@type":"EntryPoint","urlTemplate":"https:\/\/cosmeticstoredz.com\/?s={search_term_string}"},"query-input":{"@type":"PropertyValueSpecification","valueRequired":true,"valueName":"search_term_string"}}],"inLanguage":"ar"},{"@type":"Organization","@id":"https:\/\/cosmeticstoredz.com\/#organization","name":"Cosmetic Store","url":"https:\/\/cosmeticstoredz.com\/","logo":{"@type":"ImageObject","inLanguage":"ar","@id":"https:\/\/cosmeticstoredz.com\/#\/schema\/logo\/image\/","url":"https:\/\/cosmeticstoredz.com\/wp-content\/uploads\/2026\/02\/cropped-LOGO_CS-512x512-1-1-e1771275285345.webp","contentUrl":"https:\/\/cosmeticstoredz.com\/wp-content\/uploads\/2026\/02\/cropped-LOGO_CS-512x512-1-1-e1771275285345.webp","width":265,"height":319,"caption":"Cosmetic Store"},"image":{"@id":"https:\/\/cosmeticstoredz.com\/#\/schema\/logo\/image\/"},"sameAs":["https:\/\/www.facebook.com\/profile.php?id=61564954260683","https:\/\/www.instagram.com\/cosmetic.storedz\/"]}]}},"_links":{"self":[{"href":"https:\/\/cosmeticstoredz.com\/ar\/wp-json\/wp\/v2\/product\/5829","targetHints":{"allow":["GET"]}}],"collection":[{"href":"https:\/\/cosmeticstoredz.com\/ar\/wp-json\/wp\/v2\/product"}],"about":[{"href":"https:\/\/cosmeticstoredz.com\/ar\/wp-json\/wp\/v2\/types\/product"}],"replies":[{"embeddable":true,"href":"https:\/\/cosmeticstoredz.com\/ar\/wp-json\/wp\/v2\/comments?post=5829"}],"version-history":[{"count":1,"href":"https:\/\/cosmeticstoredz.com\/ar\/wp-json\/wp\/v2\/product\/5829\/revisions"}],"predecessor-version":[{"id":20131,"href":"https:\/\/cosmeticstoredz.com\/ar\/wp-json\/wp\/v2\/product\/5829\/revisions\/20131"}],"wp:featuredmedia":[{"embeddable":true,"href":"https:\/\/cosmeticstoredz.com\/ar\/wp-json\/wp\/v2\/media\/20130"}],"wp:attachment":[{"href":"https:\/\/cosmeticstoredz.com\/ar\/wp-json\/wp\/v2\/media?parent=5829"}],"wp:term":[{"taxonomy":"product_brand","embeddable":true,"href":"https:\/\/cosmeticstoredz.com\/ar\/wp-json\/wp\/v2\/product_brand?post=5829"},{"taxonomy":"product_cat","embeddable":true,"href":"https:\/\/cosmeticstoredz.com\/ar\/wp-json\/wp\/v2\/product_cat?post=5829"},{"taxonomy":"product_tag","embeddable":true,"href":"https:\/\/cosmeticstoredz.com\/ar\/wp-json\/wp\/v2\/product_tag?post=5829"}],"curies":[{"name":"wp","href":"https:\/\/api.w.org\/{rel}","templated":true}]}}