{"id":5784,"date":"2025-06-04T18:36:40","date_gmt":"2025-06-04T18:36:40","guid":{"rendered":"https:\/\/test.fitnessworldgym27.com\/?post_type=product&#038;p=5784"},"modified":"2026-04-07T16:28:52","modified_gmt":"2026-04-07T16:28:52","slug":"touche-booster-declat-vitamine-c-11","status":"publish","type":"product","link":"https:\/\/cosmeticstoredz.com\/ar\/product\/touche-booster-declat-vitamine-c-11\/","title":{"rendered":"TOUCHE BOOSTER D&rsquo;ECLAT VITAMINE C 11%"},"content":{"rendered":"","protected":false},"excerpt":{"rendered":"<p>Touch\u00e9 Booster d&rsquo;\u00c9clat Vitamine C 11%\u00a0 un soin con\u00e7u pour illuminer la peau et unifier le teint gr\u00e2ce \u00e0 la vitamine C.<\/p>","protected":false},"featured_media":20094,"comment_status":"open","ping_status":"closed","template":"","meta":[],"product_brand":[458],"product_cat":[75,77,76,337],"product_tag":[],"class_list":{"0":"post-5784","1":"product","2":"type-product","3":"status-publish","4":"has-post-thumbnail","6":"product_brand-touche","7":"product_cat-femme","8":"product_cat-serum-fv","9":"product_cat-soin-visage-f","10":"product_cat-touche","12":"first","13":"instock","14":"shipping-taxable","15":"purchasable","16":"product-type-simple"},"_links":{"self":[{"href":"https:\/\/cosmeticstoredz.com\/ar\/wp-json\/wp\/v2\/product\/5784","targetHints":{"allow":["GET"]}}],"collection":[{"href":"https:\/\/cosmeticstoredz.com\/ar\/wp-json\/wp\/v2\/product"}],"about":[{"href":"https:\/\/cosmeticstoredz.com\/ar\/wp-json\/wp\/v2\/types\/product"}],"replies":[{"embeddable":true,"href":"https:\/\/cosmeticstoredz.com\/ar\/wp-json\/wp\/v2\/comments?post=5784"}],"version-history":[{"count":1,"href":"https:\/\/cosmeticstoredz.com\/ar\/wp-json\/wp\/v2\/product\/5784\/revisions"}],"predecessor-version":[{"id":20095,"href":"https:\/\/cosmeticstoredz.com\/ar\/wp-json\/wp\/v2\/product\/5784\/revisions\/20095"}],"wp:featuredmedia":[{"embeddable":true,"href":"https:\/\/cosmeticstoredz.com\/ar\/wp-json\/wp\/v2\/media\/20094"}],"wp:attachment":[{"href":"https:\/\/cosmeticstoredz.com\/ar\/wp-json\/wp\/v2\/media?parent=5784"}],"wp:term":[{"taxonomy":"product_brand","embeddable":true,"href":"https:\/\/cosmeticstoredz.com\/ar\/wp-json\/wp\/v2\/product_brand?post=5784"},{"taxonomy":"product_cat","embeddable":true,"href":"https:\/\/cosmeticstoredz.com\/ar\/wp-json\/wp\/v2\/product_cat?post=5784"},{"taxonomy":"product_tag","embeddable":true,"href":"https:\/\/cosmeticstoredz.com\/ar\/wp-json\/wp\/v2\/product_tag?post=5784"}],"curies":[{"name":"wp","href":"https:\/\/api.w.org\/{rel}","templated":true}]}}