{"id":5778,"date":"2025-06-04T18:36:40","date_gmt":"2025-06-04T18:36:40","guid":{"rendered":"https:\/\/test.fitnessworldgym27.com\/?post_type=product&#038;p=5778"},"modified":"2026-03-30T19:28:05","modified_gmt":"2026-03-30T19:28:05","slug":"touche-gel-douche-anti-imperfection","status":"publish","type":"product","link":"https:\/\/cosmeticstoredz.com\/ar\/product\/touche-gel-douche-anti-imperfection\/","title":{"rendered":"TOUCHE GEL DOUCHE ANTI IMPERFECTION"},"content":{"rendered":"","protected":false},"excerpt":{"rendered":"<p>Le \u00ab\u00a0Touch\u00e9 Gel Douche Anti-Imperfection\u00a0\u00bb semble \u00eatre un gel douche con\u00e7u pour aider \u00e0 pr\u00e9venir ou traiter les imperfections de la peau tout en nettoyant en douceur. Voici quelques suggestions pour le promouvoir.<\/p>","protected":false},"featured_media":20082,"comment_status":"open","ping_status":"closed","template":"","meta":[],"product_brand":[458],"product_cat":[75,169,74,72,81,73,337],"product_tag":[],"class_list":{"0":"post-5778","1":"product","2":"type-product","3":"status-publish","4":"has-post-thumbnail","6":"product_brand-touche","7":"product_cat-femme","8":"product_cat-gel-douche-f","9":"product_cat-gel-douche-h","10":"product_cat-homme","11":"product_cat-soin-corps-f","12":"product_cat-soin-corps-h","13":"product_cat-touche","15":"first","16":"outofstock","17":"shipping-taxable","18":"purchasable","19":"product-type-simple"},"_links":{"self":[{"href":"https:\/\/cosmeticstoredz.com\/ar\/wp-json\/wp\/v2\/product\/5778","targetHints":{"allow":["GET"]}}],"collection":[{"href":"https:\/\/cosmeticstoredz.com\/ar\/wp-json\/wp\/v2\/product"}],"about":[{"href":"https:\/\/cosmeticstoredz.com\/ar\/wp-json\/wp\/v2\/types\/product"}],"replies":[{"embeddable":true,"href":"https:\/\/cosmeticstoredz.com\/ar\/wp-json\/wp\/v2\/comments?post=5778"}],"version-history":[{"count":1,"href":"https:\/\/cosmeticstoredz.com\/ar\/wp-json\/wp\/v2\/product\/5778\/revisions"}],"predecessor-version":[{"id":20083,"href":"https:\/\/cosmeticstoredz.com\/ar\/wp-json\/wp\/v2\/product\/5778\/revisions\/20083"}],"wp:featuredmedia":[{"embeddable":true,"href":"https:\/\/cosmeticstoredz.com\/ar\/wp-json\/wp\/v2\/media\/20082"}],"wp:attachment":[{"href":"https:\/\/cosmeticstoredz.com\/ar\/wp-json\/wp\/v2\/media?parent=5778"}],"wp:term":[{"taxonomy":"product_brand","embeddable":true,"href":"https:\/\/cosmeticstoredz.com\/ar\/wp-json\/wp\/v2\/product_brand?post=5778"},{"taxonomy":"product_cat","embeddable":true,"href":"https:\/\/cosmeticstoredz.com\/ar\/wp-json\/wp\/v2\/product_cat?post=5778"},{"taxonomy":"product_tag","embeddable":true,"href":"https:\/\/cosmeticstoredz.com\/ar\/wp-json\/wp\/v2\/product_tag?post=5778"}],"curies":[{"name":"wp","href":"https:\/\/api.w.org\/{rel}","templated":true}]}}