{"id":5777,"date":"2025-06-04T18:36:40","date_gmt":"2025-06-04T18:36:40","guid":{"rendered":"https:\/\/test.fitnessworldgym27.com\/?post_type=product&#038;p=5777"},"modified":"2026-04-07T16:28:51","modified_gmt":"2026-04-07T16:28:51","slug":"touche-anti-acne","status":"publish","type":"product","link":"https:\/\/cosmeticstoredz.com\/ar\/product\/touche-anti-acne\/","title":{"rendered":"TOUCHE ANTI ACNE"},"content":{"rendered":"","protected":false},"excerpt":{"rendered":"<div class=\"product__block aos-animate\" data-aos=\"hero\" data-aos-anchor=\"#productTemplate--template--23007335055640__main\" data-aos-order=\"8\">\n<div class=\"product__subheading\">\n<p><strong>S\u00e9rum anti-acn\u00e9 \u00e0 l&rsquo;huile de figue de barbarie et \u00e0 l&rsquo;huile de tea tree.<\/strong><\/p>\n<p><strong>Pr\u00e9serve la peau de l&rsquo;acn\u00e9.<\/strong><\/p>\n<\/div>\n<\/div>\n<div class=\"product__block aos-animate\" data-aos=\"hero\" data-aos-anchor=\"#productTemplate--template--23007335055640__main\" data-aos-order=\"9\">\n<div class=\"product__icon__row\">\n<div class=\"product__icon__text\">\u00c9limine les boutons d&rsquo;acn\u00e9<\/div>\n<\/div>\n<\/div>\n<div class=\"product__block aos-animate\" data-aos=\"hero\" data-aos-anchor=\"#productTemplate--template--23007335055640__main\" data-aos-order=\"10\">\n<div class=\"product__icon__row\">\n<div class=\"product__icon__text\">Aide \u00e0 la cicatrisation<\/div>\n<\/div>\n<\/div>\n<div class=\"product__block aos-animate\" data-aos=\"hero\" data-aos-anchor=\"#productTemplate--template--23007335055640__main\" data-aos-order=\"11\">\n<div class=\"product__icon__row\">\n<div class=\"product__icon__text\">R\u00e9gule la production de s\u00e9bum<\/div>\n<\/div>\n<\/div>\n<div class=\"product__block aos-animate\" data-aos=\"hero\" data-aos-anchor=\"#productTemplate--template--23007335055640__main\" data-aos-order=\"12\">\n<div class=\"product__subheading\">\n<p><strong>Compatible avec les peaux acn\u00e9iques.<br \/>\nConvient \u00e0 tous les types de peau.<\/strong><\/p>\n<\/div>\n<\/div>","protected":false},"featured_media":20080,"comment_status":"open","ping_status":"closed","template":"","meta":[],"product_brand":[458],"product_cat":[75,200,77,76,337],"product_tag":[],"class_list":{"0":"post-5777","1":"product","2":"type-product","3":"status-publish","4":"has-post-thumbnail","6":"product_brand-touche","7":"product_cat-femme","8":"product_cat-serum","9":"product_cat-serum-fv","10":"product_cat-soin-visage-f","11":"product_cat-touche","13":"first","14":"outofstock","15":"shipping-taxable","16":"purchasable","17":"product-type-simple"},"_links":{"self":[{"href":"https:\/\/cosmeticstoredz.com\/ar\/wp-json\/wp\/v2\/product\/5777","targetHints":{"allow":["GET"]}}],"collection":[{"href":"https:\/\/cosmeticstoredz.com\/ar\/wp-json\/wp\/v2\/product"}],"about":[{"href":"https:\/\/cosmeticstoredz.com\/ar\/wp-json\/wp\/v2\/types\/product"}],"replies":[{"embeddable":true,"href":"https:\/\/cosmeticstoredz.com\/ar\/wp-json\/wp\/v2\/comments?post=5777"}],"version-history":[{"count":1,"href":"https:\/\/cosmeticstoredz.com\/ar\/wp-json\/wp\/v2\/product\/5777\/revisions"}],"predecessor-version":[{"id":20081,"href":"https:\/\/cosmeticstoredz.com\/ar\/wp-json\/wp\/v2\/product\/5777\/revisions\/20081"}],"wp:featuredmedia":[{"embeddable":true,"href":"https:\/\/cosmeticstoredz.com\/ar\/wp-json\/wp\/v2\/media\/20080"}],"wp:attachment":[{"href":"https:\/\/cosmeticstoredz.com\/ar\/wp-json\/wp\/v2\/media?parent=5777"}],"wp:term":[{"taxonomy":"product_brand","embeddable":true,"href":"https:\/\/cosmeticstoredz.com\/ar\/wp-json\/wp\/v2\/product_brand?post=5777"},{"taxonomy":"product_cat","embeddable":true,"href":"https:\/\/cosmeticstoredz.com\/ar\/wp-json\/wp\/v2\/product_cat?post=5777"},{"taxonomy":"product_tag","embeddable":true,"href":"https:\/\/cosmeticstoredz.com\/ar\/wp-json\/wp\/v2\/product_tag?post=5777"}],"curies":[{"name":"wp","href":"https:\/\/api.w.org\/{rel}","templated":true}]}}