{"id":5776,"date":"2025-06-04T18:36:40","date_gmt":"2025-06-04T18:36:40","guid":{"rendered":"https:\/\/test.fitnessworldgym27.com\/?post_type=product&#038;p=5776"},"modified":"2026-04-07T16:28:51","modified_gmt":"2026-04-07T16:28:51","slug":"touche-acide-salicylique-10-anti-imperfection","status":"publish","type":"product","link":"https:\/\/cosmeticstoredz.com\/ar\/product\/touche-acide-salicylique-10-anti-imperfection\/","title":{"rendered":"TOUCHE ACIDE SALICYLIQUE 10% ANTI-IMPERFECTION"},"content":{"rendered":"","protected":false},"excerpt":{"rendered":"<div class=\"product__block aos-animate\" data-aos=\"hero\" data-aos-anchor=\"#productTemplate--template--23007335022872__main\" data-aos-order=\"7\">\n<div class=\"product__subheading\">\n<p><strong>Serum Acide Salicylique 10% pour Visage<\/strong><\/p>\n<p><strong>Pour une peau radieuse et sans imperfections<\/strong><\/p>\n<\/div>\n<\/div>\n<div class=\"product__block aos-animate\" data-aos=\"hero\" data-aos-anchor=\"#productTemplate--template--23007335022872__main\" data-aos-order=\"8\">\n<div class=\"product__icon__row\">\n<div class=\"product__icon__text\">Exfoliation Douce : \u00c9limine cellules mortes<\/div>\n<\/div>\n<\/div>\n<div class=\"product__block aos-animate\" data-aos=\"hero\" data-aos-anchor=\"#productTemplate--template--23007335022872__main\" data-aos-order=\"9\">\n<div class=\"product__icon__row\">\n<div class=\"product__icon__text\">Traite et pr\u00e9vient les \u00e9ruptions cutan\u00e9es, les points noirs et les points blancs.<\/div>\n<\/div>\n<\/div>\n<div class=\"product__block aos-animate\" data-aos=\"hero\" data-aos-anchor=\"#productTemplate--template--23007335022872__main\" data-aos-order=\"10\">\n<div class=\"product__icon__row\">\n<div class=\"product__icon__text\">Aide \u00e0 r\u00e9guler la production de s\u00e9bum<\/div>\n<\/div>\n<\/div>","protected":false},"featured_media":20078,"comment_status":"open","ping_status":"closed","template":"","meta":[],"product_brand":[458],"product_cat":[75,200,77,76,337],"product_tag":[],"class_list":{"0":"post-5776","1":"product","2":"type-product","3":"status-publish","4":"has-post-thumbnail","6":"product_brand-touche","7":"product_cat-femme","8":"product_cat-serum","9":"product_cat-serum-fv","10":"product_cat-soin-visage-f","11":"product_cat-touche","13":"first","14":"outofstock","15":"shipping-taxable","16":"purchasable","17":"product-type-simple"},"_links":{"self":[{"href":"https:\/\/cosmeticstoredz.com\/ar\/wp-json\/wp\/v2\/product\/5776","targetHints":{"allow":["GET"]}}],"collection":[{"href":"https:\/\/cosmeticstoredz.com\/ar\/wp-json\/wp\/v2\/product"}],"about":[{"href":"https:\/\/cosmeticstoredz.com\/ar\/wp-json\/wp\/v2\/types\/product"}],"replies":[{"embeddable":true,"href":"https:\/\/cosmeticstoredz.com\/ar\/wp-json\/wp\/v2\/comments?post=5776"}],"version-history":[{"count":1,"href":"https:\/\/cosmeticstoredz.com\/ar\/wp-json\/wp\/v2\/product\/5776\/revisions"}],"predecessor-version":[{"id":20079,"href":"https:\/\/cosmeticstoredz.com\/ar\/wp-json\/wp\/v2\/product\/5776\/revisions\/20079"}],"wp:featuredmedia":[{"embeddable":true,"href":"https:\/\/cosmeticstoredz.com\/ar\/wp-json\/wp\/v2\/media\/20078"}],"wp:attachment":[{"href":"https:\/\/cosmeticstoredz.com\/ar\/wp-json\/wp\/v2\/media?parent=5776"}],"wp:term":[{"taxonomy":"product_brand","embeddable":true,"href":"https:\/\/cosmeticstoredz.com\/ar\/wp-json\/wp\/v2\/product_brand?post=5776"},{"taxonomy":"product_cat","embeddable":true,"href":"https:\/\/cosmeticstoredz.com\/ar\/wp-json\/wp\/v2\/product_cat?post=5776"},{"taxonomy":"product_tag","embeddable":true,"href":"https:\/\/cosmeticstoredz.com\/ar\/wp-json\/wp\/v2\/product_tag?post=5776"}],"curies":[{"name":"wp","href":"https:\/\/api.w.org\/{rel}","templated":true}]}}