{"id":5772,"date":"2025-06-04T18:36:40","date_gmt":"2025-06-04T18:36:40","guid":{"rendered":"https:\/\/test.fitnessworldgym27.com\/?post_type=product&#038;p=5772"},"modified":"2026-03-30T19:27:11","modified_gmt":"2026-03-30T19:27:11","slug":"magic-dream-mousse-depilatoire","status":"publish","type":"product","link":"https:\/\/cosmeticstoredz.com\/ar\/product\/magic-dream-mousse-depilatoire\/","title":{"rendered":"MAGIC DREAM MOUSSE DEPILATOIRE"},"content":{"rendered":"<h1>MAGIC DREAM MOUSSE DEPILATOIRE<\/h1>\n<p>Dites adieu aux poils ind\u00e9sirables avec la mousse d\u00e9pilatoire Magic Dream. Facile \u00e0 utiliser, cette mousse l\u00e9g\u00e8re \u00e9limine les poils efficacement tout en douceur, laissant votre peau lisse et soyeuse en quelques minutes<\/p>","protected":false},"excerpt":{"rendered":"<h1>MAGIC DREAM MOUSSE DEPILATOIRE<\/h1>\n<p>Dites adieu aux poils ind\u00e9sirables avec la mousse d\u00e9pilatoire Magic Dream. Facile \u00e0 utiliser, cette mousse l\u00e9g\u00e8re \u00e9limine les poils efficacement tout en douceur, laissant votre peau lisse et soyeuse en quelques minutes<\/p>","protected":false},"featured_media":20070,"comment_status":"open","ping_status":"closed","template":"","meta":[],"product_brand":[],"product_cat":[99,75,72,144,81,73],"product_tag":[],"class_list":{"0":"post-5772","1":"product","2":"type-product","3":"status-publish","4":"has-post-thumbnail","6":"product_cat-epilation","7":"product_cat-femme","8":"product_cat-homme","9":"product_cat-rasage-et-apres-rasage","10":"product_cat-soin-corps-f","11":"product_cat-soin-corps-h","13":"first","14":"outofstock","15":"shipping-taxable","16":"purchasable","17":"product-type-simple"},"_links":{"self":[{"href":"https:\/\/cosmeticstoredz.com\/ar\/wp-json\/wp\/v2\/product\/5772","targetHints":{"allow":["GET"]}}],"collection":[{"href":"https:\/\/cosmeticstoredz.com\/ar\/wp-json\/wp\/v2\/product"}],"about":[{"href":"https:\/\/cosmeticstoredz.com\/ar\/wp-json\/wp\/v2\/types\/product"}],"replies":[{"embeddable":true,"href":"https:\/\/cosmeticstoredz.com\/ar\/wp-json\/wp\/v2\/comments?post=5772"}],"version-history":[{"count":1,"href":"https:\/\/cosmeticstoredz.com\/ar\/wp-json\/wp\/v2\/product\/5772\/revisions"}],"predecessor-version":[{"id":20071,"href":"https:\/\/cosmeticstoredz.com\/ar\/wp-json\/wp\/v2\/product\/5772\/revisions\/20071"}],"wp:featuredmedia":[{"embeddable":true,"href":"https:\/\/cosmeticstoredz.com\/ar\/wp-json\/wp\/v2\/media\/20070"}],"wp:attachment":[{"href":"https:\/\/cosmeticstoredz.com\/ar\/wp-json\/wp\/v2\/media?parent=5772"}],"wp:term":[{"taxonomy":"product_brand","embeddable":true,"href":"https:\/\/cosmeticstoredz.com\/ar\/wp-json\/wp\/v2\/product_brand?post=5772"},{"taxonomy":"product_cat","embeddable":true,"href":"https:\/\/cosmeticstoredz.com\/ar\/wp-json\/wp\/v2\/product_cat?post=5772"},{"taxonomy":"product_tag","embeddable":true,"href":"https:\/\/cosmeticstoredz.com\/ar\/wp-json\/wp\/v2\/product_tag?post=5772"}],"curies":[{"name":"wp","href":"https:\/\/api.w.org\/{rel}","templated":true}]}}