{"id":5762,"date":"2025-06-04T18:36:39","date_gmt":"2025-06-04T18:36:39","guid":{"rendered":"https:\/\/test.fitnessworldgym27.com\/?post_type=product&#038;p=5762"},"modified":"2026-03-30T19:24:22","modified_gmt":"2026-03-30T19:24:22","slug":"dermactive-gommage-visage-abricot","status":"publish","type":"product","link":"https:\/\/cosmeticstoredz.com\/ar\/product\/dermactive-gommage-visage-abricot\/","title":{"rendered":"DERMACTIVE GOMMAGE VISAGE ABRICOT"},"content":{"rendered":"<p>Exfoliant \u00e0 l&rsquo;extrait d&rsquo;abricot qui est reconnu pour ses propri\u00e9t\u00e9s hydratantes et anti oxydantes gr\u00e2ce \u00e0 sa teneur en vitamine c<\/p>\n<p>Avec des agents exfoliants naturels qui nettoient<\/p>\n<p>Tonifient et \u00e9liminent les cellules mortes pour obtenir une peau plus lisse et intens\u00e9ment soign\u00e9e.<\/p>","protected":false},"excerpt":{"rendered":"<p class=\"mb-2 fs-20 fw-600\">Gommage rafra\u00eechissant \u00e0 l&rsquo;abricot pour visage sans paraben pour tous types de peaux, Dermactive, 150ML<\/p>","protected":false},"featured_media":20045,"comment_status":"closed","ping_status":"closed","template":"","meta":[],"product_brand":[406],"product_cat":[71,75,210,76],"product_tag":[],"class_list":{"0":"post-5762","1":"product","2":"type-product","3":"status-publish","4":"has-post-thumbnail","6":"product_brand-dermactive","7":"product_cat-dermactive","8":"product_cat-femme","9":"product_cat-gommage-fv","10":"product_cat-soin-visage-f","12":"first","13":"instock","14":"shipping-taxable","15":"purchasable","16":"product-type-simple"},"_links":{"self":[{"href":"https:\/\/cosmeticstoredz.com\/ar\/wp-json\/wp\/v2\/product\/5762","targetHints":{"allow":["GET"]}}],"collection":[{"href":"https:\/\/cosmeticstoredz.com\/ar\/wp-json\/wp\/v2\/product"}],"about":[{"href":"https:\/\/cosmeticstoredz.com\/ar\/wp-json\/wp\/v2\/types\/product"}],"replies":[{"embeddable":true,"href":"https:\/\/cosmeticstoredz.com\/ar\/wp-json\/wp\/v2\/comments?post=5762"}],"version-history":[{"count":1,"href":"https:\/\/cosmeticstoredz.com\/ar\/wp-json\/wp\/v2\/product\/5762\/revisions"}],"predecessor-version":[{"id":20048,"href":"https:\/\/cosmeticstoredz.com\/ar\/wp-json\/wp\/v2\/product\/5762\/revisions\/20048"}],"wp:featuredmedia":[{"embeddable":true,"href":"https:\/\/cosmeticstoredz.com\/ar\/wp-json\/wp\/v2\/media\/20045"}],"wp:attachment":[{"href":"https:\/\/cosmeticstoredz.com\/ar\/wp-json\/wp\/v2\/media?parent=5762"}],"wp:term":[{"taxonomy":"product_brand","embeddable":true,"href":"https:\/\/cosmeticstoredz.com\/ar\/wp-json\/wp\/v2\/product_brand?post=5762"},{"taxonomy":"product_cat","embeddable":true,"href":"https:\/\/cosmeticstoredz.com\/ar\/wp-json\/wp\/v2\/product_cat?post=5762"},{"taxonomy":"product_tag","embeddable":true,"href":"https:\/\/cosmeticstoredz.com\/ar\/wp-json\/wp\/v2\/product_tag?post=5762"}],"curies":[{"name":"wp","href":"https:\/\/api.w.org\/{rel}","templated":true}]}}