{"id":5706,"date":"2025-06-04T18:36:26","date_gmt":"2025-06-04T18:36:26","guid":{"rendered":"https:\/\/test.fitnessworldgym27.com\/?post_type=product&#038;p=5706"},"modified":"2026-03-30T19:24:21","modified_gmt":"2026-03-30T19:24:21","slug":"dermactive-gel-nettoyant-visage-200ml-au-charbon-peaux-normales-a-grasse","status":"publish","type":"product","link":"https:\/\/cosmeticstoredz.com\/ar\/product\/dermactive-gel-nettoyant-visage-200ml-au-charbon-peaux-normales-a-grasse\/","title":{"rendered":"DERMACTIVE GEL NETTOYANT VISAGE 200ML  AU CHARBON PEAUX NORMALES A GRASSE"},"content":{"rendered":"<h2 class=\"product-title\">Gel Nettoyant Visage en profondeur \u2013 Charbon<\/h2>\n<p>Gel nettoyant en profondeur DERMACTIVE au Charbon actif. La marque DERMACTIVE met au c\u0153ur de ses formules le Charbon, un ingr\u00e9dient r\u00e9put\u00e9 pour ses propri\u00e9t\u00e9s purificatrices et son efficacit\u00e9 contre les impuret\u00e9s et les pores incrust\u00e9s. Gr\u00e2ce \u00e0 son fort pouvoir d\u2019absorption, le charbon va attirer les impuret\u00e9s pour les \u00e9liminer.<\/p>","protected":false},"excerpt":{"rendered":"<p>Gel nettoyant en profondeur DERMACTIVE au Charbon actif. La marque DERMACTIVE met au c\u0153ur de ses formules le Charbon, un ingr\u00e9dient r\u00e9put\u00e9 pour ses propri\u00e9t\u00e9s purificatrices et son efficacit\u00e9 contre les impuret\u00e9s et les pores incrust\u00e9s. Gr\u00e2ce \u00e0 son fort pouvoir d\u2019absorption, le charbon va attirer les impuret\u00e9s pour les \u00e9liminer.<\/p>","protected":false},"featured_media":19984,"comment_status":"closed","ping_status":"closed","template":"","meta":[],"product_brand":[406],"product_cat":[71,75,89,76],"product_tag":[],"class_list":{"0":"post-5706","1":"product","2":"type-product","3":"status-publish","4":"has-post-thumbnail","6":"product_brand-dermactive","7":"product_cat-dermactive","8":"product_cat-femme","9":"product_cat-gel-nettoyant-f-gel-nettoyant-f","10":"product_cat-soin-visage-f","12":"first","13":"instock","14":"shipping-taxable","15":"purchasable","16":"product-type-simple"},"yoast_head":"<!-- This site is optimized with the Yoast SEO plugin v27.3 - https:\/\/yoast.com\/product\/yoast-seo-wordpress\/ -->\n<title>DERMACTIVE GEL NETTOYANT VISAGE 200ML AU CHARBON PEAUX NORMALES A GRASSE - Cosmetic Store<\/title>\n<meta name=\"robots\" content=\"index, follow, max-snippet:-1, max-image-preview:large, max-video-preview:-1\" \/>\n<link rel=\"canonical\" href=\"https:\/\/cosmeticstoredz.com\/ar\/product\/dermactive-gel-nettoyant-visage-200ml-au-charbon-peaux-normales-a-grasse\/\" \/>\n<meta property=\"og:locale\" content=\"ar_AR\" \/>\n<meta property=\"og:type\" content=\"article\" \/>\n<meta property=\"og:title\" content=\"DERMACTIVE GEL NETTOYANT VISAGE 200ML AU CHARBON PEAUX NORMALES A GRASSE - Cosmetic Store\" \/>\n<meta property=\"og:description\" content=\"Gel nettoyant en profondeur DERMACTIVE au Charbon actif. La marque DERMACTIVE met au c\u0153ur de ses formules le Charbon, un ingr\u00e9dient r\u00e9put\u00e9 pour ses propri\u00e9t\u00e9s purificatrices et son efficacit\u00e9 contre les impuret\u00e9s et les pores incrust\u00e9s. Gr\u00e2ce \u00e0 son fort pouvoir d\u2019absorption, le charbon va attirer les impuret\u00e9s pour les \u00e9liminer.\" \/>\n<meta property=\"og:url\" content=\"https:\/\/cosmeticstoredz.com\/ar\/product\/dermactive-gel-nettoyant-visage-200ml-au-charbon-peaux-normales-a-grasse\/\" \/>\n<meta property=\"og:site_name\" content=\"Cosmetic Store\" \/>\n<meta property=\"article:publisher\" content=\"https:\/\/www.facebook.com\/profile.php?id=61564954260683\" \/>\n<meta property=\"article:modified_time\" content=\"2026-03-30T19:24:21+00:00\" \/>\n<meta property=\"og:image\" content=\"https:\/\/cosmeticstoredz.com\/wp-content\/uploads\/2026\/02\/CC-708.png\" \/>\n\t<meta property=\"og:image:width\" content=\"1563\" \/>\n\t<meta property=\"og:image:height\" content=\"1563\" \/>\n\t<meta property=\"og:image:type\" content=\"image\/png\" \/>\n<meta name=\"twitter:card\" content=\"summary_large_image\" \/>\n<script type=\"application\/ld+json\" class=\"yoast-schema-graph\">{\"@context\":\"https:\\\/\\\/schema.org\",\"@graph\":[{\"@type\":\"WebPage\",\"@id\":\"https:\\\/\\\/cosmeticstoredz.com\\\/produit\\\/dermactive-gel-nettoyant-visage-200ml-au-charbon-peaux-normales-a-grasse\\\/\",\"url\":\"https:\\\/\\\/cosmeticstoredz.com\\\/produit\\\/dermactive-gel-nettoyant-visage-200ml-au-charbon-peaux-normales-a-grasse\\\/\",\"name\":\"DERMACTIVE GEL NETTOYANT VISAGE 200ML AU CHARBON PEAUX NORMALES A GRASSE - Cosmetic Store\",\"isPartOf\":{\"@id\":\"https:\\\/\\\/cosmeticstoredz.com\\\/#website\"},\"primaryImageOfPage\":{\"@id\":\"https:\\\/\\\/cosmeticstoredz.com\\\/produit\\\/dermactive-gel-nettoyant-visage-200ml-au-charbon-peaux-normales-a-grasse\\\/#primaryimage\"},\"image\":{\"@id\":\"https:\\\/\\\/cosmeticstoredz.com\\\/produit\\\/dermactive-gel-nettoyant-visage-200ml-au-charbon-peaux-normales-a-grasse\\\/#primaryimage\"},\"thumbnailUrl\":\"https:\\\/\\\/cosmeticstoredz.com\\\/wp-content\\\/uploads\\\/2026\\\/02\\\/CC-708.png\",\"datePublished\":\"2025-06-04T18:36:26+00:00\",\"dateModified\":\"2026-03-30T19:24:21+00:00\",\"breadcrumb\":{\"@id\":\"https:\\\/\\\/cosmeticstoredz.com\\\/produit\\\/dermactive-gel-nettoyant-visage-200ml-au-charbon-peaux-normales-a-grasse\\\/#breadcrumb\"},\"inLanguage\":\"ar\",\"potentialAction\":[{\"@type\":\"ReadAction\",\"target\":[\"https:\\\/\\\/cosmeticstoredz.com\\\/produit\\\/dermactive-gel-nettoyant-visage-200ml-au-charbon-peaux-normales-a-grasse\\\/\"]}]},{\"@type\":\"ImageObject\",\"inLanguage\":\"ar\",\"@id\":\"https:\\\/\\\/cosmeticstoredz.com\\\/produit\\\/dermactive-gel-nettoyant-visage-200ml-au-charbon-peaux-normales-a-grasse\\\/#primaryimage\",\"url\":\"https:\\\/\\\/cosmeticstoredz.com\\\/wp-content\\\/uploads\\\/2026\\\/02\\\/CC-708.png\",\"contentUrl\":\"https:\\\/\\\/cosmeticstoredz.com\\\/wp-content\\\/uploads\\\/2026\\\/02\\\/CC-708.png\",\"width\":1563,\"height\":1563},{\"@type\":\"BreadcrumbList\",\"@id\":\"https:\\\/\\\/cosmeticstoredz.com\\\/produit\\\/dermactive-gel-nettoyant-visage-200ml-au-charbon-peaux-normales-a-grasse\\\/#breadcrumb\",\"itemListElement\":[{\"@type\":\"ListItem\",\"position\":1,\"name\":\"Accueil\",\"item\":\"https:\\\/\\\/cosmeticstoredz.com\\\/\"},{\"@type\":\"ListItem\",\"position\":2,\"name\":\"Boutique\",\"item\":\"https:\\\/\\\/cosmeticstoredz.com\\\/boutique\\\/\"},{\"@type\":\"ListItem\",\"position\":3,\"name\":\"DERMACTIVE GEL NETTOYANT VISAGE 200ML AU CHARBON PEAUX NORMALES A GRASSE\"}]},{\"@type\":\"WebSite\",\"@id\":\"https:\\\/\\\/cosmeticstoredz.com\\\/#website\",\"url\":\"https:\\\/\\\/cosmeticstoredz.com\\\/\",\"name\":\"Cosmetic Store\",\"description\":\"\",\"publisher\":{\"@id\":\"https:\\\/\\\/cosmeticstoredz.com\\\/#organization\"},\"potentialAction\":[{\"@type\":\"SearchAction\",\"target\":{\"@type\":\"EntryPoint\",\"urlTemplate\":\"https:\\\/\\\/cosmeticstoredz.com\\\/?s={search_term_string}\"},\"query-input\":{\"@type\":\"PropertyValueSpecification\",\"valueRequired\":true,\"valueName\":\"search_term_string\"}}],\"inLanguage\":\"ar\"},{\"@type\":\"Organization\",\"@id\":\"https:\\\/\\\/cosmeticstoredz.com\\\/#organization\",\"name\":\"Cosmetic Store\",\"url\":\"https:\\\/\\\/cosmeticstoredz.com\\\/\",\"logo\":{\"@type\":\"ImageObject\",\"inLanguage\":\"ar\",\"@id\":\"https:\\\/\\\/cosmeticstoredz.com\\\/#\\\/schema\\\/logo\\\/image\\\/\",\"url\":\"https:\\\/\\\/cosmeticstoredz.com\\\/wp-content\\\/uploads\\\/2026\\\/02\\\/cropped-LOGO_CS-512x512-1-1-e1771275285345.webp\",\"contentUrl\":\"https:\\\/\\\/cosmeticstoredz.com\\\/wp-content\\\/uploads\\\/2026\\\/02\\\/cropped-LOGO_CS-512x512-1-1-e1771275285345.webp\",\"width\":265,\"height\":319,\"caption\":\"Cosmetic Store\"},\"image\":{\"@id\":\"https:\\\/\\\/cosmeticstoredz.com\\\/#\\\/schema\\\/logo\\\/image\\\/\"},\"sameAs\":[\"https:\\\/\\\/www.facebook.com\\\/profile.php?id=61564954260683\",\"https:\\\/\\\/www.instagram.com\\\/cosmetic.storedz\\\/\"]}]}<\/script>\n<!-- \/ Yoast SEO plugin. -->","yoast_head_json":{"title":"DERMACTIVE GEL NETTOYANT VISAGE 200ML AU CHARBON PEAUX NORMALES A GRASSE - Cosmetic Store","robots":{"index":"index","follow":"follow","max-snippet":"max-snippet:-1","max-image-preview":"max-image-preview:large","max-video-preview":"max-video-preview:-1"},"canonical":"https:\/\/cosmeticstoredz.com\/ar\/product\/dermactive-gel-nettoyant-visage-200ml-au-charbon-peaux-normales-a-grasse\/","og_locale":"ar_AR","og_type":"article","og_title":"DERMACTIVE GEL NETTOYANT VISAGE 200ML AU CHARBON PEAUX NORMALES A GRASSE - Cosmetic Store","og_description":"Gel nettoyant en profondeur DERMACTIVE au Charbon actif. La marque DERMACTIVE met au c\u0153ur de ses formules le Charbon, un ingr\u00e9dient r\u00e9put\u00e9 pour ses propri\u00e9t\u00e9s purificatrices et son efficacit\u00e9 contre les impuret\u00e9s et les pores incrust\u00e9s. Gr\u00e2ce \u00e0 son fort pouvoir d\u2019absorption, le charbon va attirer les impuret\u00e9s pour les \u00e9liminer.","og_url":"https:\/\/cosmeticstoredz.com\/ar\/product\/dermactive-gel-nettoyant-visage-200ml-au-charbon-peaux-normales-a-grasse\/","og_site_name":"Cosmetic Store","article_publisher":"https:\/\/www.facebook.com\/profile.php?id=61564954260683","article_modified_time":"2026-03-30T19:24:21+00:00","og_image":[{"width":1563,"height":1563,"url":"https:\/\/cosmeticstoredz.com\/wp-content\/uploads\/2026\/02\/CC-708.png","type":"image\/png"}],"twitter_card":"summary_large_image","schema":{"@context":"https:\/\/schema.org","@graph":[{"@type":"WebPage","@id":"https:\/\/cosmeticstoredz.com\/produit\/dermactive-gel-nettoyant-visage-200ml-au-charbon-peaux-normales-a-grasse\/","url":"https:\/\/cosmeticstoredz.com\/produit\/dermactive-gel-nettoyant-visage-200ml-au-charbon-peaux-normales-a-grasse\/","name":"DERMACTIVE GEL NETTOYANT VISAGE 200ML AU CHARBON PEAUX NORMALES A GRASSE - Cosmetic Store","isPartOf":{"@id":"https:\/\/cosmeticstoredz.com\/#website"},"primaryImageOfPage":{"@id":"https:\/\/cosmeticstoredz.com\/produit\/dermactive-gel-nettoyant-visage-200ml-au-charbon-peaux-normales-a-grasse\/#primaryimage"},"image":{"@id":"https:\/\/cosmeticstoredz.com\/produit\/dermactive-gel-nettoyant-visage-200ml-au-charbon-peaux-normales-a-grasse\/#primaryimage"},"thumbnailUrl":"https:\/\/cosmeticstoredz.com\/wp-content\/uploads\/2026\/02\/CC-708.png","datePublished":"2025-06-04T18:36:26+00:00","dateModified":"2026-03-30T19:24:21+00:00","breadcrumb":{"@id":"https:\/\/cosmeticstoredz.com\/produit\/dermactive-gel-nettoyant-visage-200ml-au-charbon-peaux-normales-a-grasse\/#breadcrumb"},"inLanguage":"ar","potentialAction":[{"@type":"ReadAction","target":["https:\/\/cosmeticstoredz.com\/produit\/dermactive-gel-nettoyant-visage-200ml-au-charbon-peaux-normales-a-grasse\/"]}]},{"@type":"ImageObject","inLanguage":"ar","@id":"https:\/\/cosmeticstoredz.com\/produit\/dermactive-gel-nettoyant-visage-200ml-au-charbon-peaux-normales-a-grasse\/#primaryimage","url":"https:\/\/cosmeticstoredz.com\/wp-content\/uploads\/2026\/02\/CC-708.png","contentUrl":"https:\/\/cosmeticstoredz.com\/wp-content\/uploads\/2026\/02\/CC-708.png","width":1563,"height":1563},{"@type":"BreadcrumbList","@id":"https:\/\/cosmeticstoredz.com\/produit\/dermactive-gel-nettoyant-visage-200ml-au-charbon-peaux-normales-a-grasse\/#breadcrumb","itemListElement":[{"@type":"ListItem","position":1,"name":"Accueil","item":"https:\/\/cosmeticstoredz.com\/"},{"@type":"ListItem","position":2,"name":"Boutique","item":"https:\/\/cosmeticstoredz.com\/boutique\/"},{"@type":"ListItem","position":3,"name":"DERMACTIVE GEL NETTOYANT VISAGE 200ML AU CHARBON PEAUX NORMALES A GRASSE"}]},{"@type":"WebSite","@id":"https:\/\/cosmeticstoredz.com\/#website","url":"https:\/\/cosmeticstoredz.com\/","name":"Cosmetic Store","description":"","publisher":{"@id":"https:\/\/cosmeticstoredz.com\/#organization"},"potentialAction":[{"@type":"SearchAction","target":{"@type":"EntryPoint","urlTemplate":"https:\/\/cosmeticstoredz.com\/?s={search_term_string}"},"query-input":{"@type":"PropertyValueSpecification","valueRequired":true,"valueName":"search_term_string"}}],"inLanguage":"ar"},{"@type":"Organization","@id":"https:\/\/cosmeticstoredz.com\/#organization","name":"Cosmetic Store","url":"https:\/\/cosmeticstoredz.com\/","logo":{"@type":"ImageObject","inLanguage":"ar","@id":"https:\/\/cosmeticstoredz.com\/#\/schema\/logo\/image\/","url":"https:\/\/cosmeticstoredz.com\/wp-content\/uploads\/2026\/02\/cropped-LOGO_CS-512x512-1-1-e1771275285345.webp","contentUrl":"https:\/\/cosmeticstoredz.com\/wp-content\/uploads\/2026\/02\/cropped-LOGO_CS-512x512-1-1-e1771275285345.webp","width":265,"height":319,"caption":"Cosmetic Store"},"image":{"@id":"https:\/\/cosmeticstoredz.com\/#\/schema\/logo\/image\/"},"sameAs":["https:\/\/www.facebook.com\/profile.php?id=61564954260683","https:\/\/www.instagram.com\/cosmetic.storedz\/"]}]}},"_links":{"self":[{"href":"https:\/\/cosmeticstoredz.com\/ar\/wp-json\/wp\/v2\/product\/5706","targetHints":{"allow":["GET"]}}],"collection":[{"href":"https:\/\/cosmeticstoredz.com\/ar\/wp-json\/wp\/v2\/product"}],"about":[{"href":"https:\/\/cosmeticstoredz.com\/ar\/wp-json\/wp\/v2\/types\/product"}],"replies":[{"embeddable":true,"href":"https:\/\/cosmeticstoredz.com\/ar\/wp-json\/wp\/v2\/comments?post=5706"}],"version-history":[{"count":1,"href":"https:\/\/cosmeticstoredz.com\/ar\/wp-json\/wp\/v2\/product\/5706\/revisions"}],"predecessor-version":[{"id":19986,"href":"https:\/\/cosmeticstoredz.com\/ar\/wp-json\/wp\/v2\/product\/5706\/revisions\/19986"}],"wp:featuredmedia":[{"embeddable":true,"href":"https:\/\/cosmeticstoredz.com\/ar\/wp-json\/wp\/v2\/media\/19984"}],"wp:attachment":[{"href":"https:\/\/cosmeticstoredz.com\/ar\/wp-json\/wp\/v2\/media?parent=5706"}],"wp:term":[{"taxonomy":"product_brand","embeddable":true,"href":"https:\/\/cosmeticstoredz.com\/ar\/wp-json\/wp\/v2\/product_brand?post=5706"},{"taxonomy":"product_cat","embeddable":true,"href":"https:\/\/cosmeticstoredz.com\/ar\/wp-json\/wp\/v2\/product_cat?post=5706"},{"taxonomy":"product_tag","embeddable":true,"href":"https:\/\/cosmeticstoredz.com\/ar\/wp-json\/wp\/v2\/product_tag?post=5706"}],"curies":[{"name":"wp","href":"https:\/\/api.w.org\/{rel}","templated":true}]}}