{"id":5705,"date":"2025-06-04T18:36:26","date_gmt":"2025-06-04T18:36:26","guid":{"rendered":"https:\/\/test.fitnessworldgym27.com\/?post_type=product&#038;p=5705"},"modified":"2026-04-06T10:59:37","modified_gmt":"2026-04-06T10:59:37","slug":"dermactive-gel-nettoyant-visage-200ml-hydratant-a-laloe-vera-peaux-normales-a-seches","status":"publish","type":"product","link":"https:\/\/cosmeticstoredz.com\/ar\/product\/dermactive-gel-nettoyant-visage-200ml-hydratant-a-laloe-vera-peaux-normales-a-seches\/","title":{"rendered":"DERMACTIVE GEL NETTOYANT VISAGE 200ML HYDRATANT A L&rsquo;ALOE VERA PEAUX NORMALES A SECHES"},"content":{"rendered":"<h2 class=\"product-title\">Gel Nettoyant Visage Hydratant \u2013 Aloe Vera<\/h2>\n<p>Gel nettoyant purifiant et hydratant DERMACTIVE \u00e0 l\u2019Aloe vera. Ce gel nettoyant purifiant et hydratant \u00e9limine les impuret\u00e9s, l\u2019exc\u00e8s de s\u00e9bum et les traces de maquillage sans ass\u00e9cher la peau, il exfolie en douceur pour d\u00e9sobstruer et resserrer les pores, matifie et r\u00e9\u00e9quilibre la peau<\/p>","protected":false},"excerpt":{"rendered":"<p>Gel nettoyant purifiant et hydratant DERMACTIVE \u00e0 l\u2019Aloe vera. Ce gel nettoyant purifiant et hydratant \u00e9limine les impuret\u00e9s, l\u2019exc\u00e8s de s\u00e9bum et les traces de maquillage sans ass\u00e9cher la peau, il exfolie en douceur pour d\u00e9sobstruer et resserrer les pores, matifie et r\u00e9\u00e9quilibre la peau<\/p>","protected":false},"featured_media":19981,"comment_status":"closed","ping_status":"closed","template":"","meta":[],"product_brand":[406],"product_cat":[71,75,89,76],"product_tag":[],"class_list":{"0":"post-5705","1":"product","2":"type-product","3":"status-publish","4":"has-post-thumbnail","6":"product_brand-dermactive","7":"product_cat-dermactive","8":"product_cat-femme","9":"product_cat-gel-nettoyant-f-gel-nettoyant-f","10":"product_cat-soin-visage-f","12":"first","13":"instock","14":"shipping-taxable","15":"purchasable","16":"product-type-simple"},"yoast_head":"<!-- This site is optimized with the Yoast SEO plugin v27.3 - https:\/\/yoast.com\/product\/yoast-seo-wordpress\/ -->\n<title>DERMACTIVE GEL NETTOYANT VISAGE 200ML HYDRATANT A L&#039;ALOE VERA PEAUX NORMALES A SECHES - Cosmetic Store<\/title>\n<meta name=\"robots\" content=\"index, follow, max-snippet:-1, max-image-preview:large, max-video-preview:-1\" \/>\n<link rel=\"canonical\" href=\"https:\/\/cosmeticstoredz.com\/ar\/product\/dermactive-gel-nettoyant-visage-200ml-hydratant-a-laloe-vera-peaux-normales-a-seches\/\" \/>\n<meta property=\"og:locale\" content=\"ar_AR\" \/>\n<meta property=\"og:type\" content=\"article\" \/>\n<meta property=\"og:title\" content=\"DERMACTIVE GEL NETTOYANT VISAGE 200ML HYDRATANT A L&#039;ALOE VERA PEAUX NORMALES A SECHES - Cosmetic Store\" \/>\n<meta property=\"og:description\" content=\"Gel nettoyant purifiant et hydratant DERMACTIVE \u00e0 l\u2019Aloe vera. Ce gel nettoyant purifiant et hydratant \u00e9limine les impuret\u00e9s, l\u2019exc\u00e8s de s\u00e9bum et les traces de maquillage sans ass\u00e9cher la peau, il exfolie en douceur pour d\u00e9sobstruer et resserrer les pores, matifie et r\u00e9\u00e9quilibre la peau\" \/>\n<meta property=\"og:url\" content=\"https:\/\/cosmeticstoredz.com\/ar\/product\/dermactive-gel-nettoyant-visage-200ml-hydratant-a-laloe-vera-peaux-normales-a-seches\/\" \/>\n<meta property=\"og:site_name\" content=\"Cosmetic Store\" \/>\n<meta property=\"article:publisher\" content=\"https:\/\/www.facebook.com\/profile.php?id=61564954260683\" \/>\n<meta property=\"article:modified_time\" content=\"2026-04-06T10:59:37+00:00\" \/>\n<meta property=\"og:image\" content=\"https:\/\/cosmeticstoredz.com\/wp-content\/uploads\/2026\/02\/CC-704.png\" \/>\n\t<meta property=\"og:image:width\" content=\"1563\" \/>\n\t<meta property=\"og:image:height\" content=\"1563\" \/>\n\t<meta property=\"og:image:type\" content=\"image\/png\" \/>\n<meta name=\"twitter:card\" content=\"summary_large_image\" \/>\n<script type=\"application\/ld+json\" class=\"yoast-schema-graph\">{\"@context\":\"https:\\\/\\\/schema.org\",\"@graph\":[{\"@type\":\"WebPage\",\"@id\":\"https:\\\/\\\/cosmeticstoredz.com\\\/produit\\\/dermactive-gel-nettoyant-visage-200ml-hydratant-a-laloe-vera-peaux-normales-a-seches\\\/\",\"url\":\"https:\\\/\\\/cosmeticstoredz.com\\\/produit\\\/dermactive-gel-nettoyant-visage-200ml-hydratant-a-laloe-vera-peaux-normales-a-seches\\\/\",\"name\":\"DERMACTIVE GEL NETTOYANT VISAGE 200ML HYDRATANT A L'ALOE VERA PEAUX NORMALES A SECHES - Cosmetic Store\",\"isPartOf\":{\"@id\":\"https:\\\/\\\/cosmeticstoredz.com\\\/#website\"},\"primaryImageOfPage\":{\"@id\":\"https:\\\/\\\/cosmeticstoredz.com\\\/produit\\\/dermactive-gel-nettoyant-visage-200ml-hydratant-a-laloe-vera-peaux-normales-a-seches\\\/#primaryimage\"},\"image\":{\"@id\":\"https:\\\/\\\/cosmeticstoredz.com\\\/produit\\\/dermactive-gel-nettoyant-visage-200ml-hydratant-a-laloe-vera-peaux-normales-a-seches\\\/#primaryimage\"},\"thumbnailUrl\":\"https:\\\/\\\/cosmeticstoredz.com\\\/wp-content\\\/uploads\\\/2026\\\/02\\\/CC-704.png\",\"datePublished\":\"2025-06-04T18:36:26+00:00\",\"dateModified\":\"2026-04-06T10:59:37+00:00\",\"breadcrumb\":{\"@id\":\"https:\\\/\\\/cosmeticstoredz.com\\\/produit\\\/dermactive-gel-nettoyant-visage-200ml-hydratant-a-laloe-vera-peaux-normales-a-seches\\\/#breadcrumb\"},\"inLanguage\":\"ar\",\"potentialAction\":[{\"@type\":\"ReadAction\",\"target\":[\"https:\\\/\\\/cosmeticstoredz.com\\\/produit\\\/dermactive-gel-nettoyant-visage-200ml-hydratant-a-laloe-vera-peaux-normales-a-seches\\\/\"]}]},{\"@type\":\"ImageObject\",\"inLanguage\":\"ar\",\"@id\":\"https:\\\/\\\/cosmeticstoredz.com\\\/produit\\\/dermactive-gel-nettoyant-visage-200ml-hydratant-a-laloe-vera-peaux-normales-a-seches\\\/#primaryimage\",\"url\":\"https:\\\/\\\/cosmeticstoredz.com\\\/wp-content\\\/uploads\\\/2026\\\/02\\\/CC-704.png\",\"contentUrl\":\"https:\\\/\\\/cosmeticstoredz.com\\\/wp-content\\\/uploads\\\/2026\\\/02\\\/CC-704.png\",\"width\":1563,\"height\":1563},{\"@type\":\"BreadcrumbList\",\"@id\":\"https:\\\/\\\/cosmeticstoredz.com\\\/produit\\\/dermactive-gel-nettoyant-visage-200ml-hydratant-a-laloe-vera-peaux-normales-a-seches\\\/#breadcrumb\",\"itemListElement\":[{\"@type\":\"ListItem\",\"position\":1,\"name\":\"Accueil\",\"item\":\"https:\\\/\\\/cosmeticstoredz.com\\\/\"},{\"@type\":\"ListItem\",\"position\":2,\"name\":\"Boutique\",\"item\":\"https:\\\/\\\/cosmeticstoredz.com\\\/boutique\\\/\"},{\"@type\":\"ListItem\",\"position\":3,\"name\":\"DERMACTIVE GEL NETTOYANT VISAGE 200ML HYDRATANT A L&rsquo;ALOE VERA PEAUX NORMALES A SECHES\"}]},{\"@type\":\"WebSite\",\"@id\":\"https:\\\/\\\/cosmeticstoredz.com\\\/#website\",\"url\":\"https:\\\/\\\/cosmeticstoredz.com\\\/\",\"name\":\"Cosmetic Store\",\"description\":\"\",\"publisher\":{\"@id\":\"https:\\\/\\\/cosmeticstoredz.com\\\/#organization\"},\"potentialAction\":[{\"@type\":\"SearchAction\",\"target\":{\"@type\":\"EntryPoint\",\"urlTemplate\":\"https:\\\/\\\/cosmeticstoredz.com\\\/?s={search_term_string}\"},\"query-input\":{\"@type\":\"PropertyValueSpecification\",\"valueRequired\":true,\"valueName\":\"search_term_string\"}}],\"inLanguage\":\"ar\"},{\"@type\":\"Organization\",\"@id\":\"https:\\\/\\\/cosmeticstoredz.com\\\/#organization\",\"name\":\"Cosmetic Store\",\"url\":\"https:\\\/\\\/cosmeticstoredz.com\\\/\",\"logo\":{\"@type\":\"ImageObject\",\"inLanguage\":\"ar\",\"@id\":\"https:\\\/\\\/cosmeticstoredz.com\\\/#\\\/schema\\\/logo\\\/image\\\/\",\"url\":\"https:\\\/\\\/cosmeticstoredz.com\\\/wp-content\\\/uploads\\\/2026\\\/02\\\/cropped-LOGO_CS-512x512-1-1-e1771275285345.webp\",\"contentUrl\":\"https:\\\/\\\/cosmeticstoredz.com\\\/wp-content\\\/uploads\\\/2026\\\/02\\\/cropped-LOGO_CS-512x512-1-1-e1771275285345.webp\",\"width\":265,\"height\":319,\"caption\":\"Cosmetic Store\"},\"image\":{\"@id\":\"https:\\\/\\\/cosmeticstoredz.com\\\/#\\\/schema\\\/logo\\\/image\\\/\"},\"sameAs\":[\"https:\\\/\\\/www.facebook.com\\\/profile.php?id=61564954260683\",\"https:\\\/\\\/www.instagram.com\\\/cosmetic.storedz\\\/\"]}]}<\/script>\n<!-- \/ Yoast SEO plugin. -->","yoast_head_json":{"title":"DERMACTIVE GEL NETTOYANT VISAGE 200ML HYDRATANT A L'ALOE VERA PEAUX NORMALES A SECHES - Cosmetic Store","robots":{"index":"index","follow":"follow","max-snippet":"max-snippet:-1","max-image-preview":"max-image-preview:large","max-video-preview":"max-video-preview:-1"},"canonical":"https:\/\/cosmeticstoredz.com\/ar\/product\/dermactive-gel-nettoyant-visage-200ml-hydratant-a-laloe-vera-peaux-normales-a-seches\/","og_locale":"ar_AR","og_type":"article","og_title":"DERMACTIVE GEL NETTOYANT VISAGE 200ML HYDRATANT A L'ALOE VERA PEAUX NORMALES A SECHES - Cosmetic Store","og_description":"Gel nettoyant purifiant et hydratant DERMACTIVE \u00e0 l\u2019Aloe vera. Ce gel nettoyant purifiant et hydratant \u00e9limine les impuret\u00e9s, l\u2019exc\u00e8s de s\u00e9bum et les traces de maquillage sans ass\u00e9cher la peau, il exfolie en douceur pour d\u00e9sobstruer et resserrer les pores, matifie et r\u00e9\u00e9quilibre la peau","og_url":"https:\/\/cosmeticstoredz.com\/ar\/product\/dermactive-gel-nettoyant-visage-200ml-hydratant-a-laloe-vera-peaux-normales-a-seches\/","og_site_name":"Cosmetic Store","article_publisher":"https:\/\/www.facebook.com\/profile.php?id=61564954260683","article_modified_time":"2026-04-06T10:59:37+00:00","og_image":[{"width":1563,"height":1563,"url":"https:\/\/cosmeticstoredz.com\/wp-content\/uploads\/2026\/02\/CC-704.png","type":"image\/png"}],"twitter_card":"summary_large_image","schema":{"@context":"https:\/\/schema.org","@graph":[{"@type":"WebPage","@id":"https:\/\/cosmeticstoredz.com\/produit\/dermactive-gel-nettoyant-visage-200ml-hydratant-a-laloe-vera-peaux-normales-a-seches\/","url":"https:\/\/cosmeticstoredz.com\/produit\/dermactive-gel-nettoyant-visage-200ml-hydratant-a-laloe-vera-peaux-normales-a-seches\/","name":"DERMACTIVE GEL NETTOYANT VISAGE 200ML HYDRATANT A L'ALOE VERA PEAUX NORMALES A SECHES - Cosmetic Store","isPartOf":{"@id":"https:\/\/cosmeticstoredz.com\/#website"},"primaryImageOfPage":{"@id":"https:\/\/cosmeticstoredz.com\/produit\/dermactive-gel-nettoyant-visage-200ml-hydratant-a-laloe-vera-peaux-normales-a-seches\/#primaryimage"},"image":{"@id":"https:\/\/cosmeticstoredz.com\/produit\/dermactive-gel-nettoyant-visage-200ml-hydratant-a-laloe-vera-peaux-normales-a-seches\/#primaryimage"},"thumbnailUrl":"https:\/\/cosmeticstoredz.com\/wp-content\/uploads\/2026\/02\/CC-704.png","datePublished":"2025-06-04T18:36:26+00:00","dateModified":"2026-04-06T10:59:37+00:00","breadcrumb":{"@id":"https:\/\/cosmeticstoredz.com\/produit\/dermactive-gel-nettoyant-visage-200ml-hydratant-a-laloe-vera-peaux-normales-a-seches\/#breadcrumb"},"inLanguage":"ar","potentialAction":[{"@type":"ReadAction","target":["https:\/\/cosmeticstoredz.com\/produit\/dermactive-gel-nettoyant-visage-200ml-hydratant-a-laloe-vera-peaux-normales-a-seches\/"]}]},{"@type":"ImageObject","inLanguage":"ar","@id":"https:\/\/cosmeticstoredz.com\/produit\/dermactive-gel-nettoyant-visage-200ml-hydratant-a-laloe-vera-peaux-normales-a-seches\/#primaryimage","url":"https:\/\/cosmeticstoredz.com\/wp-content\/uploads\/2026\/02\/CC-704.png","contentUrl":"https:\/\/cosmeticstoredz.com\/wp-content\/uploads\/2026\/02\/CC-704.png","width":1563,"height":1563},{"@type":"BreadcrumbList","@id":"https:\/\/cosmeticstoredz.com\/produit\/dermactive-gel-nettoyant-visage-200ml-hydratant-a-laloe-vera-peaux-normales-a-seches\/#breadcrumb","itemListElement":[{"@type":"ListItem","position":1,"name":"Accueil","item":"https:\/\/cosmeticstoredz.com\/"},{"@type":"ListItem","position":2,"name":"Boutique","item":"https:\/\/cosmeticstoredz.com\/boutique\/"},{"@type":"ListItem","position":3,"name":"DERMACTIVE GEL NETTOYANT VISAGE 200ML HYDRATANT A L&rsquo;ALOE VERA PEAUX NORMALES A SECHES"}]},{"@type":"WebSite","@id":"https:\/\/cosmeticstoredz.com\/#website","url":"https:\/\/cosmeticstoredz.com\/","name":"Cosmetic Store","description":"","publisher":{"@id":"https:\/\/cosmeticstoredz.com\/#organization"},"potentialAction":[{"@type":"SearchAction","target":{"@type":"EntryPoint","urlTemplate":"https:\/\/cosmeticstoredz.com\/?s={search_term_string}"},"query-input":{"@type":"PropertyValueSpecification","valueRequired":true,"valueName":"search_term_string"}}],"inLanguage":"ar"},{"@type":"Organization","@id":"https:\/\/cosmeticstoredz.com\/#organization","name":"Cosmetic Store","url":"https:\/\/cosmeticstoredz.com\/","logo":{"@type":"ImageObject","inLanguage":"ar","@id":"https:\/\/cosmeticstoredz.com\/#\/schema\/logo\/image\/","url":"https:\/\/cosmeticstoredz.com\/wp-content\/uploads\/2026\/02\/cropped-LOGO_CS-512x512-1-1-e1771275285345.webp","contentUrl":"https:\/\/cosmeticstoredz.com\/wp-content\/uploads\/2026\/02\/cropped-LOGO_CS-512x512-1-1-e1771275285345.webp","width":265,"height":319,"caption":"Cosmetic Store"},"image":{"@id":"https:\/\/cosmeticstoredz.com\/#\/schema\/logo\/image\/"},"sameAs":["https:\/\/www.facebook.com\/profile.php?id=61564954260683","https:\/\/www.instagram.com\/cosmetic.storedz\/"]}]}},"_links":{"self":[{"href":"https:\/\/cosmeticstoredz.com\/ar\/wp-json\/wp\/v2\/product\/5705","targetHints":{"allow":["GET"]}}],"collection":[{"href":"https:\/\/cosmeticstoredz.com\/ar\/wp-json\/wp\/v2\/product"}],"about":[{"href":"https:\/\/cosmeticstoredz.com\/ar\/wp-json\/wp\/v2\/types\/product"}],"replies":[{"embeddable":true,"href":"https:\/\/cosmeticstoredz.com\/ar\/wp-json\/wp\/v2\/comments?post=5705"}],"version-history":[{"count":1,"href":"https:\/\/cosmeticstoredz.com\/ar\/wp-json\/wp\/v2\/product\/5705\/revisions"}],"predecessor-version":[{"id":19983,"href":"https:\/\/cosmeticstoredz.com\/ar\/wp-json\/wp\/v2\/product\/5705\/revisions\/19983"}],"wp:featuredmedia":[{"embeddable":true,"href":"https:\/\/cosmeticstoredz.com\/ar\/wp-json\/wp\/v2\/media\/19981"}],"wp:attachment":[{"href":"https:\/\/cosmeticstoredz.com\/ar\/wp-json\/wp\/v2\/media?parent=5705"}],"wp:term":[{"taxonomy":"product_brand","embeddable":true,"href":"https:\/\/cosmeticstoredz.com\/ar\/wp-json\/wp\/v2\/product_brand?post=5705"},{"taxonomy":"product_cat","embeddable":true,"href":"https:\/\/cosmeticstoredz.com\/ar\/wp-json\/wp\/v2\/product_cat?post=5705"},{"taxonomy":"product_tag","embeddable":true,"href":"https:\/\/cosmeticstoredz.com\/ar\/wp-json\/wp\/v2\/product_tag?post=5705"}],"curies":[{"name":"wp","href":"https:\/\/api.w.org\/{rel}","templated":true}]}}