{"id":5703,"date":"2025-06-04T18:36:26","date_gmt":"2025-06-04T18:36:26","guid":{"rendered":"https:\/\/test.fitnessworldgym27.com\/?post_type=product&#038;p=5703"},"modified":"2026-03-30T19:24:21","modified_gmt":"2026-03-30T19:24:21","slug":"dermactive-gel-nettoyant-visage-200ml-pamplemousse-rose-tous-types-de-peaux","status":"publish","type":"product","link":"https:\/\/cosmeticstoredz.com\/ar\/product\/dermactive-gel-nettoyant-visage-200ml-pamplemousse-rose-tous-types-de-peaux\/","title":{"rendered":"DERMACTIVE GEL NETTOYANT VISAGE 200ML PAMPLEMOUSSE ROSE TOUS TYPES DE PEAUX"},"content":{"rendered":"<h2 class=\"product-title\">Gel Nettoyant Revitalisant \u2013 Pamplemousse rose<\/h2>\n<p>Gel nettoyant DERMACTIVE revitalisant \u00e0 la Pamplemousse rose. Ce gel nettoyant revitalisant, appliqu\u00e9 quotidiennement, vous offre une peau plus nette et fra\u00eeche tous les jours ! Le gel nettoyant DERMACTIVE pamplemousse rose aide \u00e0 r\u00e9duire les boutons et les points noirs tout en vivifiant la peau d\u2019une vague rafra\u00eechissante de pamplemousse rose<\/p>","protected":false},"excerpt":{"rendered":"<p>Gel nettoyant DERMACTIVE revitalisant \u00e0 la Pamplemousse rose. Ce gel nettoyant revitalisant, appliqu\u00e9 quotidiennement, vous offre une peau plus nette et fra\u00eeche tous les jours ! Le gel nettoyant DERMACTIVE pamplemousse rose aide \u00e0 r\u00e9duire les boutons et les points noirs tout en vivifiant la peau d\u2019une vague rafra\u00eechissante de pamplemousse rose<\/p>","protected":false},"featured_media":19975,"comment_status":"closed","ping_status":"closed","template":"","meta":[],"product_brand":[406],"product_cat":[71,75,88,76],"product_tag":[],"class_list":{"0":"post-5703","1":"product","2":"type-product","3":"status-publish","4":"has-post-thumbnail","6":"product_brand-dermactive","7":"product_cat-dermactive","8":"product_cat-femme","9":"product_cat-gel-nettoyant-f","10":"product_cat-soin-visage-f","12":"first","13":"instock","14":"shipping-taxable","15":"purchasable","16":"product-type-simple"},"_links":{"self":[{"href":"https:\/\/cosmeticstoredz.com\/ar\/wp-json\/wp\/v2\/product\/5703","targetHints":{"allow":["GET"]}}],"collection":[{"href":"https:\/\/cosmeticstoredz.com\/ar\/wp-json\/wp\/v2\/product"}],"about":[{"href":"https:\/\/cosmeticstoredz.com\/ar\/wp-json\/wp\/v2\/types\/product"}],"replies":[{"embeddable":true,"href":"https:\/\/cosmeticstoredz.com\/ar\/wp-json\/wp\/v2\/comments?post=5703"}],"version-history":[{"count":1,"href":"https:\/\/cosmeticstoredz.com\/ar\/wp-json\/wp\/v2\/product\/5703\/revisions"}],"predecessor-version":[{"id":19977,"href":"https:\/\/cosmeticstoredz.com\/ar\/wp-json\/wp\/v2\/product\/5703\/revisions\/19977"}],"wp:featuredmedia":[{"embeddable":true,"href":"https:\/\/cosmeticstoredz.com\/ar\/wp-json\/wp\/v2\/media\/19975"}],"wp:attachment":[{"href":"https:\/\/cosmeticstoredz.com\/ar\/wp-json\/wp\/v2\/media?parent=5703"}],"wp:term":[{"taxonomy":"product_brand","embeddable":true,"href":"https:\/\/cosmeticstoredz.com\/ar\/wp-json\/wp\/v2\/product_brand?post=5703"},{"taxonomy":"product_cat","embeddable":true,"href":"https:\/\/cosmeticstoredz.com\/ar\/wp-json\/wp\/v2\/product_cat?post=5703"},{"taxonomy":"product_tag","embeddable":true,"href":"https:\/\/cosmeticstoredz.com\/ar\/wp-json\/wp\/v2\/product_tag?post=5703"}],"curies":[{"name":"wp","href":"https:\/\/api.w.org\/{rel}","templated":true}]}}