{"id":5701,"date":"2025-06-04T18:36:26","date_gmt":"2025-06-04T18:36:26","guid":{"rendered":"https:\/\/test.fitnessworldgym27.com\/?post_type=product&#038;p=5701"},"modified":"2026-03-30T19:24:24","modified_gmt":"2026-03-30T19:24:24","slug":"dermactive-shp-500ml-argan","status":"publish","type":"product","link":"https:\/\/cosmeticstoredz.com\/ar\/product\/dermactive-shp-500ml-argan\/","title":{"rendered":"DERMACTIVE SHP 500ML ARGAN"},"content":{"rendered":"<h2 class=\"product-title\">Shampooing ARGAN OIL<\/h2>\n<p>Shampoing sans sulfate hydratant DERMACTIVE \u00e0 l\u2019Huile d\u2019Argan. Le shampooing sans sulfate hydratant DERMACTIVE agit de mani\u00e8re significative sur les cheveux secs et ternes, en leur apportant protection, vitalit\u00e9 et brillance naturelle d\u00e8s sa premi\u00e8re utilisation. Ce shampoing est une formule Sans Sulfate qui hydrate, prot\u00e8ge et apporte une brillance exotique \u00e0 vos cheveux<\/p>","protected":false},"excerpt":{"rendered":"<h2 class=\"product-title\">Shampooing ARGAN OIL<\/h2>\n<p>Shampoing sans sulfate hydratant DERMACTIVE \u00e0 l\u2019Huile d\u2019Argan. Le shampooing sans sulfate hydratant DERMACTIVE agit de mani\u00e8re significative sur les cheveux secs et ternes, en leur apportant protection, vitalit\u00e9 et brillance naturelle d\u00e8s sa premi\u00e8re utilisation. Ce shampoing est une formule Sans Sulfate qui hydrate, prot\u00e8ge et apporte une brillance exotique \u00e0 vos cheveux<\/p>","protected":false},"featured_media":19971,"comment_status":"closed","ping_status":"closed","template":"","meta":[],"product_brand":[406],"product_cat":[71,75,111,95],"product_tag":[],"class_list":{"0":"post-5701","1":"product","2":"type-product","3":"status-publish","4":"has-post-thumbnail","6":"product_brand-dermactive","7":"product_cat-dermactive","8":"product_cat-femme","9":"product_cat-shampoing-f","10":"product_cat-soin-cheveux-f","12":"first","13":"instock","14":"shipping-taxable","15":"purchasable","16":"product-type-simple"},"_links":{"self":[{"href":"https:\/\/cosmeticstoredz.com\/ar\/wp-json\/wp\/v2\/product\/5701","targetHints":{"allow":["GET"]}}],"collection":[{"href":"https:\/\/cosmeticstoredz.com\/ar\/wp-json\/wp\/v2\/product"}],"about":[{"href":"https:\/\/cosmeticstoredz.com\/ar\/wp-json\/wp\/v2\/types\/product"}],"replies":[{"embeddable":true,"href":"https:\/\/cosmeticstoredz.com\/ar\/wp-json\/wp\/v2\/comments?post=5701"}],"version-history":[{"count":1,"href":"https:\/\/cosmeticstoredz.com\/ar\/wp-json\/wp\/v2\/product\/5701\/revisions"}],"predecessor-version":[{"id":19972,"href":"https:\/\/cosmeticstoredz.com\/ar\/wp-json\/wp\/v2\/product\/5701\/revisions\/19972"}],"wp:featuredmedia":[{"embeddable":true,"href":"https:\/\/cosmeticstoredz.com\/ar\/wp-json\/wp\/v2\/media\/19971"}],"wp:attachment":[{"href":"https:\/\/cosmeticstoredz.com\/ar\/wp-json\/wp\/v2\/media?parent=5701"}],"wp:term":[{"taxonomy":"product_brand","embeddable":true,"href":"https:\/\/cosmeticstoredz.com\/ar\/wp-json\/wp\/v2\/product_brand?post=5701"},{"taxonomy":"product_cat","embeddable":true,"href":"https:\/\/cosmeticstoredz.com\/ar\/wp-json\/wp\/v2\/product_cat?post=5701"},{"taxonomy":"product_tag","embeddable":true,"href":"https:\/\/cosmeticstoredz.com\/ar\/wp-json\/wp\/v2\/product_tag?post=5701"}],"curies":[{"name":"wp","href":"https:\/\/api.w.org\/{rel}","templated":true}]}}