{"id":5671,"date":"2025-06-04T18:36:07","date_gmt":"2025-06-04T18:36:07","guid":{"rendered":"https:\/\/test.fitnessworldgym27.com\/?post_type=product&#038;p=5671"},"modified":"2026-03-30T19:24:20","modified_gmt":"2026-03-30T19:24:20","slug":"dermactive-a-shp-370ml-coconut","status":"publish","type":"product","link":"https:\/\/cosmeticstoredz.com\/ar\/product\/dermactive-a-shp-370ml-coconut\/","title":{"rendered":"DERMACTIVE A\/SHP 370ML COCONUT"},"content":{"rendered":"<p>L\u2019Apr\u00e8s-Shampooing sans sulfate DERMACTIVE Coconut, hydrate et soigne en profondeur vos cheveux secs et abim\u00e9s gr\u00e2ce \u00e0 son huile de coco.<\/p>\n<p><strong>Utilisation<\/strong>\u00a0: Apr\u00e8s votre shampooing sans sulfate DERMACTIVE Coconut, appliquez g\u00e9n\u00e9reusement l\u2019apr\u00e8s-shampooing sans sulfate DERMACTIVE Coconut sur l\u2019ensemble de la chevelure, jusqu\u2019aux pointes. Laissez agir de 3 \u00e0 5 minutes. Rincez soigneusement vos cheveux. Mise en garde : \u00e9vitez tout contact avec les yeux. En cas de contact, rincez imm\u00e9diatement.<\/p>","protected":false},"excerpt":{"rendered":"<p>L\u2019Apr\u00e8s-Shampooing sans sulfate DERMACTIVE Coconut, hydrate et soigne en profondeur vos cheveux secs et abim\u00e9s gr\u00e2ce \u00e0 son huile de coco. Utilisation : Apr\u00e8s votre shampooing sans sulfate DERMACTIVE Coconut, appliquez g\u00e9n\u00e9reusement l\u2019apr\u00e8s-shampooing sans sulfate DERMACTIVE Coconut sur l\u2019ensemble de la chevelure, jusqu\u2019aux pointes.<\/p>","protected":false},"featured_media":19964,"comment_status":"open","ping_status":"closed","template":"","meta":[],"product_brand":[406],"product_cat":[160,71,75,95],"product_tag":[],"class_list":{"0":"post-5671","1":"product","2":"type-product","3":"status-publish","4":"has-post-thumbnail","6":"product_brand-dermactive","7":"product_cat-apres-shampoing-f","8":"product_cat-dermactive","9":"product_cat-femme","10":"product_cat-soin-cheveux-f","12":"first","13":"outofstock","14":"shipping-taxable","15":"purchasable","16":"product-type-simple"},"_links":{"self":[{"href":"https:\/\/cosmeticstoredz.com\/ar\/wp-json\/wp\/v2\/product\/5671","targetHints":{"allow":["GET"]}}],"collection":[{"href":"https:\/\/cosmeticstoredz.com\/ar\/wp-json\/wp\/v2\/product"}],"about":[{"href":"https:\/\/cosmeticstoredz.com\/ar\/wp-json\/wp\/v2\/types\/product"}],"replies":[{"embeddable":true,"href":"https:\/\/cosmeticstoredz.com\/ar\/wp-json\/wp\/v2\/comments?post=5671"}],"version-history":[{"count":1,"href":"https:\/\/cosmeticstoredz.com\/ar\/wp-json\/wp\/v2\/product\/5671\/revisions"}],"predecessor-version":[{"id":19965,"href":"https:\/\/cosmeticstoredz.com\/ar\/wp-json\/wp\/v2\/product\/5671\/revisions\/19965"}],"wp:featuredmedia":[{"embeddable":true,"href":"https:\/\/cosmeticstoredz.com\/ar\/wp-json\/wp\/v2\/media\/19964"}],"wp:attachment":[{"href":"https:\/\/cosmeticstoredz.com\/ar\/wp-json\/wp\/v2\/media?parent=5671"}],"wp:term":[{"taxonomy":"product_brand","embeddable":true,"href":"https:\/\/cosmeticstoredz.com\/ar\/wp-json\/wp\/v2\/product_brand?post=5671"},{"taxonomy":"product_cat","embeddable":true,"href":"https:\/\/cosmeticstoredz.com\/ar\/wp-json\/wp\/v2\/product_cat?post=5671"},{"taxonomy":"product_tag","embeddable":true,"href":"https:\/\/cosmeticstoredz.com\/ar\/wp-json\/wp\/v2\/product_tag?post=5671"}],"curies":[{"name":"wp","href":"https:\/\/api.w.org\/{rel}","templated":true}]}}