{"id":5669,"date":"2025-06-04T18:36:07","date_gmt":"2025-06-04T18:36:07","guid":{"rendered":"https:\/\/test.fitnessworldgym27.com\/?post_type=product&#038;p=5669"},"modified":"2026-03-30T19:25:31","modified_gmt":"2026-03-30T19:25:31","slug":"niall-bbface-jour-et-nuit-3en1-peaux-seches","status":"publish","type":"product","link":"https:\/\/cosmeticstoredz.com\/ar\/product\/niall-bbface-jour-et-nuit-3en1-peaux-seches\/","title":{"rendered":"NIALL BBFACE JOUR ET NUIT 3EN1 PEAUX SECHES"},"content":{"rendered":"<h1>NIALL BBFACE JOUR ET NUIT 3EN1 PEAUX SECHES<\/h1>\n<p>La cr\u00e8me Niall BBFace Jour et Nuit 3-en-1 est votre alli\u00e9e quotidienne pour une peau douce, et parfaitement hydrat\u00e9e. Con\u00e7ue pour un soin complet, elle combine trois actions en un seul produit : hydratation intense, unification du teint, et protection. Enrichie en ingr\u00e9dients nourrissants, cette cr\u00e8me p\u00e9n\u00e8tre profond\u00e9ment pour apaiser et r\u00e9parer les peaux s\u00e8ches, tout en am\u00e9liorant leur \u00e9lasticit\u00e9. Sa texture riche et velout\u00e9e offre un confort imm\u00e9diat, jour apr\u00e8s jour. Utilisable matin et soir, elle laisse la peau souple, lumineuse, et prot\u00e9g\u00e9e contre les agressions ext\u00e9rieures. Id\u00e9ale pour les peaux s\u00e8ches n\u00e9cessitant une attention particuli\u00e8re.<\/p>","protected":false},"excerpt":{"rendered":"<h1>NIALL BBFACE JOUR ET NUIT 3EN1 PEAUX SECHES<\/h1>\n<p>La cr\u00e8me Niall BBFace Jour et Nuit 3-en-1 est votre alli\u00e9e quotidienne pour une peau douce, et parfaitement hydrat\u00e9e. Con\u00e7ue pour un soin complet, elle combine trois actions en un seul produit : hydratation intense, unification du teint, et protection.<\/p>","protected":false},"featured_media":19960,"comment_status":"open","ping_status":"closed","template":"","meta":[],"product_brand":[],"product_cat":[82,75,278,81],"product_tag":[],"class_list":{"0":"post-5669","1":"product","2":"type-product","3":"status-publish","4":"has-post-thumbnail","6":"product_cat-creme-hydratante-fc","7":"product_cat-femme","8":"product_cat-niall","9":"product_cat-soin-corps-f","11":"first","12":"instock","13":"shipping-taxable","14":"purchasable","15":"product-type-simple"},"_links":{"self":[{"href":"https:\/\/cosmeticstoredz.com\/ar\/wp-json\/wp\/v2\/product\/5669","targetHints":{"allow":["GET"]}}],"collection":[{"href":"https:\/\/cosmeticstoredz.com\/ar\/wp-json\/wp\/v2\/product"}],"about":[{"href":"https:\/\/cosmeticstoredz.com\/ar\/wp-json\/wp\/v2\/types\/product"}],"replies":[{"embeddable":true,"href":"https:\/\/cosmeticstoredz.com\/ar\/wp-json\/wp\/v2\/comments?post=5669"}],"version-history":[{"count":1,"href":"https:\/\/cosmeticstoredz.com\/ar\/wp-json\/wp\/v2\/product\/5669\/revisions"}],"predecessor-version":[{"id":19961,"href":"https:\/\/cosmeticstoredz.com\/ar\/wp-json\/wp\/v2\/product\/5669\/revisions\/19961"}],"wp:featuredmedia":[{"embeddable":true,"href":"https:\/\/cosmeticstoredz.com\/ar\/wp-json\/wp\/v2\/media\/19960"}],"wp:attachment":[{"href":"https:\/\/cosmeticstoredz.com\/ar\/wp-json\/wp\/v2\/media?parent=5669"}],"wp:term":[{"taxonomy":"product_brand","embeddable":true,"href":"https:\/\/cosmeticstoredz.com\/ar\/wp-json\/wp\/v2\/product_brand?post=5669"},{"taxonomy":"product_cat","embeddable":true,"href":"https:\/\/cosmeticstoredz.com\/ar\/wp-json\/wp\/v2\/product_cat?post=5669"},{"taxonomy":"product_tag","embeddable":true,"href":"https:\/\/cosmeticstoredz.com\/ar\/wp-json\/wp\/v2\/product_tag?post=5669"}],"curies":[{"name":"wp","href":"https:\/\/api.w.org\/{rel}","templated":true}]}}