{"id":5666,"date":"2025-06-04T18:36:07","date_gmt":"2025-06-04T18:36:07","guid":{"rendered":"https:\/\/test.fitnessworldgym27.com\/?post_type=product&#038;p=5666"},"modified":"2026-03-30T19:27:31","modified_gmt":"2026-03-30T19:27:31","slug":"niall-gel-douche-400ml-musk-tahara","status":"publish","type":"product","link":"https:\/\/cosmeticstoredz.com\/ar\/product\/niall-gel-douche-400ml-musk-tahara\/","title":{"rendered":"NIALL GEL DOUCHE 400ML MUSK TAHARA"},"content":{"rendered":"<ul>\n<li>Parfum musqu\u00e9 et rafra\u00eechissant<\/li>\n<li>Formule douce et non irritante, adapt\u00e9e \u00e0 tous les types de peau.<\/li>\n<li>Nettoie en douceur sans dess\u00e9cher la peau.<\/li>\n<li>Laisse la peau d\u00e9licatement parfum\u00e9e apr\u00e8s chaque utilisation.<\/li>\n<li>La glyc\u00e9rine et les agents hydratants aident \u00e0 maintenir l\u2019hydratation naturelle de la peau.<\/li>\n<li>Produit test\u00e9 dermatologiquement.<\/li>\n<\/ul>","protected":false},"excerpt":{"rendered":"<p class=\"elementor-heading-title elementor-size-default\">Le gel douche Musk Tahara offre une exp\u00e9rience de douche luxueuse avec son parfum envo\u00fbtant et sa formule douce pour la peau. Infus\u00e9 d\u2019un m\u00e9lange unique de musc et d\u2019extraits apaisants, ce gel nettoyant laisse la peau propre, douce et d\u00e9licatement parfum\u00e9e. Lors de son application, le gel douche Musk tahara se transforme en une mousse onctueuse qui enveloppe le corps d\u2019un parfum d\u00e9licat et sensuel.<\/p>","protected":false},"featured_media":19954,"comment_status":"open","ping_status":"closed","template":"","meta":[],"product_brand":[],"product_cat":[75,169,278,81],"product_tag":[],"class_list":{"0":"post-5666","1":"product","2":"type-product","3":"status-publish","4":"has-post-thumbnail","6":"product_cat-femme","7":"product_cat-gel-douche-f","8":"product_cat-niall","9":"product_cat-soin-corps-f","11":"first","12":"outofstock","13":"shipping-taxable","14":"purchasable","15":"product-type-simple"},"_links":{"self":[{"href":"https:\/\/cosmeticstoredz.com\/ar\/wp-json\/wp\/v2\/product\/5666","targetHints":{"allow":["GET"]}}],"collection":[{"href":"https:\/\/cosmeticstoredz.com\/ar\/wp-json\/wp\/v2\/product"}],"about":[{"href":"https:\/\/cosmeticstoredz.com\/ar\/wp-json\/wp\/v2\/types\/product"}],"replies":[{"embeddable":true,"href":"https:\/\/cosmeticstoredz.com\/ar\/wp-json\/wp\/v2\/comments?post=5666"}],"version-history":[{"count":1,"href":"https:\/\/cosmeticstoredz.com\/ar\/wp-json\/wp\/v2\/product\/5666\/revisions"}],"predecessor-version":[{"id":19955,"href":"https:\/\/cosmeticstoredz.com\/ar\/wp-json\/wp\/v2\/product\/5666\/revisions\/19955"}],"wp:featuredmedia":[{"embeddable":true,"href":"https:\/\/cosmeticstoredz.com\/ar\/wp-json\/wp\/v2\/media\/19954"}],"wp:attachment":[{"href":"https:\/\/cosmeticstoredz.com\/ar\/wp-json\/wp\/v2\/media?parent=5666"}],"wp:term":[{"taxonomy":"product_brand","embeddable":true,"href":"https:\/\/cosmeticstoredz.com\/ar\/wp-json\/wp\/v2\/product_brand?post=5666"},{"taxonomy":"product_cat","embeddable":true,"href":"https:\/\/cosmeticstoredz.com\/ar\/wp-json\/wp\/v2\/product_cat?post=5666"},{"taxonomy":"product_tag","embeddable":true,"href":"https:\/\/cosmeticstoredz.com\/ar\/wp-json\/wp\/v2\/product_tag?post=5666"}],"curies":[{"name":"wp","href":"https:\/\/api.w.org\/{rel}","templated":true}]}}