{"id":5655,"date":"2025-06-04T18:36:06","date_gmt":"2025-06-04T18:36:06","guid":{"rendered":"https:\/\/test.fitnessworldgym27.com\/?post_type=product&#038;p=5655"},"modified":"2026-03-30T19:27:31","modified_gmt":"2026-03-30T19:27:31","slug":"niall-gel-douche-400ml-citrus","status":"publish","type":"product","link":"https:\/\/cosmeticstoredz.com\/ar\/product\/niall-gel-douche-400ml-citrus\/","title":{"rendered":"NIALL GEL DOUCHE 400ML CITRUS"},"content":{"rendered":"<p>**Caract\u00e9ristiques** \u2022 Pour tous types de peau \u2022 Test\u00e9 sous contr\u00f4le dermatologique \u2022 Enrichi en agent surgraissant pour \u00e9viter le dess\u00e8chement cutan\u00e9 \u2022 Parfum s\u00e9lectionn\u00e9 pour limiter les allerg\u00e8nes \u2022 Sans paraben \u2022 Pour toute la famille (d\u00e9s 5ans) \u2022 Contenance :400Ml \u2022 Dur\u00e9e d&rsquo;utilisation apr\u00e8s ouverture : 12 mois.<\/p>","protected":false},"excerpt":{"rendered":"<p>La texture du gel douche *Citrus* se transforme en une mousse hydratante, fine et soyeuse au contact de la peau, lib\u00e9rant un parfum de citron rafra\u00eechissant.<\/p>","protected":false},"featured_media":19932,"comment_status":"open","ping_status":"closed","template":"","meta":[],"product_brand":[],"product_cat":[75,169,278,81],"product_tag":[],"class_list":{"0":"post-5655","1":"product","2":"type-product","3":"status-publish","4":"has-post-thumbnail","6":"product_cat-femme","7":"product_cat-gel-douche-f","8":"product_cat-niall","9":"product_cat-soin-corps-f","11":"first","12":"outofstock","13":"shipping-taxable","14":"purchasable","15":"product-type-simple"},"_links":{"self":[{"href":"https:\/\/cosmeticstoredz.com\/ar\/wp-json\/wp\/v2\/product\/5655","targetHints":{"allow":["GET"]}}],"collection":[{"href":"https:\/\/cosmeticstoredz.com\/ar\/wp-json\/wp\/v2\/product"}],"about":[{"href":"https:\/\/cosmeticstoredz.com\/ar\/wp-json\/wp\/v2\/types\/product"}],"replies":[{"embeddable":true,"href":"https:\/\/cosmeticstoredz.com\/ar\/wp-json\/wp\/v2\/comments?post=5655"}],"version-history":[{"count":1,"href":"https:\/\/cosmeticstoredz.com\/ar\/wp-json\/wp\/v2\/product\/5655\/revisions"}],"predecessor-version":[{"id":19933,"href":"https:\/\/cosmeticstoredz.com\/ar\/wp-json\/wp\/v2\/product\/5655\/revisions\/19933"}],"wp:featuredmedia":[{"embeddable":true,"href":"https:\/\/cosmeticstoredz.com\/ar\/wp-json\/wp\/v2\/media\/19932"}],"wp:attachment":[{"href":"https:\/\/cosmeticstoredz.com\/ar\/wp-json\/wp\/v2\/media?parent=5655"}],"wp:term":[{"taxonomy":"product_brand","embeddable":true,"href":"https:\/\/cosmeticstoredz.com\/ar\/wp-json\/wp\/v2\/product_brand?post=5655"},{"taxonomy":"product_cat","embeddable":true,"href":"https:\/\/cosmeticstoredz.com\/ar\/wp-json\/wp\/v2\/product_cat?post=5655"},{"taxonomy":"product_tag","embeddable":true,"href":"https:\/\/cosmeticstoredz.com\/ar\/wp-json\/wp\/v2\/product_tag?post=5655"}],"curies":[{"name":"wp","href":"https:\/\/api.w.org\/{rel}","templated":true}]}}