{"id":5652,"date":"2025-06-04T18:36:06","date_gmt":"2025-06-04T18:36:06","guid":{"rendered":"https:\/\/test.fitnessworldgym27.com\/?post_type=product&#038;p=5652"},"modified":"2026-03-30T19:25:22","modified_gmt":"2026-03-30T19:25:22","slug":"loe-baume-a-levre-15g-peche","status":"publish","type":"product","link":"https:\/\/cosmeticstoredz.com\/ar\/product\/loe-baume-a-levre-15g-peche\/","title":{"rendered":"LOE BAUME A LEVRE 15G PECHE"},"content":{"rendered":"","protected":false},"excerpt":{"rendered":"<div class=\"woocommerce-product-details__short-description\">\n<p><em>Le baume<\/em> sent bon avec un go\u00fbt de p\u00eache et une texture tr\u00e8s agr\u00e9ables \u00e0 l\u2019application. Il est tr\u00e8s efficace, hydrate et prot\u00e8ge les <em>l\u00e8vres<\/em>\u00a0durablemen<\/p>\n<\/div>\n<form class=\"cart\" action=\"https:\/\/cosmeticstoredz.com\/ar\/product\/loe-baume-a-levre-15g-pomme\/\" enctype=\"multipart\/form-data\" method=\"post\" data-trp-original-action=\"https:\/\/cosmeticstoredz.com\/produit\/loe-baume-a-levre-15g-pomme\/\"><input type=\"hidden\" name=\"trp-form-language\" value=\"ar\"\/><\/form>","protected":false},"featured_media":0,"comment_status":"closed","ping_status":"closed","template":"","meta":[],"product_brand":[],"product_cat":[213,75,205,122],"product_tag":[],"class_list":{"0":"post-5652","1":"product","2":"type-product","3":"status-publish","5":"product_cat-baume-a-levres","6":"product_cat-femme","7":"product_cat-levres","8":"product_cat-make-up","10":"first","11":"outofstock","12":"shipping-taxable","13":"purchasable","14":"product-type-simple"},"_links":{"self":[{"href":"https:\/\/cosmeticstoredz.com\/ar\/wp-json\/wp\/v2\/product\/5652","targetHints":{"allow":["GET"]}}],"collection":[{"href":"https:\/\/cosmeticstoredz.com\/ar\/wp-json\/wp\/v2\/product"}],"about":[{"href":"https:\/\/cosmeticstoredz.com\/ar\/wp-json\/wp\/v2\/types\/product"}],"replies":[{"embeddable":true,"href":"https:\/\/cosmeticstoredz.com\/ar\/wp-json\/wp\/v2\/comments?post=5652"}],"version-history":[{"count":1,"href":"https:\/\/cosmeticstoredz.com\/ar\/wp-json\/wp\/v2\/product\/5652\/revisions"}],"predecessor-version":[{"id":19927,"href":"https:\/\/cosmeticstoredz.com\/ar\/wp-json\/wp\/v2\/product\/5652\/revisions\/19927"}],"wp:attachment":[{"href":"https:\/\/cosmeticstoredz.com\/ar\/wp-json\/wp\/v2\/media?parent=5652"}],"wp:term":[{"taxonomy":"product_brand","embeddable":true,"href":"https:\/\/cosmeticstoredz.com\/ar\/wp-json\/wp\/v2\/product_brand?post=5652"},{"taxonomy":"product_cat","embeddable":true,"href":"https:\/\/cosmeticstoredz.com\/ar\/wp-json\/wp\/v2\/product_cat?post=5652"},{"taxonomy":"product_tag","embeddable":true,"href":"https:\/\/cosmeticstoredz.com\/ar\/wp-json\/wp\/v2\/product_tag?post=5652"}],"curies":[{"name":"wp","href":"https:\/\/api.w.org\/{rel}","templated":true}]}}