{"id":5651,"date":"2025-06-04T18:36:06","date_gmt":"2025-06-04T18:36:06","guid":{"rendered":"https:\/\/test.fitnessworldgym27.com\/?post_type=product&#038;p=5651"},"modified":"2026-03-30T19:25:22","modified_gmt":"2026-03-30T19:25:22","slug":"loe-baume-a-levre-15g-pomme","status":"publish","type":"product","link":"https:\/\/cosmeticstoredz.com\/ar\/product\/loe-baume-a-levre-15g-pomme\/","title":{"rendered":"LOE BAUME A LEVRE 15G POMME"},"content":{"rendered":"","protected":false},"excerpt":{"rendered":"<p><em>Le baume<\/em>\u00a0sent bon avec un go\u00fbt de\u00a0<em>pomme<\/em>\u00a0et une texture tr\u00e8s agr\u00e9ables \u00e0 l&rsquo;application. Il est tr\u00e8s efficace, hydrate et prot\u00e8ge les\u00a0<em>l\u00e8vres<\/em> durablemen<\/p>","protected":false},"featured_media":0,"comment_status":"closed","ping_status":"closed","template":"","meta":[],"product_brand":[],"product_cat":[213,75,205,122],"product_tag":[90],"class_list":{"0":"post-5651","1":"product","2":"type-product","3":"status-publish","5":"product_cat-baume-a-levres","6":"product_cat-femme","7":"product_cat-levres","8":"product_cat-make-up","9":"product_tag-made-in-algeria","11":"first","12":"outofstock","13":"shipping-taxable","14":"purchasable","15":"product-type-simple"},"_links":{"self":[{"href":"https:\/\/cosmeticstoredz.com\/ar\/wp-json\/wp\/v2\/product\/5651","targetHints":{"allow":["GET"]}}],"collection":[{"href":"https:\/\/cosmeticstoredz.com\/ar\/wp-json\/wp\/v2\/product"}],"about":[{"href":"https:\/\/cosmeticstoredz.com\/ar\/wp-json\/wp\/v2\/types\/product"}],"replies":[{"embeddable":true,"href":"https:\/\/cosmeticstoredz.com\/ar\/wp-json\/wp\/v2\/comments?post=5651"}],"version-history":[{"count":1,"href":"https:\/\/cosmeticstoredz.com\/ar\/wp-json\/wp\/v2\/product\/5651\/revisions"}],"predecessor-version":[{"id":19926,"href":"https:\/\/cosmeticstoredz.com\/ar\/wp-json\/wp\/v2\/product\/5651\/revisions\/19926"}],"wp:attachment":[{"href":"https:\/\/cosmeticstoredz.com\/ar\/wp-json\/wp\/v2\/media?parent=5651"}],"wp:term":[{"taxonomy":"product_brand","embeddable":true,"href":"https:\/\/cosmeticstoredz.com\/ar\/wp-json\/wp\/v2\/product_brand?post=5651"},{"taxonomy":"product_cat","embeddable":true,"href":"https:\/\/cosmeticstoredz.com\/ar\/wp-json\/wp\/v2\/product_cat?post=5651"},{"taxonomy":"product_tag","embeddable":true,"href":"https:\/\/cosmeticstoredz.com\/ar\/wp-json\/wp\/v2\/product_tag?post=5651"}],"curies":[{"name":"wp","href":"https:\/\/api.w.org\/{rel}","templated":true}]}}