{"id":5650,"date":"2025-06-04T18:36:06","date_gmt":"2025-06-04T18:36:06","guid":{"rendered":"https:\/\/test.fitnessworldgym27.com\/?post_type=product&#038;p=5650"},"modified":"2026-03-30T19:25:21","modified_gmt":"2026-03-30T19:25:21","slug":"loe-baume-a-levre-15g-coco","status":"publish","type":"product","link":"https:\/\/cosmeticstoredz.com\/ar\/product\/loe-baume-a-levre-15g-coco\/","title":{"rendered":"LOE BAUME A LEVRE 15G COCO"},"content":{"rendered":"","protected":false},"excerpt":{"rendered":"<p>Ce baume l\u00e8vres nourrissant parfum\u00e9 \u00e0 la note gourmande de coco nourrit pendant 24h et adoucit les l\u00e8vres tr\u00e8s s\u00e8ches, gerc\u00e9es et ab\u00eem\u00e9es. Les l\u00e8vres sont r\u00e9par\u00e9es, apais\u00e9es, douces et souples.<\/p>","protected":false},"featured_media":0,"comment_status":"closed","ping_status":"closed","template":"","meta":[],"product_brand":[],"product_cat":[213,75,205,122],"product_tag":[],"class_list":{"0":"post-5650","1":"product","2":"type-product","3":"status-publish","5":"product_cat-baume-a-levres","6":"product_cat-femme","7":"product_cat-levres","8":"product_cat-make-up","10":"first","11":"outofstock","12":"shipping-taxable","13":"purchasable","14":"product-type-simple"},"_links":{"self":[{"href":"https:\/\/cosmeticstoredz.com\/ar\/wp-json\/wp\/v2\/product\/5650","targetHints":{"allow":["GET"]}}],"collection":[{"href":"https:\/\/cosmeticstoredz.com\/ar\/wp-json\/wp\/v2\/product"}],"about":[{"href":"https:\/\/cosmeticstoredz.com\/ar\/wp-json\/wp\/v2\/types\/product"}],"replies":[{"embeddable":true,"href":"https:\/\/cosmeticstoredz.com\/ar\/wp-json\/wp\/v2\/comments?post=5650"}],"version-history":[{"count":1,"href":"https:\/\/cosmeticstoredz.com\/ar\/wp-json\/wp\/v2\/product\/5650\/revisions"}],"predecessor-version":[{"id":19925,"href":"https:\/\/cosmeticstoredz.com\/ar\/wp-json\/wp\/v2\/product\/5650\/revisions\/19925"}],"wp:attachment":[{"href":"https:\/\/cosmeticstoredz.com\/ar\/wp-json\/wp\/v2\/media?parent=5650"}],"wp:term":[{"taxonomy":"product_brand","embeddable":true,"href":"https:\/\/cosmeticstoredz.com\/ar\/wp-json\/wp\/v2\/product_brand?post=5650"},{"taxonomy":"product_cat","embeddable":true,"href":"https:\/\/cosmeticstoredz.com\/ar\/wp-json\/wp\/v2\/product_cat?post=5650"},{"taxonomy":"product_tag","embeddable":true,"href":"https:\/\/cosmeticstoredz.com\/ar\/wp-json\/wp\/v2\/product_tag?post=5650"}],"curies":[{"name":"wp","href":"https:\/\/api.w.org\/{rel}","templated":true}]}}