{"id":5649,"date":"2025-06-04T18:36:06","date_gmt":"2025-06-04T18:36:06","guid":{"rendered":"https:\/\/test.fitnessworldgym27.com\/?post_type=product&#038;p=5649"},"modified":"2026-03-30T19:25:21","modified_gmt":"2026-03-30T19:25:21","slug":"loe-baume-a-levre-15g-fraise","status":"publish","type":"product","link":"https:\/\/cosmeticstoredz.com\/ar\/product\/loe-baume-a-levre-15g-fraise\/","title":{"rendered":"LOE BAUME A LEVRE 15G FRAISE"},"content":{"rendered":"<p>Ce baume a l\u00e8vre est une vaseline parfum\u00e9e qui existe en\u00a0 plusieurs parfums.<\/p>\n<p>Il se pr\u00e9sente dans de toutes petites boites rondes en plastique de 15 g qui le\u00a0 distinguent des traditionnels sticks.<\/p>\n<p>Le baume sent bon avec un go\u00fbt de fraise et une texture tr\u00e8s agr\u00e9ables \u00e0 l\u2019application. Il est\u00a0 tr\u00e8s efficace, hydrate et prot\u00e8ge les l\u00e8vres durablement.<\/p>\n<p>Les l\u00e8vres se trouvent souples, douces et bien nourries.<\/p>\n<p>Grace \u00e0 son packaging, il est facile \u00e0 glisser dans son sac.<\/p>","protected":false},"excerpt":{"rendered":"<p>Ce baume a l\u00e8vre est une vaseline parfum\u00e9e qui existe en\u00a0 plusieurs parfums. Il se pr\u00e9sente dans de toutes petites<\/p>","protected":false},"featured_media":19923,"comment_status":"open","ping_status":"closed","template":"","meta":[],"product_brand":[],"product_cat":[213,75,205,122],"product_tag":[],"class_list":{"0":"post-5649","1":"product","2":"type-product","3":"status-publish","4":"has-post-thumbnail","6":"product_cat-baume-a-levres","7":"product_cat-femme","8":"product_cat-levres","9":"product_cat-make-up","11":"first","12":"outofstock","13":"shipping-taxable","14":"purchasable","15":"product-type-simple"},"_links":{"self":[{"href":"https:\/\/cosmeticstoredz.com\/ar\/wp-json\/wp\/v2\/product\/5649","targetHints":{"allow":["GET"]}}],"collection":[{"href":"https:\/\/cosmeticstoredz.com\/ar\/wp-json\/wp\/v2\/product"}],"about":[{"href":"https:\/\/cosmeticstoredz.com\/ar\/wp-json\/wp\/v2\/types\/product"}],"replies":[{"embeddable":true,"href":"https:\/\/cosmeticstoredz.com\/ar\/wp-json\/wp\/v2\/comments?post=5649"}],"version-history":[{"count":1,"href":"https:\/\/cosmeticstoredz.com\/ar\/wp-json\/wp\/v2\/product\/5649\/revisions"}],"predecessor-version":[{"id":19924,"href":"https:\/\/cosmeticstoredz.com\/ar\/wp-json\/wp\/v2\/product\/5649\/revisions\/19924"}],"wp:featuredmedia":[{"embeddable":true,"href":"https:\/\/cosmeticstoredz.com\/ar\/wp-json\/wp\/v2\/media\/19923"}],"wp:attachment":[{"href":"https:\/\/cosmeticstoredz.com\/ar\/wp-json\/wp\/v2\/media?parent=5649"}],"wp:term":[{"taxonomy":"product_brand","embeddable":true,"href":"https:\/\/cosmeticstoredz.com\/ar\/wp-json\/wp\/v2\/product_brand?post=5649"},{"taxonomy":"product_cat","embeddable":true,"href":"https:\/\/cosmeticstoredz.com\/ar\/wp-json\/wp\/v2\/product_cat?post=5649"},{"taxonomy":"product_tag","embeddable":true,"href":"https:\/\/cosmeticstoredz.com\/ar\/wp-json\/wp\/v2\/product_tag?post=5649"}],"curies":[{"name":"wp","href":"https:\/\/api.w.org\/{rel}","templated":true}]}}