{"id":5558,"date":"2025-06-04T18:35:13","date_gmt":"2025-06-04T18:35:13","guid":{"rendered":"https:\/\/test.fitnessworldgym27.com\/?post_type=product&#038;p=5558"},"modified":"2026-03-30T19:25:42","modified_gmt":"2026-03-30T19:25:42","slug":"polycos-huile-de-massage-relax-au-citron","status":"publish","type":"product","link":"https:\/\/cosmeticstoredz.com\/ar\/product\/polycos-huile-de-massage-relax-au-citron\/","title":{"rendered":"POLYCOS HUILE DE MASSAGE RELAX AU CITRON"},"content":{"rendered":"","protected":false},"excerpt":{"rendered":"<div class=\"ProductMeta__Description\">\n<div class=\"Rte\">\n<p>D\u00e9couvrez notre Huile de Massage au Citron, une invitation \u00e0 la d\u00e9tente absolue. Sa fragrance envo\u00fbtante vous transporte vers un \u00e9tat de relaxation profonde, tandis que sa formule nourrissante adoucit et pr\u00e9serve votre peau. Offrez-vous une exp\u00e9rience sensorielle unique et sublimez votre routine de soin avec notre huile irr\u00e9sistible au citron.<\/p>\n<\/div>\n<\/div>","protected":false},"featured_media":19837,"comment_status":"open","ping_status":"closed","template":"","meta":[],"product_brand":[],"product_cat":[75,100,329,81],"product_tag":[],"class_list":{"0":"post-5558","1":"product","2":"type-product","3":"status-publish","4":"has-post-thumbnail","6":"product_cat-femme","7":"product_cat-huile-de-massage","8":"product_cat-polycos","9":"product_cat-soin-corps-f","11":"first","12":"instock","13":"shipping-taxable","14":"purchasable","15":"product-type-simple"},"_links":{"self":[{"href":"https:\/\/cosmeticstoredz.com\/ar\/wp-json\/wp\/v2\/product\/5558","targetHints":{"allow":["GET"]}}],"collection":[{"href":"https:\/\/cosmeticstoredz.com\/ar\/wp-json\/wp\/v2\/product"}],"about":[{"href":"https:\/\/cosmeticstoredz.com\/ar\/wp-json\/wp\/v2\/types\/product"}],"replies":[{"embeddable":true,"href":"https:\/\/cosmeticstoredz.com\/ar\/wp-json\/wp\/v2\/comments?post=5558"}],"version-history":[{"count":1,"href":"https:\/\/cosmeticstoredz.com\/ar\/wp-json\/wp\/v2\/product\/5558\/revisions"}],"predecessor-version":[{"id":19838,"href":"https:\/\/cosmeticstoredz.com\/ar\/wp-json\/wp\/v2\/product\/5558\/revisions\/19838"}],"wp:featuredmedia":[{"embeddable":true,"href":"https:\/\/cosmeticstoredz.com\/ar\/wp-json\/wp\/v2\/media\/19837"}],"wp:attachment":[{"href":"https:\/\/cosmeticstoredz.com\/ar\/wp-json\/wp\/v2\/media?parent=5558"}],"wp:term":[{"taxonomy":"product_brand","embeddable":true,"href":"https:\/\/cosmeticstoredz.com\/ar\/wp-json\/wp\/v2\/product_brand?post=5558"},{"taxonomy":"product_cat","embeddable":true,"href":"https:\/\/cosmeticstoredz.com\/ar\/wp-json\/wp\/v2\/product_cat?post=5558"},{"taxonomy":"product_tag","embeddable":true,"href":"https:\/\/cosmeticstoredz.com\/ar\/wp-json\/wp\/v2\/product_tag?post=5558"}],"curies":[{"name":"wp","href":"https:\/\/api.w.org\/{rel}","templated":true}]}}