{"id":5554,"date":"2025-06-04T18:35:13","date_gmt":"2025-06-04T18:35:13","guid":{"rendered":"https:\/\/test.fitnessworldgym27.com\/?post_type=product&#038;p=5554"},"modified":"2026-03-30T19:25:40","modified_gmt":"2026-03-30T19:25:40","slug":"polycos-dentifrice-protect-white","status":"publish","type":"product","link":"https:\/\/cosmeticstoredz.com\/ar\/product\/polycos-dentifrice-protect-white\/","title":{"rendered":"POLYCOS DENTIFRICE PROTECT WHITE"},"content":{"rendered":"","protected":false},"excerpt":{"rendered":"<div class=\"ProductMeta__Description\">\n<div class=\"Rte\">\n<p>Le dentifrice \u00a0Polycos \u00a0\u00e0 \u00a0l&rsquo;Aloe Vera \u00a0est \u00a0recommand\u00e9 \u00a0aux \u00a0personnes ayant \u00a0des \u00a0gencives sensibles \u00a0et \u00a0pour renforcer les gencives. \u00a0\u00c0 \u00a0L&rsquo;extrait \u00a0d&rsquo;Aloe \u00a0vera \u00a0qui \u00a0est \u00a0un \u00a0rem\u00e8de tr\u00e8s efficace pour combattre les bact\u00e9ries \u00a0et \u00a0les infections, \u00a0favoriser la gu\u00e9rison des plaies et des ulc\u00e8res, et apaiser les gencives. Recommand\u00e9 pour traiter les maladies de la muqueuse buccale<\/p>\n<\/div>\n<\/div>","protected":false},"featured_media":19829,"comment_status":"open","ping_status":"closed","template":"","meta":[],"product_brand":[],"product_cat":[164,314,166,75,72,329,163],"product_tag":[],"class_list":{"0":"post-5554","1":"product","2":"type-product","3":"status-publish","4":"has-post-thumbnail","6":"product_cat-dentifirice","7":"product_cat-dentifrice-f","8":"product_cat-dentifrice-h","9":"product_cat-femme","10":"product_cat-homme","11":"product_cat-polycos","12":"product_cat-soin-dentaire","14":"first","15":"instock","16":"shipping-taxable","17":"purchasable","18":"product-type-simple"},"_links":{"self":[{"href":"https:\/\/cosmeticstoredz.com\/ar\/wp-json\/wp\/v2\/product\/5554","targetHints":{"allow":["GET"]}}],"collection":[{"href":"https:\/\/cosmeticstoredz.com\/ar\/wp-json\/wp\/v2\/product"}],"about":[{"href":"https:\/\/cosmeticstoredz.com\/ar\/wp-json\/wp\/v2\/types\/product"}],"replies":[{"embeddable":true,"href":"https:\/\/cosmeticstoredz.com\/ar\/wp-json\/wp\/v2\/comments?post=5554"}],"version-history":[{"count":1,"href":"https:\/\/cosmeticstoredz.com\/ar\/wp-json\/wp\/v2\/product\/5554\/revisions"}],"predecessor-version":[{"id":19830,"href":"https:\/\/cosmeticstoredz.com\/ar\/wp-json\/wp\/v2\/product\/5554\/revisions\/19830"}],"wp:featuredmedia":[{"embeddable":true,"href":"https:\/\/cosmeticstoredz.com\/ar\/wp-json\/wp\/v2\/media\/19829"}],"wp:attachment":[{"href":"https:\/\/cosmeticstoredz.com\/ar\/wp-json\/wp\/v2\/media?parent=5554"}],"wp:term":[{"taxonomy":"product_brand","embeddable":true,"href":"https:\/\/cosmeticstoredz.com\/ar\/wp-json\/wp\/v2\/product_brand?post=5554"},{"taxonomy":"product_cat","embeddable":true,"href":"https:\/\/cosmeticstoredz.com\/ar\/wp-json\/wp\/v2\/product_cat?post=5554"},{"taxonomy":"product_tag","embeddable":true,"href":"https:\/\/cosmeticstoredz.com\/ar\/wp-json\/wp\/v2\/product_tag?post=5554"}],"curies":[{"name":"wp","href":"https:\/\/api.w.org\/{rel}","templated":true}]}}