{"id":5525,"date":"2025-06-04T18:34:51","date_gmt":"2025-06-04T18:34:51","guid":{"rendered":"https:\/\/test.fitnessworldgym27.com\/?post_type=product&#038;p=5525"},"modified":"2026-03-30T19:25:40","modified_gmt":"2026-03-30T19:25:40","slug":"polycos-creme-mains-peaux-seches-au-beurre-de-karite","status":"publish","type":"product","link":"https:\/\/cosmeticstoredz.com\/ar\/product\/polycos-creme-mains-peaux-seches-au-beurre-de-karite\/","title":{"rendered":"POLYCOS CREME MAINS PEAUX SECHES AU BEURRE DE KARITE"},"content":{"rendered":"","protected":false},"excerpt":{"rendered":"<div class=\"ProductMeta__Description\">\n<div class=\"Rte\">Nourrissant et protecteur, le Beurre de Karit\u00e9 d\u00e9voile tous ses bienfaits dans cette formule fondante \u00e0 souhait. Il nourrit intens\u00e9ment et r\u00e9g\u00e9n\u00e8re les peaux fragilis\u00e9es par les agressions ext\u00e9rieures. Non collante, la texture onctueuse et d\u00e9licatement parfum\u00e9e de cette cr\u00e8me mains apaise instantan\u00e9ment. Mieux prot\u00e9g\u00e9e, votre peau est plus souple, vos mains plus douces.<\/div>\n<\/div>\n<div class=\"Product__QuickNav hidden-pocket\">\n<div class=\"Product__QuickNavWrapper\"><\/div>\n<\/div>","protected":false},"featured_media":19805,"comment_status":"open","ping_status":"closed","template":"","meta":[],"product_brand":[],"product_cat":[82,75,329,81],"product_tag":[],"class_list":{"0":"post-5525","1":"product","2":"type-product","3":"status-publish","4":"has-post-thumbnail","6":"product_cat-creme-hydratante-fc","7":"product_cat-femme","8":"product_cat-polycos","9":"product_cat-soin-corps-f","11":"first","12":"instock","13":"shipping-taxable","14":"purchasable","15":"product-type-simple"},"_links":{"self":[{"href":"https:\/\/cosmeticstoredz.com\/ar\/wp-json\/wp\/v2\/product\/5525","targetHints":{"allow":["GET"]}}],"collection":[{"href":"https:\/\/cosmeticstoredz.com\/ar\/wp-json\/wp\/v2\/product"}],"about":[{"href":"https:\/\/cosmeticstoredz.com\/ar\/wp-json\/wp\/v2\/types\/product"}],"replies":[{"embeddable":true,"href":"https:\/\/cosmeticstoredz.com\/ar\/wp-json\/wp\/v2\/comments?post=5525"}],"version-history":[{"count":1,"href":"https:\/\/cosmeticstoredz.com\/ar\/wp-json\/wp\/v2\/product\/5525\/revisions"}],"predecessor-version":[{"id":19806,"href":"https:\/\/cosmeticstoredz.com\/ar\/wp-json\/wp\/v2\/product\/5525\/revisions\/19806"}],"wp:featuredmedia":[{"embeddable":true,"href":"https:\/\/cosmeticstoredz.com\/ar\/wp-json\/wp\/v2\/media\/19805"}],"wp:attachment":[{"href":"https:\/\/cosmeticstoredz.com\/ar\/wp-json\/wp\/v2\/media?parent=5525"}],"wp:term":[{"taxonomy":"product_brand","embeddable":true,"href":"https:\/\/cosmeticstoredz.com\/ar\/wp-json\/wp\/v2\/product_brand?post=5525"},{"taxonomy":"product_cat","embeddable":true,"href":"https:\/\/cosmeticstoredz.com\/ar\/wp-json\/wp\/v2\/product_cat?post=5525"},{"taxonomy":"product_tag","embeddable":true,"href":"https:\/\/cosmeticstoredz.com\/ar\/wp-json\/wp\/v2\/product_tag?post=5525"}],"curies":[{"name":"wp","href":"https:\/\/api.w.org\/{rel}","templated":true}]}}