{"id":5524,"date":"2025-06-04T18:34:51","date_gmt":"2025-06-04T18:34:51","guid":{"rendered":"https:\/\/test.fitnessworldgym27.com\/?post_type=product&#038;p=5524"},"modified":"2026-03-30T19:25:40","modified_gmt":"2026-03-30T19:25:40","slug":"polycos-eau-de-cologne-750ml-fleur-d-oranger","status":"publish","type":"product","link":"https:\/\/cosmeticstoredz.com\/ar\/product\/polycos-eau-de-cologne-750ml-fleur-d-oranger\/","title":{"rendered":"POLYCOS EAU DE COLOGNE 750ML FLEUR D ORANGER"},"content":{"rendered":"","protected":false},"excerpt":{"rendered":"<p>Une Eau de Cologne originale \u00e0 la Fleur d\u2019oranger de Polycos paris est synonyme d\u2019\u00e9panouissement. Elle offre une irr\u00e9sistible fraicheur et un bien -\u00eatres exceptionnelle par ses notes sensuelles. Sont parfum irr\u00e9sistible vous plongera dans un r\u00eave orienta<\/p>","protected":false},"featured_media":19803,"comment_status":"open","ping_status":"closed","template":"","meta":[],"product_brand":[],"product_cat":[251,252,75,329],"product_tag":[],"class_list":{"0":"post-5524","1":"product","2":"type-product","3":"status-publish","4":"has-post-thumbnail","6":"product_cat-eau-de-cologne-parfum-h","7":"product_cat-eau-de-cologne-f","8":"product_cat-femme","9":"product_cat-polycos","11":"first","12":"instock","13":"shipping-taxable","14":"purchasable","15":"product-type-simple"},"_links":{"self":[{"href":"https:\/\/cosmeticstoredz.com\/ar\/wp-json\/wp\/v2\/product\/5524","targetHints":{"allow":["GET"]}}],"collection":[{"href":"https:\/\/cosmeticstoredz.com\/ar\/wp-json\/wp\/v2\/product"}],"about":[{"href":"https:\/\/cosmeticstoredz.com\/ar\/wp-json\/wp\/v2\/types\/product"}],"replies":[{"embeddable":true,"href":"https:\/\/cosmeticstoredz.com\/ar\/wp-json\/wp\/v2\/comments?post=5524"}],"version-history":[{"count":1,"href":"https:\/\/cosmeticstoredz.com\/ar\/wp-json\/wp\/v2\/product\/5524\/revisions"}],"predecessor-version":[{"id":19804,"href":"https:\/\/cosmeticstoredz.com\/ar\/wp-json\/wp\/v2\/product\/5524\/revisions\/19804"}],"wp:featuredmedia":[{"embeddable":true,"href":"https:\/\/cosmeticstoredz.com\/ar\/wp-json\/wp\/v2\/media\/19803"}],"wp:attachment":[{"href":"https:\/\/cosmeticstoredz.com\/ar\/wp-json\/wp\/v2\/media?parent=5524"}],"wp:term":[{"taxonomy":"product_brand","embeddable":true,"href":"https:\/\/cosmeticstoredz.com\/ar\/wp-json\/wp\/v2\/product_brand?post=5524"},{"taxonomy":"product_cat","embeddable":true,"href":"https:\/\/cosmeticstoredz.com\/ar\/wp-json\/wp\/v2\/product_cat?post=5524"},{"taxonomy":"product_tag","embeddable":true,"href":"https:\/\/cosmeticstoredz.com\/ar\/wp-json\/wp\/v2\/product_tag?post=5524"}],"curies":[{"name":"wp","href":"https:\/\/api.w.org\/{rel}","templated":true}]}}