{"id":5520,"date":"2025-06-04T18:34:51","date_gmt":"2025-06-04T18:34:51","guid":{"rendered":"https:\/\/test.fitnessworldgym27.com\/?post_type=product&#038;p=5520"},"modified":"2026-05-02T18:59:30","modified_gmt":"2026-05-02T18:59:30","slug":"polycos-a-shp-sans-sulfate","status":"publish","type":"product","link":"https:\/\/cosmeticstoredz.com\/ar\/product\/polycos-a-shp-sans-sulfate\/","title":{"rendered":"POLYCOS A\/SHP SANS SULFATE"},"content":{"rendered":"","protected":false},"excerpt":{"rendered":"<p>Le Baume D\u00e9m\u00ealant sans sulfate de Polycos Paris est id\u00e9al pour faciliter le coiffage et le d\u00e9m\u00ealage des cheveux secs et ab\u00eem\u00e9s. Enrichi en b\u00e9ta\u00efne et la Glyc\u00e9rine v\u00e9g\u00e9tale nourrissante, ce baume d\u00e9m\u00ealant lisse la fibre capillaire, apporte brillance et l\u00e9g\u00e8ret\u00e9 aux cheveux qui retrouvent leur souplesse, sans \u00eatre alourdis. Le coiffage et le d\u00e9m\u00ealage est facilit\u00e9 gr\u00e2ce aux agents hydratants et d\u00e9m\u00ealants de sa formule.<\/p>","protected":false},"featured_media":19795,"comment_status":"closed","ping_status":"closed","template":"","meta":[],"product_brand":[],"product_cat":[160,75],"product_tag":[90],"class_list":{"0":"post-5520","1":"product","2":"type-product","3":"status-publish","4":"has-post-thumbnail","6":"product_cat-apres-shampoing-f","7":"product_cat-femme","8":"product_tag-made-in-algeria","10":"first","11":"outofstock","12":"shipping-taxable","13":"purchasable","14":"product-type-simple"},"yoast_head":"<!-- This site is optimized with the Yoast SEO plugin v27.3 - https:\/\/yoast.com\/product\/yoast-seo-wordpress\/ -->\n<title>POLYCOS A\/SHP SANS SULFATE - Cosmetic Store<\/title>\n<meta name=\"robots\" content=\"index, follow, max-snippet:-1, max-image-preview:large, max-video-preview:-1\" \/>\n<link rel=\"canonical\" href=\"https:\/\/cosmeticstoredz.com\/ar\/product\/polycos-a-shp-sans-sulfate\/\" \/>\n<meta property=\"og:locale\" content=\"ar_AR\" \/>\n<meta property=\"og:type\" content=\"article\" \/>\n<meta property=\"og:title\" content=\"POLYCOS A\/SHP SANS SULFATE - Cosmetic Store\" \/>\n<meta property=\"og:description\" content=\"Le Baume D\u00e9m\u00ealant sans sulfate de Polycos Paris est id\u00e9al pour faciliter le coiffage et le d\u00e9m\u00ealage des cheveux secs et ab\u00eem\u00e9s. Enrichi en b\u00e9ta\u00efne et la Glyc\u00e9rine v\u00e9g\u00e9tale nourrissante, ce baume d\u00e9m\u00ealant lisse la fibre capillaire, apporte brillance et l\u00e9g\u00e8ret\u00e9 aux cheveux qui retrouvent leur souplesse, sans \u00eatre alourdis. Le coiffage et le d\u00e9m\u00ealage est facilit\u00e9 gr\u00e2ce aux agents hydratants et d\u00e9m\u00ealants de sa formule.\" \/>\n<meta property=\"og:url\" content=\"https:\/\/cosmeticstoredz.com\/ar\/product\/polycos-a-shp-sans-sulfate\/\" \/>\n<meta property=\"og:site_name\" content=\"Cosmetic Store\" \/>\n<meta property=\"article:publisher\" content=\"https:\/\/www.facebook.com\/profile.php?id=61564954260683\" \/>\n<meta property=\"article:modified_time\" content=\"2026-05-02T18:59:30+00:00\" \/>\n<meta property=\"og:image\" content=\"https:\/\/cosmeticstoredz.com\/wp-content\/uploads\/2026\/02\/SPLENDID-SERUM-CHVX-BOUCLES-14.png\" \/>\n\t<meta property=\"og:image:width\" content=\"1563\" \/>\n\t<meta property=\"og:image:height\" content=\"1563\" \/>\n\t<meta property=\"og:image:type\" content=\"image\/png\" \/>\n<meta name=\"twitter:card\" content=\"summary_large_image\" \/>\n<script type=\"application\/ld+json\" class=\"yoast-schema-graph\">{\"@context\":\"https:\\\/\\\/schema.org\",\"@graph\":[{\"@type\":\"WebPage\",\"@id\":\"https:\\\/\\\/cosmeticstoredz.com\\\/produit\\\/polycos-a-shp-sans-sulfate\\\/\",\"url\":\"https:\\\/\\\/cosmeticstoredz.com\\\/produit\\\/polycos-a-shp-sans-sulfate\\\/\",\"name\":\"POLYCOS A\\\/SHP SANS SULFATE - Cosmetic Store\",\"isPartOf\":{\"@id\":\"https:\\\/\\\/cosmeticstoredz.com\\\/#website\"},\"primaryImageOfPage\":{\"@id\":\"https:\\\/\\\/cosmeticstoredz.com\\\/produit\\\/polycos-a-shp-sans-sulfate\\\/#primaryimage\"},\"image\":{\"@id\":\"https:\\\/\\\/cosmeticstoredz.com\\\/produit\\\/polycos-a-shp-sans-sulfate\\\/#primaryimage\"},\"thumbnailUrl\":\"https:\\\/\\\/cosmeticstoredz.com\\\/wp-content\\\/uploads\\\/2026\\\/02\\\/SPLENDID-SERUM-CHVX-BOUCLES-14.png\",\"datePublished\":\"2025-06-04T18:34:51+00:00\",\"dateModified\":\"2026-05-02T18:59:30+00:00\",\"breadcrumb\":{\"@id\":\"https:\\\/\\\/cosmeticstoredz.com\\\/produit\\\/polycos-a-shp-sans-sulfate\\\/#breadcrumb\"},\"inLanguage\":\"ar\",\"potentialAction\":[{\"@type\":\"ReadAction\",\"target\":[\"https:\\\/\\\/cosmeticstoredz.com\\\/produit\\\/polycos-a-shp-sans-sulfate\\\/\"]}]},{\"@type\":\"ImageObject\",\"inLanguage\":\"ar\",\"@id\":\"https:\\\/\\\/cosmeticstoredz.com\\\/produit\\\/polycos-a-shp-sans-sulfate\\\/#primaryimage\",\"url\":\"https:\\\/\\\/cosmeticstoredz.com\\\/wp-content\\\/uploads\\\/2026\\\/02\\\/SPLENDID-SERUM-CHVX-BOUCLES-14.png\",\"contentUrl\":\"https:\\\/\\\/cosmeticstoredz.com\\\/wp-content\\\/uploads\\\/2026\\\/02\\\/SPLENDID-SERUM-CHVX-BOUCLES-14.png\",\"width\":1563,\"height\":1563},{\"@type\":\"BreadcrumbList\",\"@id\":\"https:\\\/\\\/cosmeticstoredz.com\\\/produit\\\/polycos-a-shp-sans-sulfate\\\/#breadcrumb\",\"itemListElement\":[{\"@type\":\"ListItem\",\"position\":1,\"name\":\"Accueil\",\"item\":\"https:\\\/\\\/cosmeticstoredz.com\\\/\"},{\"@type\":\"ListItem\",\"position\":2,\"name\":\"Boutique\",\"item\":\"https:\\\/\\\/cosmeticstoredz.com\\\/boutique\\\/\"},{\"@type\":\"ListItem\",\"position\":3,\"name\":\"POLYCOS A\\\/SHP SANS SULFATE\"}]},{\"@type\":\"WebSite\",\"@id\":\"https:\\\/\\\/cosmeticstoredz.com\\\/#website\",\"url\":\"https:\\\/\\\/cosmeticstoredz.com\\\/\",\"name\":\"Cosmetic Store\",\"description\":\"\",\"publisher\":{\"@id\":\"https:\\\/\\\/cosmeticstoredz.com\\\/#organization\"},\"potentialAction\":[{\"@type\":\"SearchAction\",\"target\":{\"@type\":\"EntryPoint\",\"urlTemplate\":\"https:\\\/\\\/cosmeticstoredz.com\\\/?s={search_term_string}\"},\"query-input\":{\"@type\":\"PropertyValueSpecification\",\"valueRequired\":true,\"valueName\":\"search_term_string\"}}],\"inLanguage\":\"ar\"},{\"@type\":\"Organization\",\"@id\":\"https:\\\/\\\/cosmeticstoredz.com\\\/#organization\",\"name\":\"Cosmetic Store\",\"url\":\"https:\\\/\\\/cosmeticstoredz.com\\\/\",\"logo\":{\"@type\":\"ImageObject\",\"inLanguage\":\"ar\",\"@id\":\"https:\\\/\\\/cosmeticstoredz.com\\\/#\\\/schema\\\/logo\\\/image\\\/\",\"url\":\"https:\\\/\\\/cosmeticstoredz.com\\\/wp-content\\\/uploads\\\/2026\\\/02\\\/cropped-LOGO_CS-512x512-1-1-e1771275285345.webp\",\"contentUrl\":\"https:\\\/\\\/cosmeticstoredz.com\\\/wp-content\\\/uploads\\\/2026\\\/02\\\/cropped-LOGO_CS-512x512-1-1-e1771275285345.webp\",\"width\":265,\"height\":319,\"caption\":\"Cosmetic Store\"},\"image\":{\"@id\":\"https:\\\/\\\/cosmeticstoredz.com\\\/#\\\/schema\\\/logo\\\/image\\\/\"},\"sameAs\":[\"https:\\\/\\\/www.facebook.com\\\/profile.php?id=61564954260683\",\"https:\\\/\\\/www.instagram.com\\\/cosmetic.storedz\\\/\"]}]}<\/script>\n<!-- \/ Yoast SEO plugin. -->","yoast_head_json":{"title":"POLYCOS A\/SHP SANS SULFATE - Cosmetic Store","robots":{"index":"index","follow":"follow","max-snippet":"max-snippet:-1","max-image-preview":"max-image-preview:large","max-video-preview":"max-video-preview:-1"},"canonical":"https:\/\/cosmeticstoredz.com\/ar\/product\/polycos-a-shp-sans-sulfate\/","og_locale":"ar_AR","og_type":"article","og_title":"POLYCOS A\/SHP SANS SULFATE - Cosmetic Store","og_description":"Le Baume D\u00e9m\u00ealant sans sulfate de Polycos Paris est id\u00e9al pour faciliter le coiffage et le d\u00e9m\u00ealage des cheveux secs et ab\u00eem\u00e9s. Enrichi en b\u00e9ta\u00efne et la Glyc\u00e9rine v\u00e9g\u00e9tale nourrissante, ce baume d\u00e9m\u00ealant lisse la fibre capillaire, apporte brillance et l\u00e9g\u00e8ret\u00e9 aux cheveux qui retrouvent leur souplesse, sans \u00eatre alourdis. Le coiffage et le d\u00e9m\u00ealage est facilit\u00e9 gr\u00e2ce aux agents hydratants et d\u00e9m\u00ealants de sa formule.","og_url":"https:\/\/cosmeticstoredz.com\/ar\/product\/polycos-a-shp-sans-sulfate\/","og_site_name":"Cosmetic Store","article_publisher":"https:\/\/www.facebook.com\/profile.php?id=61564954260683","article_modified_time":"2026-05-02T18:59:30+00:00","og_image":[{"width":1563,"height":1563,"url":"https:\/\/cosmeticstoredz.com\/wp-content\/uploads\/2026\/02\/SPLENDID-SERUM-CHVX-BOUCLES-14.png","type":"image\/png"}],"twitter_card":"summary_large_image","schema":{"@context":"https:\/\/schema.org","@graph":[{"@type":"WebPage","@id":"https:\/\/cosmeticstoredz.com\/produit\/polycos-a-shp-sans-sulfate\/","url":"https:\/\/cosmeticstoredz.com\/produit\/polycos-a-shp-sans-sulfate\/","name":"POLYCOS A\/SHP SANS SULFATE - Cosmetic Store","isPartOf":{"@id":"https:\/\/cosmeticstoredz.com\/#website"},"primaryImageOfPage":{"@id":"https:\/\/cosmeticstoredz.com\/produit\/polycos-a-shp-sans-sulfate\/#primaryimage"},"image":{"@id":"https:\/\/cosmeticstoredz.com\/produit\/polycos-a-shp-sans-sulfate\/#primaryimage"},"thumbnailUrl":"https:\/\/cosmeticstoredz.com\/wp-content\/uploads\/2026\/02\/SPLENDID-SERUM-CHVX-BOUCLES-14.png","datePublished":"2025-06-04T18:34:51+00:00","dateModified":"2026-05-02T18:59:30+00:00","breadcrumb":{"@id":"https:\/\/cosmeticstoredz.com\/produit\/polycos-a-shp-sans-sulfate\/#breadcrumb"},"inLanguage":"ar","potentialAction":[{"@type":"ReadAction","target":["https:\/\/cosmeticstoredz.com\/produit\/polycos-a-shp-sans-sulfate\/"]}]},{"@type":"ImageObject","inLanguage":"ar","@id":"https:\/\/cosmeticstoredz.com\/produit\/polycos-a-shp-sans-sulfate\/#primaryimage","url":"https:\/\/cosmeticstoredz.com\/wp-content\/uploads\/2026\/02\/SPLENDID-SERUM-CHVX-BOUCLES-14.png","contentUrl":"https:\/\/cosmeticstoredz.com\/wp-content\/uploads\/2026\/02\/SPLENDID-SERUM-CHVX-BOUCLES-14.png","width":1563,"height":1563},{"@type":"BreadcrumbList","@id":"https:\/\/cosmeticstoredz.com\/produit\/polycos-a-shp-sans-sulfate\/#breadcrumb","itemListElement":[{"@type":"ListItem","position":1,"name":"Accueil","item":"https:\/\/cosmeticstoredz.com\/"},{"@type":"ListItem","position":2,"name":"Boutique","item":"https:\/\/cosmeticstoredz.com\/boutique\/"},{"@type":"ListItem","position":3,"name":"POLYCOS A\/SHP SANS SULFATE"}]},{"@type":"WebSite","@id":"https:\/\/cosmeticstoredz.com\/#website","url":"https:\/\/cosmeticstoredz.com\/","name":"Cosmetic Store","description":"","publisher":{"@id":"https:\/\/cosmeticstoredz.com\/#organization"},"potentialAction":[{"@type":"SearchAction","target":{"@type":"EntryPoint","urlTemplate":"https:\/\/cosmeticstoredz.com\/?s={search_term_string}"},"query-input":{"@type":"PropertyValueSpecification","valueRequired":true,"valueName":"search_term_string"}}],"inLanguage":"ar"},{"@type":"Organization","@id":"https:\/\/cosmeticstoredz.com\/#organization","name":"Cosmetic Store","url":"https:\/\/cosmeticstoredz.com\/","logo":{"@type":"ImageObject","inLanguage":"ar","@id":"https:\/\/cosmeticstoredz.com\/#\/schema\/logo\/image\/","url":"https:\/\/cosmeticstoredz.com\/wp-content\/uploads\/2026\/02\/cropped-LOGO_CS-512x512-1-1-e1771275285345.webp","contentUrl":"https:\/\/cosmeticstoredz.com\/wp-content\/uploads\/2026\/02\/cropped-LOGO_CS-512x512-1-1-e1771275285345.webp","width":265,"height":319,"caption":"Cosmetic Store"},"image":{"@id":"https:\/\/cosmeticstoredz.com\/#\/schema\/logo\/image\/"},"sameAs":["https:\/\/www.facebook.com\/profile.php?id=61564954260683","https:\/\/www.instagram.com\/cosmetic.storedz\/"]}]}},"_links":{"self":[{"href":"https:\/\/cosmeticstoredz.com\/ar\/wp-json\/wp\/v2\/product\/5520","targetHints":{"allow":["GET"]}}],"collection":[{"href":"https:\/\/cosmeticstoredz.com\/ar\/wp-json\/wp\/v2\/product"}],"about":[{"href":"https:\/\/cosmeticstoredz.com\/ar\/wp-json\/wp\/v2\/types\/product"}],"replies":[{"embeddable":true,"href":"https:\/\/cosmeticstoredz.com\/ar\/wp-json\/wp\/v2\/comments?post=5520"}],"version-history":[{"count":1,"href":"https:\/\/cosmeticstoredz.com\/ar\/wp-json\/wp\/v2\/product\/5520\/revisions"}],"predecessor-version":[{"id":19796,"href":"https:\/\/cosmeticstoredz.com\/ar\/wp-json\/wp\/v2\/product\/5520\/revisions\/19796"}],"wp:featuredmedia":[{"embeddable":true,"href":"https:\/\/cosmeticstoredz.com\/ar\/wp-json\/wp\/v2\/media\/19795"}],"wp:attachment":[{"href":"https:\/\/cosmeticstoredz.com\/ar\/wp-json\/wp\/v2\/media?parent=5520"}],"wp:term":[{"taxonomy":"product_brand","embeddable":true,"href":"https:\/\/cosmeticstoredz.com\/ar\/wp-json\/wp\/v2\/product_brand?post=5520"},{"taxonomy":"product_cat","embeddable":true,"href":"https:\/\/cosmeticstoredz.com\/ar\/wp-json\/wp\/v2\/product_cat?post=5520"},{"taxonomy":"product_tag","embeddable":true,"href":"https:\/\/cosmeticstoredz.com\/ar\/wp-json\/wp\/v2\/product_tag?post=5520"}],"curies":[{"name":"wp","href":"https:\/\/api.w.org\/{rel}","templated":true}]}}