{"id":5518,"date":"2025-06-04T18:34:51","date_gmt":"2025-06-04T18:34:51","guid":{"rendered":"https:\/\/test.fitnessworldgym27.com\/?post_type=product&#038;p=5518"},"modified":"2026-03-30T19:25:40","modified_gmt":"2026-03-30T19:25:40","slug":"polycos-care-pro-shampooing-hydratant-250ml","status":"publish","type":"product","link":"https:\/\/cosmeticstoredz.com\/ar\/product\/polycos-care-pro-shampooing-hydratant-250ml\/","title":{"rendered":"POLYCOS CARE PRO SHAMPOOING HYDRATANT 250ML"},"content":{"rendered":"","protected":false},"excerpt":{"rendered":"<div class=\"ProductMeta__Description\">\n<div class=\"Rte\">\n<p>Ce shampooing hydratant est conseill\u00e9 pour nettoyer et hydrater les cheveux. Il respecte la structure du cheveu en le rendant brillant gr\u00e2ce \u00e0 sa composition, ce shampooing hydrate et prot\u00e8ge vos cheveux du dess\u00e8chement. Votre chevelure retrouve souplesse et douceur.<\/p>\n<\/div>\n<\/div>","protected":false},"featured_media":19791,"comment_status":"open","ping_status":"closed","template":"","meta":[],"product_brand":[],"product_cat":[75,329,111,95],"product_tag":[],"class_list":{"0":"post-5518","1":"product","2":"type-product","3":"status-publish","4":"has-post-thumbnail","6":"product_cat-femme","7":"product_cat-polycos","8":"product_cat-shampoing-f","9":"product_cat-soin-cheveux-f","11":"first","12":"instock","13":"shipping-taxable","14":"purchasable","15":"product-type-simple"},"_links":{"self":[{"href":"https:\/\/cosmeticstoredz.com\/ar\/wp-json\/wp\/v2\/product\/5518","targetHints":{"allow":["GET"]}}],"collection":[{"href":"https:\/\/cosmeticstoredz.com\/ar\/wp-json\/wp\/v2\/product"}],"about":[{"href":"https:\/\/cosmeticstoredz.com\/ar\/wp-json\/wp\/v2\/types\/product"}],"replies":[{"embeddable":true,"href":"https:\/\/cosmeticstoredz.com\/ar\/wp-json\/wp\/v2\/comments?post=5518"}],"version-history":[{"count":1,"href":"https:\/\/cosmeticstoredz.com\/ar\/wp-json\/wp\/v2\/product\/5518\/revisions"}],"predecessor-version":[{"id":19792,"href":"https:\/\/cosmeticstoredz.com\/ar\/wp-json\/wp\/v2\/product\/5518\/revisions\/19792"}],"wp:featuredmedia":[{"embeddable":true,"href":"https:\/\/cosmeticstoredz.com\/ar\/wp-json\/wp\/v2\/media\/19791"}],"wp:attachment":[{"href":"https:\/\/cosmeticstoredz.com\/ar\/wp-json\/wp\/v2\/media?parent=5518"}],"wp:term":[{"taxonomy":"product_brand","embeddable":true,"href":"https:\/\/cosmeticstoredz.com\/ar\/wp-json\/wp\/v2\/product_brand?post=5518"},{"taxonomy":"product_cat","embeddable":true,"href":"https:\/\/cosmeticstoredz.com\/ar\/wp-json\/wp\/v2\/product_cat?post=5518"},{"taxonomy":"product_tag","embeddable":true,"href":"https:\/\/cosmeticstoredz.com\/ar\/wp-json\/wp\/v2\/product_tag?post=5518"}],"curies":[{"name":"wp","href":"https:\/\/api.w.org\/{rel}","templated":true}]}}