{"id":5513,"date":"2025-06-04T18:34:50","date_gmt":"2025-06-04T18:34:50","guid":{"rendered":"https:\/\/test.fitnessworldgym27.com\/?post_type=product&#038;p=5513"},"modified":"2026-03-30T19:25:42","modified_gmt":"2026-03-30T19:25:42","slug":"polycos-hydra-care-baume-cheveux-hydratant-250ml","status":"publish","type":"product","link":"https:\/\/cosmeticstoredz.com\/ar\/product\/polycos-hydra-care-baume-cheveux-hydratant-250ml\/","title":{"rendered":"POLYCOS HYDRA CARE BAUME CHEVEUX HYDRATANT 250ML"},"content":{"rendered":"","protected":false},"excerpt":{"rendered":"<div id=\"waffle-rich-text-editor\" class=\"cell-input editable disabled-input\" dir=\"ltr\" tabindex=\"0\" role=\"combobox\" contenteditable=\"false\" aria-autocomplete=\"list\" aria-label=\"I135\">Le baume sans rin\u00e7age hydrate le cheveu instantan\u00e9ment. Sa formulation sans rin\u00e7age permet un emploi rapide et dans toutes les situations. Il est id\u00e9al comme stabilisateur d&rsquo;hydratation et porosit\u00e9 avant un traitement technique.<\/div>\n<div class=\"cell-input editable disabled-input\" dir=\"ltr\" tabindex=\"0\" role=\"combobox\" contenteditable=\"false\" aria-autocomplete=\"list\" aria-label=\"I135\"><\/div>","protected":false},"featured_media":19781,"comment_status":"open","ping_status":"closed","template":"","meta":[],"product_brand":[],"product_cat":[75,329,111,95],"product_tag":[],"class_list":{"0":"post-5513","1":"product","2":"type-product","3":"status-publish","4":"has-post-thumbnail","6":"product_cat-femme","7":"product_cat-polycos","8":"product_cat-shampoing-f","9":"product_cat-soin-cheveux-f","11":"first","12":"instock","13":"shipping-taxable","14":"purchasable","15":"product-type-simple"},"_links":{"self":[{"href":"https:\/\/cosmeticstoredz.com\/ar\/wp-json\/wp\/v2\/product\/5513","targetHints":{"allow":["GET"]}}],"collection":[{"href":"https:\/\/cosmeticstoredz.com\/ar\/wp-json\/wp\/v2\/product"}],"about":[{"href":"https:\/\/cosmeticstoredz.com\/ar\/wp-json\/wp\/v2\/types\/product"}],"replies":[{"embeddable":true,"href":"https:\/\/cosmeticstoredz.com\/ar\/wp-json\/wp\/v2\/comments?post=5513"}],"version-history":[{"count":1,"href":"https:\/\/cosmeticstoredz.com\/ar\/wp-json\/wp\/v2\/product\/5513\/revisions"}],"predecessor-version":[{"id":19782,"href":"https:\/\/cosmeticstoredz.com\/ar\/wp-json\/wp\/v2\/product\/5513\/revisions\/19782"}],"wp:featuredmedia":[{"embeddable":true,"href":"https:\/\/cosmeticstoredz.com\/ar\/wp-json\/wp\/v2\/media\/19781"}],"wp:attachment":[{"href":"https:\/\/cosmeticstoredz.com\/ar\/wp-json\/wp\/v2\/media?parent=5513"}],"wp:term":[{"taxonomy":"product_brand","embeddable":true,"href":"https:\/\/cosmeticstoredz.com\/ar\/wp-json\/wp\/v2\/product_brand?post=5513"},{"taxonomy":"product_cat","embeddable":true,"href":"https:\/\/cosmeticstoredz.com\/ar\/wp-json\/wp\/v2\/product_cat?post=5513"},{"taxonomy":"product_tag","embeddable":true,"href":"https:\/\/cosmeticstoredz.com\/ar\/wp-json\/wp\/v2\/product_tag?post=5513"}],"curies":[{"name":"wp","href":"https:\/\/api.w.org\/{rel}","templated":true}]}}