{"id":5482,"date":"2025-06-04T18:34:40","date_gmt":"2025-06-04T18:34:40","guid":{"rendered":"https:\/\/test.fitnessworldgym27.com\/?post_type=product&#038;p=5482"},"modified":"2026-03-30T19:27:36","modified_gmt":"2026-03-30T19:27:36","slug":"peau-parfaite-soin-lavant-intime-nila-bleu","status":"publish","type":"product","link":"https:\/\/cosmeticstoredz.com\/ar\/product\/peau-parfaite-soin-lavant-intime-nila-bleu\/","title":{"rendered":"PEAU PARFAITE SOIN LAVANT INTIME NILA BLEU"},"content":{"rendered":"<h1>PEAU PARFAITE SOIN LAVANT INTIME NILA BLEU<\/h1>\n<p>Le soin lavant intime Peau Parfaite Nila Bleu est sp\u00e9cialement formul\u00e9 pour offrir une hygi\u00e8ne intime tout en douceur et en respectant l&rsquo;\u00e9quilibre naturel de la peau<\/p>","protected":false},"excerpt":{"rendered":"<h1>PEAU PARFAITE SOIN LAVANT INTIME NILA BLEU<\/h1>\n<p>Le soin lavant intime Peau Parfaite Nila Bleu est sp\u00e9cialement formul\u00e9 pour offrir une hygi\u00e8ne intime tout en douceur et en respectant l&rsquo;\u00e9quilibre naturel de la peau<\/p>","protected":false},"featured_media":19289,"comment_status":"open","ping_status":"closed","template":"","meta":[],"product_brand":[],"product_cat":[75,102,81],"product_tag":[],"class_list":{"0":"post-5482","1":"product","2":"type-product","3":"status-publish","4":"has-post-thumbnail","6":"product_cat-femme","7":"product_cat-savon","8":"product_cat-soin-corps-f","10":"first","11":"outofstock","12":"shipping-taxable","13":"purchasable","14":"product-type-simple"},"_links":{"self":[{"href":"https:\/\/cosmeticstoredz.com\/ar\/wp-json\/wp\/v2\/product\/5482","targetHints":{"allow":["GET"]}}],"collection":[{"href":"https:\/\/cosmeticstoredz.com\/ar\/wp-json\/wp\/v2\/product"}],"about":[{"href":"https:\/\/cosmeticstoredz.com\/ar\/wp-json\/wp\/v2\/types\/product"}],"replies":[{"embeddable":true,"href":"https:\/\/cosmeticstoredz.com\/ar\/wp-json\/wp\/v2\/comments?post=5482"}],"version-history":[{"count":1,"href":"https:\/\/cosmeticstoredz.com\/ar\/wp-json\/wp\/v2\/product\/5482\/revisions"}],"predecessor-version":[{"id":19290,"href":"https:\/\/cosmeticstoredz.com\/ar\/wp-json\/wp\/v2\/product\/5482\/revisions\/19290"}],"wp:featuredmedia":[{"embeddable":true,"href":"https:\/\/cosmeticstoredz.com\/ar\/wp-json\/wp\/v2\/media\/19289"}],"wp:attachment":[{"href":"https:\/\/cosmeticstoredz.com\/ar\/wp-json\/wp\/v2\/media?parent=5482"}],"wp:term":[{"taxonomy":"product_brand","embeddable":true,"href":"https:\/\/cosmeticstoredz.com\/ar\/wp-json\/wp\/v2\/product_brand?post=5482"},{"taxonomy":"product_cat","embeddable":true,"href":"https:\/\/cosmeticstoredz.com\/ar\/wp-json\/wp\/v2\/product_cat?post=5482"},{"taxonomy":"product_tag","embeddable":true,"href":"https:\/\/cosmeticstoredz.com\/ar\/wp-json\/wp\/v2\/product_tag?post=5482"}],"curies":[{"name":"wp","href":"https:\/\/api.w.org\/{rel}","templated":true}]}}