{"id":5481,"date":"2025-06-04T18:34:40","date_gmt":"2025-06-04T18:34:40","guid":{"rendered":"https:\/\/test.fitnessworldgym27.com\/?post_type=product&#038;p=5481"},"modified":"2026-03-30T19:27:36","modified_gmt":"2026-03-30T19:27:36","slug":"peau-parfaite-soin-toilette-eclaircissant","status":"publish","type":"product","link":"https:\/\/cosmeticstoredz.com\/ar\/product\/peau-parfaite-soin-toilette-eclaircissant\/","title":{"rendered":"PEAU PARFAITE SOIN TOILETTE ECLAIRCISSANT"},"content":{"rendered":"<h1 class=\"h1\">Peau Parfaite Soin Toilette Intime Eclaircissant \u00e0 La Camomille &amp; Aloe Vera 220 ml<\/h1>\n<section id=\"wrapper\">\n<div class=\"container\">\n<div class=\"row\">\n<div id=\"content-wrapper\">\n<section id=\"main\">\n<div class=\"tabs\">\n<div id=\"tab-content\" class=\"tab-content\">\n<div id=\"description\" class=\"tab-pane fade in active\" role=\"tabpanel\">\n<div class=\"product-description\">\n<p>Un savon intime \u00e9claircissant qui vous permet de cibler le teint des zones intimes . Il utilise un m\u00e9lange innovant d\u2019ingr\u00e9dients qui respectent la sensibilit\u00e9 et l\u2019\u00e9quilibre physiologique dans ces r\u00e9gions . Sa formule parfaitement \u00e9quilibr\u00e9e riche en camomille et en aloe vera, vise \u00e0 \u00e9claircir et \u00e0illuminer le teint. Un topique respectueux de la sensibilit\u00e9 cutan\u00e9e qui vous permet de traiter ces r\u00e9gions sombres en toute intimit\u00e9 et douceur .<\/p>\n<\/div>\n<\/div>\n<\/div>\n<\/div>\n<footer class=\"page-footer\"><\/footer>\n<\/section>\n<\/div>\n<\/div>\n<\/div>\n<\/section>\n<footer id=\"footer\">\n<div class=\"container\"><\/div>\n<\/footer>","protected":false},"excerpt":{"rendered":"<h1 class=\"h1\">Peau Parfaite Soin Toilette Intime Eclaircissant \u00e0 La Camomille &amp; Aloe Vera 220 ml<\/h1>\n<section id=\"wrapper\">\n<div class=\"container\">\n<div class=\"row\">\n<div id=\"content-wrapper\">\n<section id=\"main\">\n<div class=\"tabs\">\n<div id=\"tab-content\" class=\"tab-content\">\n<div id=\"description\" class=\"tab-pane fade in active\" role=\"tabpanel\">\n<div class=\"product-description\">\n<p>Un savon intime \u00e9claircissant qui vous permet de cibler le teint des zones intimes . Il utilise un m\u00e9lange innovant d\u2019ingr\u00e9dients qui respectent la sensibilit\u00e9 et l\u2019\u00e9quilibre physiologique dans ces r\u00e9gions . Sa formule parfaitement \u00e9quilibr\u00e9e riche en camomille et en aloe vera, vise \u00e0 \u00e9claircir et \u00e0illuminer le teint. Un topique respectueux de la sensibilit\u00e9 cutan\u00e9e qui vous permet de traiter ces r\u00e9gions sombres en toute intimit\u00e9 et douceur .<\/p>\n<\/div>\n<\/div>\n<\/div>\n<\/div>\n<footer class=\"page-footer\"><\/footer>\n<\/section>\n<\/div>\n<\/div>\n<\/div>\n<\/section>\n<footer id=\"footer\">\n<div class=\"container\"><\/div>\n<\/footer>","protected":false},"featured_media":19287,"comment_status":"open","ping_status":"closed","template":"","meta":[],"product_brand":[],"product_cat":[75,102,81],"product_tag":[],"class_list":{"0":"post-5481","1":"product","2":"type-product","3":"status-publish","4":"has-post-thumbnail","6":"product_cat-femme","7":"product_cat-savon","8":"product_cat-soin-corps-f","10":"first","11":"outofstock","12":"shipping-taxable","13":"purchasable","14":"product-type-simple"},"_links":{"self":[{"href":"https:\/\/cosmeticstoredz.com\/ar\/wp-json\/wp\/v2\/product\/5481","targetHints":{"allow":["GET"]}}],"collection":[{"href":"https:\/\/cosmeticstoredz.com\/ar\/wp-json\/wp\/v2\/product"}],"about":[{"href":"https:\/\/cosmeticstoredz.com\/ar\/wp-json\/wp\/v2\/types\/product"}],"replies":[{"embeddable":true,"href":"https:\/\/cosmeticstoredz.com\/ar\/wp-json\/wp\/v2\/comments?post=5481"}],"version-history":[{"count":1,"href":"https:\/\/cosmeticstoredz.com\/ar\/wp-json\/wp\/v2\/product\/5481\/revisions"}],"predecessor-version":[{"id":19288,"href":"https:\/\/cosmeticstoredz.com\/ar\/wp-json\/wp\/v2\/product\/5481\/revisions\/19288"}],"wp:featuredmedia":[{"embeddable":true,"href":"https:\/\/cosmeticstoredz.com\/ar\/wp-json\/wp\/v2\/media\/19287"}],"wp:attachment":[{"href":"https:\/\/cosmeticstoredz.com\/ar\/wp-json\/wp\/v2\/media?parent=5481"}],"wp:term":[{"taxonomy":"product_brand","embeddable":true,"href":"https:\/\/cosmeticstoredz.com\/ar\/wp-json\/wp\/v2\/product_brand?post=5481"},{"taxonomy":"product_cat","embeddable":true,"href":"https:\/\/cosmeticstoredz.com\/ar\/wp-json\/wp\/v2\/product_cat?post=5481"},{"taxonomy":"product_tag","embeddable":true,"href":"https:\/\/cosmeticstoredz.com\/ar\/wp-json\/wp\/v2\/product_tag?post=5481"}],"curies":[{"name":"wp","href":"https:\/\/api.w.org\/{rel}","templated":true}]}}