{"id":5480,"date":"2025-06-04T18:34:40","date_gmt":"2025-06-04T18:34:40","guid":{"rendered":"https:\/\/test.fitnessworldgym27.com\/?post_type=product&#038;p=5480"},"modified":"2026-03-30T19:27:36","modified_gmt":"2026-03-30T19:27:36","slug":"peau-parfaite-soin-toilette-peaux-sensible","status":"publish","type":"product","link":"https:\/\/cosmeticstoredz.com\/ar\/product\/peau-parfaite-soin-toilette-peaux-sensible\/","title":{"rendered":"PEAU PARFAITE SOIN TOILETTE PEAUX SENSIBLE"},"content":{"rendered":"<h1 class=\"mb-2 fs-20 fw-600\">Soin toilette intime pour peaux sensibles, Extra doux, Peau parfaite<\/h1>\n<p>Un savon extra doux sp\u00e9cialement con\u00e7ue pour l&rsquo;hygi\u00e8ne intime et les peaux sensibles<\/p>\n<p>Enrichie a la tulipe et l&rsquo;Aloe vera<\/p>\n<p>Sans paraben et au PH physiologiqueIl prot\u00e8ge la flore interne et maintient l&rsquo;\u00e9quilibre des muqueuse<\/p>\n<p>Sa formule hypoallerg\u00e9nique est sp\u00e9cialement adapt\u00e9e aux peaux sensibles elle favorise l&rsquo;hydratation de l&rsquo;\u00e9piderme et en prend soin a chaque utilisation<\/p>\n<div class=\"row align-items-center\">\n<div class=\"col-12\"><\/div>\n<\/div>","protected":false},"excerpt":{"rendered":"<h1 class=\"mb-2 fs-20 fw-600\">Soin toilette intime pour peaux sensibles, Extra doux, Peau parfaite<\/h1>\n<p>Un savon extra doux sp\u00e9cialement con\u00e7ue pour l&rsquo;hygi\u00e8ne intime et les peaux sensibles<\/p>\n<p>Enrichie a la tulipe et l&rsquo;Aloe vera<\/p>\n<p>Sans paraben et au PH physiologiqueIl prot\u00e8ge la flore interne et maintient l&rsquo;\u00e9quilibre des muqueuse<\/p>\n<p>Sa formule hypoallerg\u00e9nique est sp\u00e9cialement adapt\u00e9e aux peaux sensibles elle favorise l&rsquo;hydratation de l&rsquo;\u00e9piderme et en prend soin a chaque utilisation<\/p>","protected":false},"featured_media":19285,"comment_status":"open","ping_status":"closed","template":"","meta":[],"product_brand":[],"product_cat":[75,102,81],"product_tag":[],"class_list":{"0":"post-5480","1":"product","2":"type-product","3":"status-publish","4":"has-post-thumbnail","6":"product_cat-femme","7":"product_cat-savon","8":"product_cat-soin-corps-f","10":"first","11":"outofstock","12":"shipping-taxable","13":"purchasable","14":"product-type-simple"},"_links":{"self":[{"href":"https:\/\/cosmeticstoredz.com\/ar\/wp-json\/wp\/v2\/product\/5480","targetHints":{"allow":["GET"]}}],"collection":[{"href":"https:\/\/cosmeticstoredz.com\/ar\/wp-json\/wp\/v2\/product"}],"about":[{"href":"https:\/\/cosmeticstoredz.com\/ar\/wp-json\/wp\/v2\/types\/product"}],"replies":[{"embeddable":true,"href":"https:\/\/cosmeticstoredz.com\/ar\/wp-json\/wp\/v2\/comments?post=5480"}],"version-history":[{"count":1,"href":"https:\/\/cosmeticstoredz.com\/ar\/wp-json\/wp\/v2\/product\/5480\/revisions"}],"predecessor-version":[{"id":19286,"href":"https:\/\/cosmeticstoredz.com\/ar\/wp-json\/wp\/v2\/product\/5480\/revisions\/19286"}],"wp:featuredmedia":[{"embeddable":true,"href":"https:\/\/cosmeticstoredz.com\/ar\/wp-json\/wp\/v2\/media\/19285"}],"wp:attachment":[{"href":"https:\/\/cosmeticstoredz.com\/ar\/wp-json\/wp\/v2\/media?parent=5480"}],"wp:term":[{"taxonomy":"product_brand","embeddable":true,"href":"https:\/\/cosmeticstoredz.com\/ar\/wp-json\/wp\/v2\/product_brand?post=5480"},{"taxonomy":"product_cat","embeddable":true,"href":"https:\/\/cosmeticstoredz.com\/ar\/wp-json\/wp\/v2\/product_cat?post=5480"},{"taxonomy":"product_tag","embeddable":true,"href":"https:\/\/cosmeticstoredz.com\/ar\/wp-json\/wp\/v2\/product_tag?post=5480"}],"curies":[{"name":"wp","href":"https:\/\/api.w.org\/{rel}","templated":true}]}}