{"id":5479,"date":"2025-06-04T18:34:40","date_gmt":"2025-06-04T18:34:40","guid":{"rendered":"https:\/\/test.fitnessworldgym27.com\/?post_type=product&#038;p=5479"},"modified":"2026-04-27T15:58:23","modified_gmt":"2026-04-27T15:58:23","slug":"peau-parfaite-lait-eclaircessant","status":"publish","type":"product","link":"https:\/\/cosmeticstoredz.com\/ar\/product\/peau-parfaite-lait-eclaircessant\/","title":{"rendered":"PEAU PARFAITE LAIT ECLAIRCESSANT"},"content":{"rendered":"<h1>PEAU PARFAITE LAIT ECLAIRCESSANT<\/h1>\n<p>Le lait \u00e9claircissant Peau Parfaite est sp\u00e9cialement formul\u00e9 pour unifier et illuminer le teint tout en hydratant intens\u00e9ment la peau. Enrichi en actifs \u00e9claircissants, ce lait aide \u00e0 att\u00e9nuer les taches brunes, les imperfections et les irr\u00e9gularit\u00e9s pigmentaires, laissant la peau visiblement plus lumineuse et uniforme. Sa texture l\u00e9g\u00e8re et non grasse p\u00e9n\u00e8tre rapidement, apportant une sensation de confort imm\u00e9diat sans laisser de r\u00e9sidus collants. Utilis\u00e9 quotidiennement, il r\u00e9v\u00e8le une peau plus lisse, plus douce et \u00e9clatante de sant\u00e9. Convient \u00e0 tous les types de peau.<\/p>","protected":false},"excerpt":{"rendered":"<h1>PEAU PARFAITE LAIT ECLAIRCESSANT<\/h1>\n<p>Le lait \u00e9claircissant Peau Parfaite est sp\u00e9cialement formul\u00e9 pour unifier et illuminer le teint tout en hydratant intens\u00e9ment la peau. Enrichi en actifs \u00e9claircissants, ce lait aide \u00e0 att\u00e9nuer les taches brunes, les imperfections et les irr\u00e9gularit\u00e9s pigmentaires, laissant la peau visiblement plus lumineuse et uniforme. Sa texture l\u00e9g\u00e8re et non grasse p\u00e9n\u00e8tre rapidement, apportant une sensation de confort imm\u00e9diat sans laisser de r\u00e9sidus collants. Utilis\u00e9 quotidiennement, il r\u00e9v\u00e8le une peau plus lisse, plus douce et \u00e9clatante de sant\u00e9. Convient \u00e0 tous les types de peau.<\/p>","protected":false},"featured_media":19283,"comment_status":"open","ping_status":"closed","template":"","meta":[],"product_brand":[],"product_cat":[75,139,81],"product_tag":[],"class_list":{"0":"post-5479","1":"product","2":"type-product","3":"status-publish","4":"has-post-thumbnail","6":"product_cat-femme","7":"product_cat-lait-de-corps-soin-corps-f","8":"product_cat-soin-corps-f","10":"first","11":"instock","12":"shipping-taxable","13":"purchasable","14":"product-type-simple"},"yoast_head":"<!-- This site is optimized with the Yoast SEO plugin v27.3 - https:\/\/yoast.com\/product\/yoast-seo-wordpress\/ -->\n<title>PEAU PARFAITE LAIT ECLAIRCESSANT - Cosmetic Store<\/title>\n<meta name=\"robots\" content=\"index, follow, max-snippet:-1, max-image-preview:large, max-video-preview:-1\" \/>\n<link rel=\"canonical\" href=\"https:\/\/cosmeticstoredz.com\/ar\/product\/peau-parfaite-lait-eclaircessant\/\" \/>\n<meta property=\"og:locale\" content=\"ar_AR\" \/>\n<meta property=\"og:type\" content=\"article\" \/>\n<meta property=\"og:title\" content=\"PEAU PARFAITE LAIT ECLAIRCESSANT - Cosmetic Store\" \/>\n<meta property=\"og:description\" content=\"PEAU PARFAITE LAIT ECLAIRCESSANT Le lait \u00e9claircissant Peau Parfaite est sp\u00e9cialement formul\u00e9 pour unifier et illuminer le teint tout en hydratant intens\u00e9ment la peau. Enrichi en actifs \u00e9claircissants, ce lait aide \u00e0 att\u00e9nuer les taches brunes, les imperfections et les irr\u00e9gularit\u00e9s pigmentaires, laissant la peau visiblement plus lumineuse et uniforme. Sa texture l\u00e9g\u00e8re et non grasse p\u00e9n\u00e8tre rapidement, apportant une sensation de confort imm\u00e9diat sans laisser de r\u00e9sidus collants. Utilis\u00e9 quotidiennement, il r\u00e9v\u00e8le une peau plus lisse, plus douce et \u00e9clatante de sant\u00e9. Convient \u00e0 tous les types de peau.\" \/>\n<meta property=\"og:url\" content=\"https:\/\/cosmeticstoredz.com\/ar\/product\/peau-parfaite-lait-eclaircessant\/\" \/>\n<meta property=\"og:site_name\" content=\"Cosmetic Store\" \/>\n<meta property=\"article:publisher\" content=\"https:\/\/www.facebook.com\/profile.php?id=61564954260683\" \/>\n<meta property=\"article:modified_time\" content=\"2026-04-27T15:58:23+00:00\" \/>\n<meta property=\"og:image\" content=\"https:\/\/cosmeticstoredz.com\/wp-content\/uploads\/2026\/02\/CC-205-1.png\" \/>\n\t<meta property=\"og:image:width\" content=\"500\" \/>\n\t<meta property=\"og:image:height\" content=\"500\" \/>\n\t<meta property=\"og:image:type\" content=\"image\/png\" \/>\n<meta name=\"twitter:card\" content=\"summary_large_image\" \/>\n<meta name=\"twitter:label1\" content=\"\u0648\u0642\u062a \u0627\u0644\u0642\u0631\u0627\u0621\u0629 \u0627\u0644\u0645\u064f\u0642\u062f\u0651\u0631\" \/>\n\t<meta name=\"twitter:data1\" content=\"\u062f\u0642\u064a\u0642\u0629 \u0648\u0627\u062d\u062f\u0629\" \/>\n<script type=\"application\/ld+json\" class=\"yoast-schema-graph\">{\"@context\":\"https:\\\/\\\/schema.org\",\"@graph\":[{\"@type\":\"WebPage\",\"@id\":\"https:\\\/\\\/cosmeticstoredz.com\\\/produit\\\/peau-parfaite-lait-eclaircessant\\\/\",\"url\":\"https:\\\/\\\/cosmeticstoredz.com\\\/produit\\\/peau-parfaite-lait-eclaircessant\\\/\",\"name\":\"PEAU PARFAITE LAIT ECLAIRCESSANT - Cosmetic Store\",\"isPartOf\":{\"@id\":\"https:\\\/\\\/cosmeticstoredz.com\\\/#website\"},\"primaryImageOfPage\":{\"@id\":\"https:\\\/\\\/cosmeticstoredz.com\\\/produit\\\/peau-parfaite-lait-eclaircessant\\\/#primaryimage\"},\"image\":{\"@id\":\"https:\\\/\\\/cosmeticstoredz.com\\\/produit\\\/peau-parfaite-lait-eclaircessant\\\/#primaryimage\"},\"thumbnailUrl\":\"https:\\\/\\\/cosmeticstoredz.com\\\/wp-content\\\/uploads\\\/2026\\\/02\\\/CC-205-1.png\",\"datePublished\":\"2025-06-04T18:34:40+00:00\",\"dateModified\":\"2026-04-27T15:58:23+00:00\",\"breadcrumb\":{\"@id\":\"https:\\\/\\\/cosmeticstoredz.com\\\/produit\\\/peau-parfaite-lait-eclaircessant\\\/#breadcrumb\"},\"inLanguage\":\"ar\",\"potentialAction\":[{\"@type\":\"ReadAction\",\"target\":[\"https:\\\/\\\/cosmeticstoredz.com\\\/produit\\\/peau-parfaite-lait-eclaircessant\\\/\"]}]},{\"@type\":\"ImageObject\",\"inLanguage\":\"ar\",\"@id\":\"https:\\\/\\\/cosmeticstoredz.com\\\/produit\\\/peau-parfaite-lait-eclaircessant\\\/#primaryimage\",\"url\":\"https:\\\/\\\/cosmeticstoredz.com\\\/wp-content\\\/uploads\\\/2026\\\/02\\\/CC-205-1.png\",\"contentUrl\":\"https:\\\/\\\/cosmeticstoredz.com\\\/wp-content\\\/uploads\\\/2026\\\/02\\\/CC-205-1.png\",\"width\":500,\"height\":500},{\"@type\":\"BreadcrumbList\",\"@id\":\"https:\\\/\\\/cosmeticstoredz.com\\\/produit\\\/peau-parfaite-lait-eclaircessant\\\/#breadcrumb\",\"itemListElement\":[{\"@type\":\"ListItem\",\"position\":1,\"name\":\"Accueil\",\"item\":\"https:\\\/\\\/cosmeticstoredz.com\\\/\"},{\"@type\":\"ListItem\",\"position\":2,\"name\":\"Boutique\",\"item\":\"https:\\\/\\\/cosmeticstoredz.com\\\/boutique\\\/\"},{\"@type\":\"ListItem\",\"position\":3,\"name\":\"PEAU PARFAITE LAIT ECLAIRCESSANT\"}]},{\"@type\":\"WebSite\",\"@id\":\"https:\\\/\\\/cosmeticstoredz.com\\\/#website\",\"url\":\"https:\\\/\\\/cosmeticstoredz.com\\\/\",\"name\":\"Cosmetic Store\",\"description\":\"\",\"publisher\":{\"@id\":\"https:\\\/\\\/cosmeticstoredz.com\\\/#organization\"},\"potentialAction\":[{\"@type\":\"SearchAction\",\"target\":{\"@type\":\"EntryPoint\",\"urlTemplate\":\"https:\\\/\\\/cosmeticstoredz.com\\\/?s={search_term_string}\"},\"query-input\":{\"@type\":\"PropertyValueSpecification\",\"valueRequired\":true,\"valueName\":\"search_term_string\"}}],\"inLanguage\":\"ar\"},{\"@type\":\"Organization\",\"@id\":\"https:\\\/\\\/cosmeticstoredz.com\\\/#organization\",\"name\":\"Cosmetic Store\",\"url\":\"https:\\\/\\\/cosmeticstoredz.com\\\/\",\"logo\":{\"@type\":\"ImageObject\",\"inLanguage\":\"ar\",\"@id\":\"https:\\\/\\\/cosmeticstoredz.com\\\/#\\\/schema\\\/logo\\\/image\\\/\",\"url\":\"https:\\\/\\\/cosmeticstoredz.com\\\/wp-content\\\/uploads\\\/2026\\\/02\\\/cropped-LOGO_CS-512x512-1-1-e1771275285345.webp\",\"contentUrl\":\"https:\\\/\\\/cosmeticstoredz.com\\\/wp-content\\\/uploads\\\/2026\\\/02\\\/cropped-LOGO_CS-512x512-1-1-e1771275285345.webp\",\"width\":265,\"height\":319,\"caption\":\"Cosmetic Store\"},\"image\":{\"@id\":\"https:\\\/\\\/cosmeticstoredz.com\\\/#\\\/schema\\\/logo\\\/image\\\/\"},\"sameAs\":[\"https:\\\/\\\/www.facebook.com\\\/profile.php?id=61564954260683\",\"https:\\\/\\\/www.instagram.com\\\/cosmetic.storedz\\\/\"]}]}<\/script>\n<!-- \/ Yoast SEO plugin. -->","yoast_head_json":{"title":"PEAU PARFAITE LAIT ECLAIRCESSANT - Cosmetic Store","robots":{"index":"index","follow":"follow","max-snippet":"max-snippet:-1","max-image-preview":"max-image-preview:large","max-video-preview":"max-video-preview:-1"},"canonical":"https:\/\/cosmeticstoredz.com\/ar\/product\/peau-parfaite-lait-eclaircessant\/","og_locale":"ar_AR","og_type":"article","og_title":"PEAU PARFAITE LAIT ECLAIRCESSANT - Cosmetic Store","og_description":"PEAU PARFAITE LAIT ECLAIRCESSANT Le lait \u00e9claircissant Peau Parfaite est sp\u00e9cialement formul\u00e9 pour unifier et illuminer le teint tout en hydratant intens\u00e9ment la peau. Enrichi en actifs \u00e9claircissants, ce lait aide \u00e0 att\u00e9nuer les taches brunes, les imperfections et les irr\u00e9gularit\u00e9s pigmentaires, laissant la peau visiblement plus lumineuse et uniforme. Sa texture l\u00e9g\u00e8re et non grasse p\u00e9n\u00e8tre rapidement, apportant une sensation de confort imm\u00e9diat sans laisser de r\u00e9sidus collants. Utilis\u00e9 quotidiennement, il r\u00e9v\u00e8le une peau plus lisse, plus douce et \u00e9clatante de sant\u00e9. Convient \u00e0 tous les types de peau.","og_url":"https:\/\/cosmeticstoredz.com\/ar\/product\/peau-parfaite-lait-eclaircessant\/","og_site_name":"Cosmetic Store","article_publisher":"https:\/\/www.facebook.com\/profile.php?id=61564954260683","article_modified_time":"2026-04-27T15:58:23+00:00","og_image":[{"width":500,"height":500,"url":"https:\/\/cosmeticstoredz.com\/wp-content\/uploads\/2026\/02\/CC-205-1.png","type":"image\/png"}],"twitter_card":"summary_large_image","twitter_misc":{"\u0648\u0642\u062a \u0627\u0644\u0642\u0631\u0627\u0621\u0629 \u0627\u0644\u0645\u064f\u0642\u062f\u0651\u0631":"\u062f\u0642\u064a\u0642\u0629 \u0648\u0627\u062d\u062f\u0629"},"schema":{"@context":"https:\/\/schema.org","@graph":[{"@type":"WebPage","@id":"https:\/\/cosmeticstoredz.com\/produit\/peau-parfaite-lait-eclaircessant\/","url":"https:\/\/cosmeticstoredz.com\/produit\/peau-parfaite-lait-eclaircessant\/","name":"PEAU PARFAITE LAIT ECLAIRCESSANT - Cosmetic Store","isPartOf":{"@id":"https:\/\/cosmeticstoredz.com\/#website"},"primaryImageOfPage":{"@id":"https:\/\/cosmeticstoredz.com\/produit\/peau-parfaite-lait-eclaircessant\/#primaryimage"},"image":{"@id":"https:\/\/cosmeticstoredz.com\/produit\/peau-parfaite-lait-eclaircessant\/#primaryimage"},"thumbnailUrl":"https:\/\/cosmeticstoredz.com\/wp-content\/uploads\/2026\/02\/CC-205-1.png","datePublished":"2025-06-04T18:34:40+00:00","dateModified":"2026-04-27T15:58:23+00:00","breadcrumb":{"@id":"https:\/\/cosmeticstoredz.com\/produit\/peau-parfaite-lait-eclaircessant\/#breadcrumb"},"inLanguage":"ar","potentialAction":[{"@type":"ReadAction","target":["https:\/\/cosmeticstoredz.com\/produit\/peau-parfaite-lait-eclaircessant\/"]}]},{"@type":"ImageObject","inLanguage":"ar","@id":"https:\/\/cosmeticstoredz.com\/produit\/peau-parfaite-lait-eclaircessant\/#primaryimage","url":"https:\/\/cosmeticstoredz.com\/wp-content\/uploads\/2026\/02\/CC-205-1.png","contentUrl":"https:\/\/cosmeticstoredz.com\/wp-content\/uploads\/2026\/02\/CC-205-1.png","width":500,"height":500},{"@type":"BreadcrumbList","@id":"https:\/\/cosmeticstoredz.com\/produit\/peau-parfaite-lait-eclaircessant\/#breadcrumb","itemListElement":[{"@type":"ListItem","position":1,"name":"Accueil","item":"https:\/\/cosmeticstoredz.com\/"},{"@type":"ListItem","position":2,"name":"Boutique","item":"https:\/\/cosmeticstoredz.com\/boutique\/"},{"@type":"ListItem","position":3,"name":"PEAU PARFAITE LAIT ECLAIRCESSANT"}]},{"@type":"WebSite","@id":"https:\/\/cosmeticstoredz.com\/#website","url":"https:\/\/cosmeticstoredz.com\/","name":"Cosmetic Store","description":"","publisher":{"@id":"https:\/\/cosmeticstoredz.com\/#organization"},"potentialAction":[{"@type":"SearchAction","target":{"@type":"EntryPoint","urlTemplate":"https:\/\/cosmeticstoredz.com\/?s={search_term_string}"},"query-input":{"@type":"PropertyValueSpecification","valueRequired":true,"valueName":"search_term_string"}}],"inLanguage":"ar"},{"@type":"Organization","@id":"https:\/\/cosmeticstoredz.com\/#organization","name":"Cosmetic Store","url":"https:\/\/cosmeticstoredz.com\/","logo":{"@type":"ImageObject","inLanguage":"ar","@id":"https:\/\/cosmeticstoredz.com\/#\/schema\/logo\/image\/","url":"https:\/\/cosmeticstoredz.com\/wp-content\/uploads\/2026\/02\/cropped-LOGO_CS-512x512-1-1-e1771275285345.webp","contentUrl":"https:\/\/cosmeticstoredz.com\/wp-content\/uploads\/2026\/02\/cropped-LOGO_CS-512x512-1-1-e1771275285345.webp","width":265,"height":319,"caption":"Cosmetic Store"},"image":{"@id":"https:\/\/cosmeticstoredz.com\/#\/schema\/logo\/image\/"},"sameAs":["https:\/\/www.facebook.com\/profile.php?id=61564954260683","https:\/\/www.instagram.com\/cosmetic.storedz\/"]}]}},"_links":{"self":[{"href":"https:\/\/cosmeticstoredz.com\/ar\/wp-json\/wp\/v2\/product\/5479","targetHints":{"allow":["GET"]}}],"collection":[{"href":"https:\/\/cosmeticstoredz.com\/ar\/wp-json\/wp\/v2\/product"}],"about":[{"href":"https:\/\/cosmeticstoredz.com\/ar\/wp-json\/wp\/v2\/types\/product"}],"replies":[{"embeddable":true,"href":"https:\/\/cosmeticstoredz.com\/ar\/wp-json\/wp\/v2\/comments?post=5479"}],"version-history":[{"count":1,"href":"https:\/\/cosmeticstoredz.com\/ar\/wp-json\/wp\/v2\/product\/5479\/revisions"}],"predecessor-version":[{"id":19284,"href":"https:\/\/cosmeticstoredz.com\/ar\/wp-json\/wp\/v2\/product\/5479\/revisions\/19284"}],"wp:featuredmedia":[{"embeddable":true,"href":"https:\/\/cosmeticstoredz.com\/ar\/wp-json\/wp\/v2\/media\/19283"}],"wp:attachment":[{"href":"https:\/\/cosmeticstoredz.com\/ar\/wp-json\/wp\/v2\/media?parent=5479"}],"wp:term":[{"taxonomy":"product_brand","embeddable":true,"href":"https:\/\/cosmeticstoredz.com\/ar\/wp-json\/wp\/v2\/product_brand?post=5479"},{"taxonomy":"product_cat","embeddable":true,"href":"https:\/\/cosmeticstoredz.com\/ar\/wp-json\/wp\/v2\/product_cat?post=5479"},{"taxonomy":"product_tag","embeddable":true,"href":"https:\/\/cosmeticstoredz.com\/ar\/wp-json\/wp\/v2\/product_tag?post=5479"}],"curies":[{"name":"wp","href":"https:\/\/api.w.org\/{rel}","templated":true}]}}