{"id":5354,"date":"2025-06-04T18:34:17","date_gmt":"2025-06-04T18:34:17","guid":{"rendered":"https:\/\/test.fitnessworldgym27.com\/?post_type=product&#038;p=5354"},"modified":"2026-03-30T19:27:13","modified_gmt":"2026-03-30T19:27:13","slug":"make-mekhmaria-brume-queen","status":"publish","type":"product","link":"https:\/\/cosmeticstoredz.com\/ar\/product\/make-mekhmaria-brume-queen\/","title":{"rendered":"MAKE MEKHMARIA + BRUME QUEEN"},"content":{"rendered":"","protected":false},"excerpt":{"rendered":"<p>Plongez dans l&rsquo;univers du luxe avec le Make Mekhmaria et la Brume Queen. Ce duo unique vous offre une fragrance envo\u00fbtante et sophistiqu\u00e9e. Le Mekhmaria, d\u00e9licatement parfum\u00e9, apporte une touche de raffinement et de chaleur \u00e0 votre peau, tandis que la Brume Queen enveloppe votre corps d\u2019un voile l\u00e9ger et frais. Une combinaison parfaite pour une sensation de pure \u00e9l\u00e9gance et de bien-\u00eatre.<\/p>","protected":false},"featured_media":19123,"comment_status":"open","ping_status":"closed","template":"","meta":[],"product_brand":[],"product_cat":[75,94,326,81],"product_tag":[],"class_list":{"0":"post-5354","1":"product","2":"type-product","3":"status-publish","4":"has-post-thumbnail","6":"product_cat-femme","7":"product_cat-gommage-fc","8":"product_cat-make","9":"product_cat-soin-corps-f","11":"first","12":"outofstock","13":"shipping-taxable","14":"purchasable","15":"product-type-simple"},"_links":{"self":[{"href":"https:\/\/cosmeticstoredz.com\/ar\/wp-json\/wp\/v2\/product\/5354","targetHints":{"allow":["GET"]}}],"collection":[{"href":"https:\/\/cosmeticstoredz.com\/ar\/wp-json\/wp\/v2\/product"}],"about":[{"href":"https:\/\/cosmeticstoredz.com\/ar\/wp-json\/wp\/v2\/types\/product"}],"replies":[{"embeddable":true,"href":"https:\/\/cosmeticstoredz.com\/ar\/wp-json\/wp\/v2\/comments?post=5354"}],"version-history":[{"count":2,"href":"https:\/\/cosmeticstoredz.com\/ar\/wp-json\/wp\/v2\/product\/5354\/revisions"}],"predecessor-version":[{"id":25207,"href":"https:\/\/cosmeticstoredz.com\/ar\/wp-json\/wp\/v2\/product\/5354\/revisions\/25207"}],"wp:featuredmedia":[{"embeddable":true,"href":"https:\/\/cosmeticstoredz.com\/ar\/wp-json\/wp\/v2\/media\/19123"}],"wp:attachment":[{"href":"https:\/\/cosmeticstoredz.com\/ar\/wp-json\/wp\/v2\/media?parent=5354"}],"wp:term":[{"taxonomy":"product_brand","embeddable":true,"href":"https:\/\/cosmeticstoredz.com\/ar\/wp-json\/wp\/v2\/product_brand?post=5354"},{"taxonomy":"product_cat","embeddable":true,"href":"https:\/\/cosmeticstoredz.com\/ar\/wp-json\/wp\/v2\/product_cat?post=5354"},{"taxonomy":"product_tag","embeddable":true,"href":"https:\/\/cosmeticstoredz.com\/ar\/wp-json\/wp\/v2\/product_tag?post=5354"}],"curies":[{"name":"wp","href":"https:\/\/api.w.org\/{rel}","templated":true}]}}