{"id":5323,"date":"2025-06-04T18:34:05","date_gmt":"2025-06-04T18:34:05","guid":{"rendered":"https:\/\/test.fitnessworldgym27.com\/?post_type=product&#038;p=5323"},"modified":"2026-03-30T19:27:12","modified_gmt":"2026-03-30T19:27:12","slug":"make-gommage-moussant-corps-300g-meditate-in-africa","status":"publish","type":"product","link":"https:\/\/cosmeticstoredz.com\/ar\/product\/make-gommage-moussant-corps-300g-meditate-in-africa\/","title":{"rendered":"MAKE GOMMAGE MOUSSANT CORPS 300G MEDITATE IN AFRICA"},"content":{"rendered":"","protected":false},"excerpt":{"rendered":"<p>R\u00e9v\u00e9lez une peau douce et \u00e9clatante avec le Make Gommage Moussant Corps 300g Meditate in Africa. Formul\u00e9 pour \u00e9liminer en douceur les cellules mortes, ce gommage moussant hydrate et apaise la peau, tout en la parfumant d\u2019une fragrance unique inspir\u00e9e de la beaut\u00e9 et de la s\u00e9r\u00e9nit\u00e9 de l&rsquo;Afrique. Offrez \u00e0 votre peau un moment de soin raffin\u00e9 et un \u00e9clat naturel.<\/p>","protected":false},"featured_media":19121,"comment_status":"open","ping_status":"closed","template":"","meta":[],"product_brand":[],"product_cat":[94,326,81],"product_tag":[],"class_list":{"0":"post-5323","1":"product","2":"type-product","3":"status-publish","4":"has-post-thumbnail","6":"product_cat-gommage-fc","7":"product_cat-make","8":"product_cat-soin-corps-f","10":"first","11":"outofstock","12":"shipping-taxable","13":"purchasable","14":"product-type-simple"},"_links":{"self":[{"href":"https:\/\/cosmeticstoredz.com\/ar\/wp-json\/wp\/v2\/product\/5323","targetHints":{"allow":["GET"]}}],"collection":[{"href":"https:\/\/cosmeticstoredz.com\/ar\/wp-json\/wp\/v2\/product"}],"about":[{"href":"https:\/\/cosmeticstoredz.com\/ar\/wp-json\/wp\/v2\/types\/product"}],"replies":[{"embeddable":true,"href":"https:\/\/cosmeticstoredz.com\/ar\/wp-json\/wp\/v2\/comments?post=5323"}],"version-history":[{"count":1,"href":"https:\/\/cosmeticstoredz.com\/ar\/wp-json\/wp\/v2\/product\/5323\/revisions"}],"predecessor-version":[{"id":19122,"href":"https:\/\/cosmeticstoredz.com\/ar\/wp-json\/wp\/v2\/product\/5323\/revisions\/19122"}],"wp:featuredmedia":[{"embeddable":true,"href":"https:\/\/cosmeticstoredz.com\/ar\/wp-json\/wp\/v2\/media\/19121"}],"wp:attachment":[{"href":"https:\/\/cosmeticstoredz.com\/ar\/wp-json\/wp\/v2\/media?parent=5323"}],"wp:term":[{"taxonomy":"product_brand","embeddable":true,"href":"https:\/\/cosmeticstoredz.com\/ar\/wp-json\/wp\/v2\/product_brand?post=5323"},{"taxonomy":"product_cat","embeddable":true,"href":"https:\/\/cosmeticstoredz.com\/ar\/wp-json\/wp\/v2\/product_cat?post=5323"},{"taxonomy":"product_tag","embeddable":true,"href":"https:\/\/cosmeticstoredz.com\/ar\/wp-json\/wp\/v2\/product_tag?post=5323"}],"curies":[{"name":"wp","href":"https:\/\/api.w.org\/{rel}","templated":true}]}}