{"id":5322,"date":"2025-06-04T18:34:05","date_gmt":"2025-06-04T18:34:05","guid":{"rendered":"https:\/\/test.fitnessworldgym27.com\/?post_type=product&#038;p=5322"},"modified":"2026-03-30T19:27:12","modified_gmt":"2026-03-30T19:27:12","slug":"make-gommage-moussant-corps-300g-love-in-venizia","status":"publish","type":"product","link":"https:\/\/cosmeticstoredz.com\/ar\/product\/make-gommage-moussant-corps-300g-love-in-venizia\/","title":{"rendered":"MAKE GOMMAGE MOUSSANT CORPS 300G LOVE IN VENIZIA"},"content":{"rendered":"","protected":false},"excerpt":{"rendered":"<p>Offrez \u00e0 votre peau une exfoliation en douceur avec le Make Gommage Moussant Corps 300g Love in Venezia. Sa formule enrichie \u00e9limine les cellules mortes tout en apportant une mousse onctueuse et d\u00e9licate. Enrichi d\u2019une fragrance captivante inspir\u00e9e de Venise, il laisse votre peau douce, lisse et d\u00e9licatement parfum\u00e9e, pr\u00eate \u00e0 rayonner.<\/p>","protected":false},"featured_media":19119,"comment_status":"open","ping_status":"closed","template":"","meta":[],"product_brand":[],"product_cat":[75,94,326,81],"product_tag":[],"class_list":{"0":"post-5322","1":"product","2":"type-product","3":"status-publish","4":"has-post-thumbnail","6":"product_cat-femme","7":"product_cat-gommage-fc","8":"product_cat-make","9":"product_cat-soin-corps-f","11":"first","12":"outofstock","13":"shipping-taxable","14":"purchasable","15":"product-type-simple"},"_links":{"self":[{"href":"https:\/\/cosmeticstoredz.com\/ar\/wp-json\/wp\/v2\/product\/5322","targetHints":{"allow":["GET"]}}],"collection":[{"href":"https:\/\/cosmeticstoredz.com\/ar\/wp-json\/wp\/v2\/product"}],"about":[{"href":"https:\/\/cosmeticstoredz.com\/ar\/wp-json\/wp\/v2\/types\/product"}],"replies":[{"embeddable":true,"href":"https:\/\/cosmeticstoredz.com\/ar\/wp-json\/wp\/v2\/comments?post=5322"}],"version-history":[{"count":1,"href":"https:\/\/cosmeticstoredz.com\/ar\/wp-json\/wp\/v2\/product\/5322\/revisions"}],"predecessor-version":[{"id":19120,"href":"https:\/\/cosmeticstoredz.com\/ar\/wp-json\/wp\/v2\/product\/5322\/revisions\/19120"}],"wp:featuredmedia":[{"embeddable":true,"href":"https:\/\/cosmeticstoredz.com\/ar\/wp-json\/wp\/v2\/media\/19119"}],"wp:attachment":[{"href":"https:\/\/cosmeticstoredz.com\/ar\/wp-json\/wp\/v2\/media?parent=5322"}],"wp:term":[{"taxonomy":"product_brand","embeddable":true,"href":"https:\/\/cosmeticstoredz.com\/ar\/wp-json\/wp\/v2\/product_brand?post=5322"},{"taxonomy":"product_cat","embeddable":true,"href":"https:\/\/cosmeticstoredz.com\/ar\/wp-json\/wp\/v2\/product_cat?post=5322"},{"taxonomy":"product_tag","embeddable":true,"href":"https:\/\/cosmeticstoredz.com\/ar\/wp-json\/wp\/v2\/product_tag?post=5322"}],"curies":[{"name":"wp","href":"https:\/\/api.w.org\/{rel}","templated":true}]}}