{"id":5230,"date":"2025-06-04T18:33:19","date_gmt":"2025-06-04T18:33:19","guid":{"rendered":"https:\/\/test.fitnessworldgym27.com\/?post_type=product&#038;p=5230"},"modified":"2026-03-30T19:25:01","modified_gmt":"2026-03-30T19:25:01","slug":"chaline-serum-80ml-chvx-abimes","status":"publish","type":"product","link":"https:\/\/cosmeticstoredz.com\/ar\/product\/chaline-serum-80ml-chvx-abimes\/","title":{"rendered":"CHALINE SERUM 80ML CHVX ABIMES"},"content":{"rendered":"","protected":false},"excerpt":{"rendered":"<p>S\u00e9rum CHALINE, pour les cheveux ab\u00eem\u00e9s.<br \/>\n&#8211; Huile d&rsquo;argan<br \/>\n&#8211; Sans paraben<br \/>\n&#8211; Sans silicone<\/p>","protected":false},"featured_media":19024,"comment_status":"open","ping_status":"closed","template":"","meta":[],"product_brand":[],"product_cat":[283,75,116,95],"product_tag":[],"class_list":{"0":"post-5230","1":"product","2":"type-product","3":"status-publish","4":"has-post-thumbnail","6":"product_cat-chaline","7":"product_cat-femme","8":"product_cat-serum-fch","9":"product_cat-soin-cheveux-f","11":"first","12":"outofstock","13":"shipping-taxable","14":"purchasable","15":"product-type-simple"},"_links":{"self":[{"href":"https:\/\/cosmeticstoredz.com\/ar\/wp-json\/wp\/v2\/product\/5230","targetHints":{"allow":["GET"]}}],"collection":[{"href":"https:\/\/cosmeticstoredz.com\/ar\/wp-json\/wp\/v2\/product"}],"about":[{"href":"https:\/\/cosmeticstoredz.com\/ar\/wp-json\/wp\/v2\/types\/product"}],"replies":[{"embeddable":true,"href":"https:\/\/cosmeticstoredz.com\/ar\/wp-json\/wp\/v2\/comments?post=5230"}],"version-history":[{"count":1,"href":"https:\/\/cosmeticstoredz.com\/ar\/wp-json\/wp\/v2\/product\/5230\/revisions"}],"predecessor-version":[{"id":19025,"href":"https:\/\/cosmeticstoredz.com\/ar\/wp-json\/wp\/v2\/product\/5230\/revisions\/19025"}],"wp:featuredmedia":[{"embeddable":true,"href":"https:\/\/cosmeticstoredz.com\/ar\/wp-json\/wp\/v2\/media\/19024"}],"wp:attachment":[{"href":"https:\/\/cosmeticstoredz.com\/ar\/wp-json\/wp\/v2\/media?parent=5230"}],"wp:term":[{"taxonomy":"product_brand","embeddable":true,"href":"https:\/\/cosmeticstoredz.com\/ar\/wp-json\/wp\/v2\/product_brand?post=5230"},{"taxonomy":"product_cat","embeddable":true,"href":"https:\/\/cosmeticstoredz.com\/ar\/wp-json\/wp\/v2\/product_cat?post=5230"},{"taxonomy":"product_tag","embeddable":true,"href":"https:\/\/cosmeticstoredz.com\/ar\/wp-json\/wp\/v2\/product_tag?post=5230"}],"curies":[{"name":"wp","href":"https:\/\/api.w.org\/{rel}","templated":true}]}}