{"id":5228,"date":"2025-06-04T18:33:19","date_gmt":"2025-06-04T18:33:19","guid":{"rendered":"https:\/\/test.fitnessworldgym27.com\/?post_type=product&#038;p=5228"},"modified":"2026-04-21T15:33:01","modified_gmt":"2026-04-21T15:33:01","slug":"biolila-toner-180ml","status":"publish","type":"product","link":"https:\/\/cosmeticstoredz.com\/ar\/product\/biolila-toner-180ml\/","title":{"rendered":"BIOLILA TONER 180ML"},"content":{"rendered":"<p data-start=\"678\" data-end=\"771\"><strong data-start=\"678\" data-end=\"771\">BioLila Toner \u00e0 l\u2019Eau de Riz &amp; Tea Tree \u2013 L\u2019essence de la K-Beauty dans un soin purifiant<\/strong><\/p>\n<p data-start=\"773\" data-end=\"1055\">Inspir\u00e9 de la <strong data-start=\"787\" data-end=\"835\">routine cor\u00e9enne de soin en plusieurs \u00e9tapes<\/strong>, le toner BioLila s\u2019inscrit comme la <strong data-start=\"873\" data-end=\"907\">troisi\u00e8me \u00e9tape incontournable<\/strong> apr\u00e8s le <strong data-start=\"917\" data-end=\"934\">cleansing oil<\/strong> et le <strong data-start=\"941\" data-end=\"958\">gel nettoyant<\/strong>. Il vient parfaire le nettoyage en profondeur tout en respectant l\u2019\u00e9quilibre naturel de la peau.<\/p>\n<p data-start=\"1057\" data-end=\"1306\">\ud83d\udd39 <strong data-start=\"1060\" data-end=\"1087\">\u00c9tape 1 : Cleansing oil<\/strong> \u2013 On d\u00e9maquille et dissout les corps gras.<br data-start=\"1130\" data-end=\"1133\" \/>\ud83d\udd39 <strong data-start=\"1136\" data-end=\"1163\">\u00c9tape 2 : Cleansing gel<\/strong> \u2013 On nettoie en profondeur les impuret\u00e9s \u00e0 base d\u2019eau.<br data-start=\"1218\" data-end=\"1221\" \/>\ud83d\udd39 <strong data-start=\"1224\" data-end=\"1251\">\u00c9tape 3 : Toner BioLila<\/strong> \u2013 On apaise, r\u00e9\u00e9quilibre et pr\u00e9pare la peau aux soins.<\/p>\n<p data-start=\"1308\" data-end=\"1391\">Gr\u00e2ce \u00e0 sa <strong data-start=\"1319\" data-end=\"1348\">formule douce et efficace<\/strong>, ce toner contient deux actifs puissants :<\/p>\n<ul data-start=\"1393\" data-end=\"1706\">\n<li data-start=\"1393\" data-end=\"1564\">\n<p data-start=\"1395\" data-end=\"1564\">\ud83c\udf3e <strong data-start=\"1398\" data-end=\"1414\">L\u2019eau de riz<\/strong>, ingr\u00e9dient ancestral des rituels de beaut\u00e9 asiatiques, qui <strong data-start=\"1475\" data-end=\"1497\">\u00e9claircit le teint<\/strong>, <strong data-start=\"1499\" data-end=\"1524\">calme les irritations<\/strong> et donne un effet \u201cpeau de porcelaine\u201d.<\/p>\n<\/li>\n<li data-start=\"1565\" data-end=\"1706\">\n<p data-start=\"1567\" data-end=\"1706\">\ud83c\udf3f <strong data-start=\"1570\" data-end=\"1607\">L\u2019huile essentielle d\u2019arbre \u00e0 th\u00e9<\/strong>, antibact\u00e9rienne et purifiante, qui <strong data-start=\"1644\" data-end=\"1678\">lutte contre les imperfections<\/strong> et r\u00e9gule l\u2019exc\u00e8s de s\u00e9bum.<\/p>\n<\/li>\n<\/ul>\n<p data-start=\"1708\" data-end=\"2008\">Sa <strong data-start=\"1711\" data-end=\"1754\">texture fluide, fra\u00eeche et non collante<\/strong> glisse sur la peau, l\u2019enveloppant d\u2019une sensation de confort tout en <strong data-start=\"1824\" data-end=\"1848\">resserrant les pores<\/strong> et en <strong data-start=\"1855\" data-end=\"1882\">restaurer le pH naturel<\/strong> de la peau. Parfaitement nettoy\u00e9e et r\u00e9\u00e9quilibr\u00e9e, la peau est pr\u00eate \u00e0 recevoir les soins suivants : s\u00e9rum, cr\u00e8me, ou masque.<\/p>\n<p data-start=\"2010\" data-end=\"2168\">\u2728 En l\u2019int\u00e9grant dans votre routine K-Beauty, le toner BioLila devient un alli\u00e9 quotidien pour obtenir une <strong data-start=\"2117\" data-end=\"2151\">peau nette, lumineuse et saine<\/strong>, sans agression.<\/p>\n<h3 data-start=\"2175\" data-end=\"2231\"><strong data-start=\"2182\" data-end=\"2229\">Mode d\u2019emploi recommand\u00e9 (routine cor\u00e9enne)<\/strong> :<\/h3>\n<ol data-start=\"2233\" data-end=\"2545\">\n<li data-start=\"2233\" data-end=\"2332\">\n<p data-start=\"2236\" data-end=\"2332\"><strong data-start=\"2236\" data-end=\"2259\">Huile d\u00e9maquillante<\/strong> : pour dissoudre le maquillage, les \u00e9crans solaires et l\u2019exc\u00e8s de s\u00e9bum.<\/p>\n<\/li>\n<li data-start=\"2333\" data-end=\"2406\">\n<p data-start=\"2336\" data-end=\"2406\"><strong data-start=\"2336\" data-end=\"2353\">Gel nettoyant<\/strong> : pour \u00e9liminer les impuret\u00e9s et nettoyer les pores.<\/p>\n<\/li>\n<li data-start=\"2407\" data-end=\"2488\">\n<p data-start=\"2410\" data-end=\"2488\"><strong data-start=\"2410\" data-end=\"2427\">Toner BioLila<\/strong> : pour apaiser, r\u00e9\u00e9quilibrer, et pr\u00e9parer la peau aux soins.<\/p>\n<\/li>\n<\/ol>","protected":false},"excerpt":{"rendered":"<p>Un soin essentiel pour r\u00e9v\u00e9ler l\u2019\u00e9clat naturel de votre peau. Ce toner doux et rafra\u00eechissant \u00e9limine les impuret\u00e9s r\u00e9siduelles, resserre les pores et r\u00e9\u00e9quilibre le pH de la peau apr\u00e8s le nettoyage<\/p>","protected":false},"featured_media":19018,"comment_status":"closed","ping_status":"closed","template":"","meta":[],"product_brand":[],"product_cat":[322],"product_tag":[],"class_list":{"0":"post-5228","1":"product","2":"type-product","3":"status-publish","4":"has-post-thumbnail","6":"product_cat-biolila","8":"first","9":"instock","10":"shipping-taxable","11":"purchasable","12":"product-type-simple"},"yoast_head":"<!-- This site is optimized with the Yoast SEO plugin v27.3 - https:\/\/yoast.com\/product\/yoast-seo-wordpress\/ -->\n<title>BIOLILA TONER 180ML - Cosmetic Store<\/title>\n<meta name=\"robots\" content=\"index, follow, max-snippet:-1, max-image-preview:large, max-video-preview:-1\" \/>\n<link rel=\"canonical\" href=\"https:\/\/cosmeticstoredz.com\/ar\/product\/biolila-toner-180ml\/\" \/>\n<meta property=\"og:locale\" content=\"ar_AR\" \/>\n<meta property=\"og:type\" content=\"article\" \/>\n<meta property=\"og:title\" content=\"BIOLILA TONER 180ML - Cosmetic Store\" \/>\n<meta property=\"og:description\" content=\"Un soin essentiel pour r\u00e9v\u00e9ler l\u2019\u00e9clat naturel de votre peau. Ce toner doux et rafra\u00eechissant \u00e9limine les impuret\u00e9s r\u00e9siduelles, resserre les pores et r\u00e9\u00e9quilibre le pH de la peau apr\u00e8s le nettoyage\" \/>\n<meta property=\"og:url\" content=\"https:\/\/cosmeticstoredz.com\/ar\/product\/biolila-toner-180ml\/\" \/>\n<meta property=\"og:site_name\" content=\"Cosmetic Store\" \/>\n<meta property=\"article:publisher\" content=\"https:\/\/www.facebook.com\/profile.php?id=61564954260683\" \/>\n<meta property=\"article:modified_time\" content=\"2026-04-21T15:33:01+00:00\" \/>\n<meta property=\"og:image\" content=\"https:\/\/cosmeticstoredz.com\/wp-content\/uploads\/2026\/02\/CC-576.png\" \/>\n\t<meta property=\"og:image:width\" content=\"1563\" \/>\n\t<meta property=\"og:image:height\" content=\"1563\" \/>\n\t<meta property=\"og:image:type\" content=\"image\/png\" \/>\n<meta name=\"twitter:card\" content=\"summary_large_image\" \/>\n<meta name=\"twitter:label1\" content=\"\u0648\u0642\u062a \u0627\u0644\u0642\u0631\u0627\u0621\u0629 \u0627\u0644\u0645\u064f\u0642\u062f\u0651\u0631\" \/>\n\t<meta name=\"twitter:data1\" content=\"\u062f\u0642\u064a\u0642\u0629 \u0648\u0627\u062d\u062f\u0629\" \/>\n<script type=\"application\/ld+json\" class=\"yoast-schema-graph\">{\"@context\":\"https:\\\/\\\/schema.org\",\"@graph\":[{\"@type\":\"WebPage\",\"@id\":\"https:\\\/\\\/cosmeticstoredz.com\\\/produit\\\/biolila-toner-180ml\\\/\",\"url\":\"https:\\\/\\\/cosmeticstoredz.com\\\/produit\\\/biolila-toner-180ml\\\/\",\"name\":\"BIOLILA TONER 180ML - Cosmetic Store\",\"isPartOf\":{\"@id\":\"https:\\\/\\\/cosmeticstoredz.com\\\/#website\"},\"primaryImageOfPage\":{\"@id\":\"https:\\\/\\\/cosmeticstoredz.com\\\/produit\\\/biolila-toner-180ml\\\/#primaryimage\"},\"image\":{\"@id\":\"https:\\\/\\\/cosmeticstoredz.com\\\/produit\\\/biolila-toner-180ml\\\/#primaryimage\"},\"thumbnailUrl\":\"https:\\\/\\\/cosmeticstoredz.com\\\/wp-content\\\/uploads\\\/2026\\\/02\\\/CC-576.png\",\"datePublished\":\"2025-06-04T18:33:19+00:00\",\"dateModified\":\"2026-04-21T15:33:01+00:00\",\"breadcrumb\":{\"@id\":\"https:\\\/\\\/cosmeticstoredz.com\\\/produit\\\/biolila-toner-180ml\\\/#breadcrumb\"},\"inLanguage\":\"ar\",\"potentialAction\":[{\"@type\":\"ReadAction\",\"target\":[\"https:\\\/\\\/cosmeticstoredz.com\\\/produit\\\/biolila-toner-180ml\\\/\"]}]},{\"@type\":\"ImageObject\",\"inLanguage\":\"ar\",\"@id\":\"https:\\\/\\\/cosmeticstoredz.com\\\/produit\\\/biolila-toner-180ml\\\/#primaryimage\",\"url\":\"https:\\\/\\\/cosmeticstoredz.com\\\/wp-content\\\/uploads\\\/2026\\\/02\\\/CC-576.png\",\"contentUrl\":\"https:\\\/\\\/cosmeticstoredz.com\\\/wp-content\\\/uploads\\\/2026\\\/02\\\/CC-576.png\",\"width\":1563,\"height\":1563},{\"@type\":\"BreadcrumbList\",\"@id\":\"https:\\\/\\\/cosmeticstoredz.com\\\/produit\\\/biolila-toner-180ml\\\/#breadcrumb\",\"itemListElement\":[{\"@type\":\"ListItem\",\"position\":1,\"name\":\"Accueil\",\"item\":\"https:\\\/\\\/cosmeticstoredz.com\\\/\"},{\"@type\":\"ListItem\",\"position\":2,\"name\":\"Boutique\",\"item\":\"https:\\\/\\\/cosmeticstoredz.com\\\/boutique\\\/\"},{\"@type\":\"ListItem\",\"position\":3,\"name\":\"BIOLILA TONER 180ML\"}]},{\"@type\":\"WebSite\",\"@id\":\"https:\\\/\\\/cosmeticstoredz.com\\\/#website\",\"url\":\"https:\\\/\\\/cosmeticstoredz.com\\\/\",\"name\":\"Cosmetic Store\",\"description\":\"\",\"publisher\":{\"@id\":\"https:\\\/\\\/cosmeticstoredz.com\\\/#organization\"},\"potentialAction\":[{\"@type\":\"SearchAction\",\"target\":{\"@type\":\"EntryPoint\",\"urlTemplate\":\"https:\\\/\\\/cosmeticstoredz.com\\\/?s={search_term_string}\"},\"query-input\":{\"@type\":\"PropertyValueSpecification\",\"valueRequired\":true,\"valueName\":\"search_term_string\"}}],\"inLanguage\":\"ar\"},{\"@type\":\"Organization\",\"@id\":\"https:\\\/\\\/cosmeticstoredz.com\\\/#organization\",\"name\":\"Cosmetic Store\",\"url\":\"https:\\\/\\\/cosmeticstoredz.com\\\/\",\"logo\":{\"@type\":\"ImageObject\",\"inLanguage\":\"ar\",\"@id\":\"https:\\\/\\\/cosmeticstoredz.com\\\/#\\\/schema\\\/logo\\\/image\\\/\",\"url\":\"https:\\\/\\\/cosmeticstoredz.com\\\/wp-content\\\/uploads\\\/2026\\\/02\\\/cropped-LOGO_CS-512x512-1-1-e1771275285345.webp\",\"contentUrl\":\"https:\\\/\\\/cosmeticstoredz.com\\\/wp-content\\\/uploads\\\/2026\\\/02\\\/cropped-LOGO_CS-512x512-1-1-e1771275285345.webp\",\"width\":265,\"height\":319,\"caption\":\"Cosmetic Store\"},\"image\":{\"@id\":\"https:\\\/\\\/cosmeticstoredz.com\\\/#\\\/schema\\\/logo\\\/image\\\/\"},\"sameAs\":[\"https:\\\/\\\/www.facebook.com\\\/profile.php?id=61564954260683\",\"https:\\\/\\\/www.instagram.com\\\/cosmetic.storedz\\\/\"]}]}<\/script>\n<!-- \/ Yoast SEO plugin. -->","yoast_head_json":{"title":"BIOLILA TONER 180ML - Cosmetic Store","robots":{"index":"index","follow":"follow","max-snippet":"max-snippet:-1","max-image-preview":"max-image-preview:large","max-video-preview":"max-video-preview:-1"},"canonical":"https:\/\/cosmeticstoredz.com\/ar\/product\/biolila-toner-180ml\/","og_locale":"ar_AR","og_type":"article","og_title":"BIOLILA TONER 180ML - Cosmetic Store","og_description":"Un soin essentiel pour r\u00e9v\u00e9ler l\u2019\u00e9clat naturel de votre peau. Ce toner doux et rafra\u00eechissant \u00e9limine les impuret\u00e9s r\u00e9siduelles, resserre les pores et r\u00e9\u00e9quilibre le pH de la peau apr\u00e8s le nettoyage","og_url":"https:\/\/cosmeticstoredz.com\/ar\/product\/biolila-toner-180ml\/","og_site_name":"Cosmetic Store","article_publisher":"https:\/\/www.facebook.com\/profile.php?id=61564954260683","article_modified_time":"2026-04-21T15:33:01+00:00","og_image":[{"width":1563,"height":1563,"url":"https:\/\/cosmeticstoredz.com\/wp-content\/uploads\/2026\/02\/CC-576.png","type":"image\/png"}],"twitter_card":"summary_large_image","twitter_misc":{"\u0648\u0642\u062a \u0627\u0644\u0642\u0631\u0627\u0621\u0629 \u0627\u0644\u0645\u064f\u0642\u062f\u0651\u0631":"\u062f\u0642\u064a\u0642\u0629 \u0648\u0627\u062d\u062f\u0629"},"schema":{"@context":"https:\/\/schema.org","@graph":[{"@type":"WebPage","@id":"https:\/\/cosmeticstoredz.com\/produit\/biolila-toner-180ml\/","url":"https:\/\/cosmeticstoredz.com\/produit\/biolila-toner-180ml\/","name":"BIOLILA TONER 180ML - Cosmetic Store","isPartOf":{"@id":"https:\/\/cosmeticstoredz.com\/#website"},"primaryImageOfPage":{"@id":"https:\/\/cosmeticstoredz.com\/produit\/biolila-toner-180ml\/#primaryimage"},"image":{"@id":"https:\/\/cosmeticstoredz.com\/produit\/biolila-toner-180ml\/#primaryimage"},"thumbnailUrl":"https:\/\/cosmeticstoredz.com\/wp-content\/uploads\/2026\/02\/CC-576.png","datePublished":"2025-06-04T18:33:19+00:00","dateModified":"2026-04-21T15:33:01+00:00","breadcrumb":{"@id":"https:\/\/cosmeticstoredz.com\/produit\/biolila-toner-180ml\/#breadcrumb"},"inLanguage":"ar","potentialAction":[{"@type":"ReadAction","target":["https:\/\/cosmeticstoredz.com\/produit\/biolila-toner-180ml\/"]}]},{"@type":"ImageObject","inLanguage":"ar","@id":"https:\/\/cosmeticstoredz.com\/produit\/biolila-toner-180ml\/#primaryimage","url":"https:\/\/cosmeticstoredz.com\/wp-content\/uploads\/2026\/02\/CC-576.png","contentUrl":"https:\/\/cosmeticstoredz.com\/wp-content\/uploads\/2026\/02\/CC-576.png","width":1563,"height":1563},{"@type":"BreadcrumbList","@id":"https:\/\/cosmeticstoredz.com\/produit\/biolila-toner-180ml\/#breadcrumb","itemListElement":[{"@type":"ListItem","position":1,"name":"Accueil","item":"https:\/\/cosmeticstoredz.com\/"},{"@type":"ListItem","position":2,"name":"Boutique","item":"https:\/\/cosmeticstoredz.com\/boutique\/"},{"@type":"ListItem","position":3,"name":"BIOLILA TONER 180ML"}]},{"@type":"WebSite","@id":"https:\/\/cosmeticstoredz.com\/#website","url":"https:\/\/cosmeticstoredz.com\/","name":"Cosmetic Store","description":"","publisher":{"@id":"https:\/\/cosmeticstoredz.com\/#organization"},"potentialAction":[{"@type":"SearchAction","target":{"@type":"EntryPoint","urlTemplate":"https:\/\/cosmeticstoredz.com\/?s={search_term_string}"},"query-input":{"@type":"PropertyValueSpecification","valueRequired":true,"valueName":"search_term_string"}}],"inLanguage":"ar"},{"@type":"Organization","@id":"https:\/\/cosmeticstoredz.com\/#organization","name":"Cosmetic Store","url":"https:\/\/cosmeticstoredz.com\/","logo":{"@type":"ImageObject","inLanguage":"ar","@id":"https:\/\/cosmeticstoredz.com\/#\/schema\/logo\/image\/","url":"https:\/\/cosmeticstoredz.com\/wp-content\/uploads\/2026\/02\/cropped-LOGO_CS-512x512-1-1-e1771275285345.webp","contentUrl":"https:\/\/cosmeticstoredz.com\/wp-content\/uploads\/2026\/02\/cropped-LOGO_CS-512x512-1-1-e1771275285345.webp","width":265,"height":319,"caption":"Cosmetic Store"},"image":{"@id":"https:\/\/cosmeticstoredz.com\/#\/schema\/logo\/image\/"},"sameAs":["https:\/\/www.facebook.com\/profile.php?id=61564954260683","https:\/\/www.instagram.com\/cosmetic.storedz\/"]}]}},"_links":{"self":[{"href":"https:\/\/cosmeticstoredz.com\/ar\/wp-json\/wp\/v2\/product\/5228","targetHints":{"allow":["GET"]}}],"collection":[{"href":"https:\/\/cosmeticstoredz.com\/ar\/wp-json\/wp\/v2\/product"}],"about":[{"href":"https:\/\/cosmeticstoredz.com\/ar\/wp-json\/wp\/v2\/types\/product"}],"replies":[{"embeddable":true,"href":"https:\/\/cosmeticstoredz.com\/ar\/wp-json\/wp\/v2\/comments?post=5228"}],"version-history":[{"count":1,"href":"https:\/\/cosmeticstoredz.com\/ar\/wp-json\/wp\/v2\/product\/5228\/revisions"}],"predecessor-version":[{"id":19021,"href":"https:\/\/cosmeticstoredz.com\/ar\/wp-json\/wp\/v2\/product\/5228\/revisions\/19021"}],"wp:featuredmedia":[{"embeddable":true,"href":"https:\/\/cosmeticstoredz.com\/ar\/wp-json\/wp\/v2\/media\/19018"}],"wp:attachment":[{"href":"https:\/\/cosmeticstoredz.com\/ar\/wp-json\/wp\/v2\/media?parent=5228"}],"wp:term":[{"taxonomy":"product_brand","embeddable":true,"href":"https:\/\/cosmeticstoredz.com\/ar\/wp-json\/wp\/v2\/product_brand?post=5228"},{"taxonomy":"product_cat","embeddable":true,"href":"https:\/\/cosmeticstoredz.com\/ar\/wp-json\/wp\/v2\/product_cat?post=5228"},{"taxonomy":"product_tag","embeddable":true,"href":"https:\/\/cosmeticstoredz.com\/ar\/wp-json\/wp\/v2\/product_tag?post=5228"}],"curies":[{"name":"wp","href":"https:\/\/api.w.org\/{rel}","templated":true}]}}