{"id":5227,"date":"2025-06-04T18:33:19","date_gmt":"2025-06-04T18:33:19","guid":{"rendered":"https:\/\/test.fitnessworldgym27.com\/?post_type=product&#038;p=5227"},"modified":"2026-04-10T18:07:36","modified_gmt":"2026-04-10T18:07:36","slug":"biolila-cleansing-oil-180ml","status":"publish","type":"product","link":"https:\/\/cosmeticstoredz.com\/ar\/product\/biolila-cleansing-oil-180ml\/","title":{"rendered":"BIOLILA CLEANSING OIL 180ML"},"content":{"rendered":"<p data-start=\"619\" data-end=\"736\"><strong data-start=\"619\" data-end=\"736\">Biolila Cleansing Oil 180ML \u2013 L\u2019\u00e9tape cl\u00e9 du nettoyage cor\u00e9en pour une peau parfaitement d\u00e9maquill\u00e9e et lumineuse<\/strong><\/p>\n<p data-start=\"738\" data-end=\"1052\">La <strong data-start=\"741\" data-end=\"766\">Cleansing Oil Biolila<\/strong>, inspir\u00e9e de la m\u00e9thode du <strong data-start=\"794\" data-end=\"821\">double nettoyage cor\u00e9en<\/strong>, est une huile d\u00e9maquillante douce et efficace formul\u00e9e \u00e0 base d\u2019<strong data-start=\"887\" data-end=\"901\">eau de riz<\/strong> et d\u2019un m\u00e9lange d\u2019<strong data-start=\"920\" data-end=\"948\">huiles v\u00e9g\u00e9tales l\u00e9g\u00e8res<\/strong>. Elle repr\u00e9sente la <strong data-start=\"969\" data-end=\"999\">premi\u00e8re \u00e9tape essentielle<\/strong> d\u2019une routine de soin K-Beauty compl\u00e8te et efficace.<\/p>\n<p data-start=\"1054\" data-end=\"1438\">\ud83d\udd38 <strong data-start=\"1057\" data-end=\"1091\">Pourquoi le double nettoyage ?<\/strong><br data-start=\"1091\" data-end=\"1094\" \/>La peau accumule chaque jour du maquillage, des filtres solaires, de la pollution, et du s\u00e9bum. Le double nettoyage consiste \u00e0 utiliser d\u2019abord une <strong data-start=\"1242\" data-end=\"1265\">huile d\u00e9maquillante<\/strong> (pour dissoudre les corps gras), puis un <strong data-start=\"1307\" data-end=\"1324\">gel nettoyant<\/strong> (pour \u00e9liminer les r\u00e9sidus hydrosolubles). Cette m\u00e9thode assure un nettoyage en profondeur sans agresser la peau.<\/p>\n<p data-start=\"1440\" data-end=\"1481\">\ud83d\udd38 <strong data-start=\"1443\" data-end=\"1479\">Les bienfaits de l\u2019huile Biolila<\/strong> :<\/p>\n<ul data-start=\"1482\" data-end=\"1843\">\n<li data-start=\"1482\" data-end=\"1607\">\n<p data-start=\"1484\" data-end=\"1607\">\ud83c\udf3e <strong data-start=\"1487\" data-end=\"1501\">Eau de riz<\/strong> : connue pour ses propri\u00e9t\u00e9s <strong data-start=\"1531\" data-end=\"1564\">\u00e9claircissantes et apaisantes<\/strong>, elle unifie le teint et donne de l\u2019\u00e9clat.<\/p>\n<\/li>\n<li data-start=\"1608\" data-end=\"1758\">\n<p data-start=\"1610\" data-end=\"1758\">\ud83c\udf3f <strong data-start=\"1613\" data-end=\"1633\">Huiles v\u00e9g\u00e9tales<\/strong> : elles <strong data-start=\"1642\" data-end=\"1681\">dissolvent les impuret\u00e9s lipophiles<\/strong> (s\u00e9bum, maquillage, \u00e9crans solaires) tout en nourrissant l\u00e9g\u00e8rement la peau.<\/p>\n<\/li>\n<li data-start=\"1759\" data-end=\"1843\">\n<p data-start=\"1761\" data-end=\"1843\">\ud83d\udca7 Texture fluide et l\u00e9g\u00e8re, <strong data-start=\"1790\" data-end=\"1809\">facile \u00e0 rincer<\/strong>, sans effet gras ni film collant.<\/p>\n<\/li>\n<\/ul>\n<p data-start=\"1845\" data-end=\"2068\">D\u00e8s les premiers jours, la peau est <strong data-start=\"1881\" data-end=\"1908\">plus nette, plus souple<\/strong>, et les pores semblent <strong data-start=\"1932\" data-end=\"1947\">d\u00e9sobstru\u00e9s<\/strong>. Elle convient \u00e0 tous les types de peaux, m\u00eame grasses, car elle respecte l\u2019\u00e9quilibre cutan\u00e9 sans agresser ni dess\u00e9cher.<\/p>\n<h3 data-start=\"2075\" data-end=\"2129\"><strong data-start=\"2082\" data-end=\"2127\">Routine cor\u00e9enne recommand\u00e9e avec Biolila<\/strong> :<\/h3>\n<ol data-start=\"2131\" data-end=\"2399\">\n<li data-start=\"2131\" data-end=\"2217\">\n<p data-start=\"2134\" data-end=\"2217\"><strong data-start=\"2134\" data-end=\"2169\">\u00c9tape 1 \u2013 Cleansing Oil Biolila<\/strong> : pour d\u00e9maquiller et dissoudre les corps gras.<\/p>\n<\/li>\n<li data-start=\"2218\" data-end=\"2304\">\n<p data-start=\"2221\" data-end=\"2304\"><strong data-start=\"2221\" data-end=\"2256\">\u00c9tape 2 \u2013 Gel nettoyant Biolila<\/strong> : pour purifier et \u00e9liminer les r\u00e9sidus aqueux.<\/p>\n<\/li>\n<li data-start=\"2305\" data-end=\"2399\">\n<p data-start=\"2308\" data-end=\"2399\"><strong data-start=\"2308\" data-end=\"2335\">\u00c9tape 3 \u2013 Toner Biolila<\/strong> : pour apaiser, \u00e9quilibrer et pr\u00e9parer la peau \u00e0 l\u2019hydratation.<\/p>\n<\/li>\n<\/ol>\n<p>&nbsp;<\/p>","protected":false},"excerpt":{"rendered":"<p>L\u2019huile d\u00e9maquillante Biolila est la premi\u00e8re \u00e9tape du double nettoyage cor\u00e9en. Enrichie en eau de riz et en huiles v\u00e9g\u00e9tales douces, elle dissout le maquillage, l\u2019exc\u00e8s de s\u00e9bum et les impuret\u00e9s tout en respectant l\u2019\u00e9quilibre de la peau. Sa texture fluide laisse la peau propre, douce et \u00e9clatante, sans film gras.<\/p>","protected":false},"featured_media":19014,"comment_status":"closed","ping_status":"closed","template":"","meta":[],"product_brand":[],"product_cat":[322,75,100,81,76],"product_tag":[],"class_list":{"0":"post-5227","1":"product","2":"type-product","3":"status-publish","4":"has-post-thumbnail","6":"product_cat-biolila","7":"product_cat-femme","8":"product_cat-huile-de-massage","9":"product_cat-soin-corps-f","10":"product_cat-soin-visage-f","12":"first","13":"instock","14":"shipping-taxable","15":"purchasable","16":"product-type-simple"},"_links":{"self":[{"href":"https:\/\/cosmeticstoredz.com\/ar\/wp-json\/wp\/v2\/product\/5227","targetHints":{"allow":["GET"]}}],"collection":[{"href":"https:\/\/cosmeticstoredz.com\/ar\/wp-json\/wp\/v2\/product"}],"about":[{"href":"https:\/\/cosmeticstoredz.com\/ar\/wp-json\/wp\/v2\/types\/product"}],"replies":[{"embeddable":true,"href":"https:\/\/cosmeticstoredz.com\/ar\/wp-json\/wp\/v2\/comments?post=5227"}],"version-history":[{"count":1,"href":"https:\/\/cosmeticstoredz.com\/ar\/wp-json\/wp\/v2\/product\/5227\/revisions"}],"predecessor-version":[{"id":19017,"href":"https:\/\/cosmeticstoredz.com\/ar\/wp-json\/wp\/v2\/product\/5227\/revisions\/19017"}],"wp:featuredmedia":[{"embeddable":true,"href":"https:\/\/cosmeticstoredz.com\/ar\/wp-json\/wp\/v2\/media\/19014"}],"wp:attachment":[{"href":"https:\/\/cosmeticstoredz.com\/ar\/wp-json\/wp\/v2\/media?parent=5227"}],"wp:term":[{"taxonomy":"product_brand","embeddable":true,"href":"https:\/\/cosmeticstoredz.com\/ar\/wp-json\/wp\/v2\/product_brand?post=5227"},{"taxonomy":"product_cat","embeddable":true,"href":"https:\/\/cosmeticstoredz.com\/ar\/wp-json\/wp\/v2\/product_cat?post=5227"},{"taxonomy":"product_tag","embeddable":true,"href":"https:\/\/cosmeticstoredz.com\/ar\/wp-json\/wp\/v2\/product_tag?post=5227"}],"curies":[{"name":"wp","href":"https:\/\/api.w.org\/{rel}","templated":true}]}}