{"id":5179,"date":"2025-06-04T18:32:58","date_gmt":"2025-06-04T18:32:58","guid":{"rendered":"https:\/\/test.fitnessworldgym27.com\/?post_type=product&#038;p=5179"},"modified":"2026-02-16T16:47:34","modified_gmt":"2026-02-16T16:47:34","slug":"lisas-keratine-liquide-k","status":"publish","type":"product","link":"https:\/\/cosmeticstoredz.com\/ar\/product\/lisas-keratine-liquide-k\/","title":{"rendered":"LISAS KERATINE LIQUIDE K"},"content":{"rendered":"<p dir=\"auto\"><span>La k\u00e9ratine est une substance naturellement pr\u00e9sente dans les cheveux, mais en raison des facteurs externes qui nous entourent, les cheveux s&rsquo;ab\u00eement, se d\u00e9doublent et perdent leur beaut\u00e9 et leur vitalit\u00e9.<\/span><\/p>","protected":false},"excerpt":{"rendered":"<p class=\"product_title entry-title\"><span>K\u00e9ratine liquide \u00e0 l&rsquo;aloe vera et \u00e0 la vitamine B5 de la marque alg\u00e9rienne Lisas<\/span><\/p>\n<p class=\"price\">","protected":false},"featured_media":18954,"comment_status":"open","ping_status":"closed","template":"","meta":[],"product_brand":[],"product_cat":[75,179,182,95],"product_tag":[],"class_list":{"0":"post-5179","1":"product","2":"type-product","3":"status-publish","4":"has-post-thumbnail","6":"product_cat-femme","7":"product_cat-lisas","8":"product_cat-proteine-keratine","9":"product_cat-soin-cheveux-f","11":"first","12":"outofstock","13":"shipping-taxable","14":"purchasable","15":"product-type-simple"},"_links":{"self":[{"href":"https:\/\/cosmeticstoredz.com\/ar\/wp-json\/wp\/v2\/product\/5179","targetHints":{"allow":["GET"]}}],"collection":[{"href":"https:\/\/cosmeticstoredz.com\/ar\/wp-json\/wp\/v2\/product"}],"about":[{"href":"https:\/\/cosmeticstoredz.com\/ar\/wp-json\/wp\/v2\/types\/product"}],"replies":[{"embeddable":true,"href":"https:\/\/cosmeticstoredz.com\/ar\/wp-json\/wp\/v2\/comments?post=5179"}],"version-history":[{"count":1,"href":"https:\/\/cosmeticstoredz.com\/ar\/wp-json\/wp\/v2\/product\/5179\/revisions"}],"predecessor-version":[{"id":18955,"href":"https:\/\/cosmeticstoredz.com\/ar\/wp-json\/wp\/v2\/product\/5179\/revisions\/18955"}],"wp:featuredmedia":[{"embeddable":true,"href":"https:\/\/cosmeticstoredz.com\/ar\/wp-json\/wp\/v2\/media\/18954"}],"wp:attachment":[{"href":"https:\/\/cosmeticstoredz.com\/ar\/wp-json\/wp\/v2\/media?parent=5179"}],"wp:term":[{"taxonomy":"product_brand","embeddable":true,"href":"https:\/\/cosmeticstoredz.com\/ar\/wp-json\/wp\/v2\/product_brand?post=5179"},{"taxonomy":"product_cat","embeddable":true,"href":"https:\/\/cosmeticstoredz.com\/ar\/wp-json\/wp\/v2\/product_cat?post=5179"},{"taxonomy":"product_tag","embeddable":true,"href":"https:\/\/cosmeticstoredz.com\/ar\/wp-json\/wp\/v2\/product_tag?post=5179"}],"curies":[{"name":"wp","href":"https:\/\/api.w.org\/{rel}","templated":true}]}}