{"id":5110,"date":"2025-06-04T18:32:40","date_gmt":"2025-06-04T18:32:40","guid":{"rendered":"https:\/\/test.fitnessworldgym27.com\/?post_type=product&#038;p=5110"},"modified":"2026-03-30T19:27:42","modified_gmt":"2026-03-30T19:27:42","slug":"proderma-librado-brume-250ml-golden-velvet","status":"publish","type":"product","link":"https:\/\/cosmeticstoredz.com\/ar\/product\/proderma-librado-brume-250ml-golden-velvet\/","title":{"rendered":"PRODERMA LIBRADO BRUME 250ML GOLDEN VELVET"},"content":{"rendered":"","protected":false},"excerpt":{"rendered":"<p>Un brume raffin\u00e9 qui enveloppe votre peau d\u2019un parfum chaleureux et \u00e9l\u00e9gant, offrant une sensation de douceur soyeuse et un \u00e9clat irr\u00e9sistible.<\/p>","protected":false},"featured_media":18878,"comment_status":"open","ping_status":"closed","template":"","meta":[],"product_brand":[],"product_cat":[101,75,78,289],"product_tag":[],"class_list":{"0":"post-5110","1":"product","2":"type-product","3":"status-publish","4":"has-post-thumbnail","6":"product_cat-brume","7":"product_cat-femme","8":"product_cat-parfum-f","9":"product_cat-proderma","11":"first","12":"instock","13":"shipping-taxable","14":"purchasable","15":"product-type-simple"},"_links":{"self":[{"href":"https:\/\/cosmeticstoredz.com\/ar\/wp-json\/wp\/v2\/product\/5110","targetHints":{"allow":["GET"]}}],"collection":[{"href":"https:\/\/cosmeticstoredz.com\/ar\/wp-json\/wp\/v2\/product"}],"about":[{"href":"https:\/\/cosmeticstoredz.com\/ar\/wp-json\/wp\/v2\/types\/product"}],"replies":[{"embeddable":true,"href":"https:\/\/cosmeticstoredz.com\/ar\/wp-json\/wp\/v2\/comments?post=5110"}],"version-history":[{"count":1,"href":"https:\/\/cosmeticstoredz.com\/ar\/wp-json\/wp\/v2\/product\/5110\/revisions"}],"predecessor-version":[{"id":18879,"href":"https:\/\/cosmeticstoredz.com\/ar\/wp-json\/wp\/v2\/product\/5110\/revisions\/18879"}],"wp:featuredmedia":[{"embeddable":true,"href":"https:\/\/cosmeticstoredz.com\/ar\/wp-json\/wp\/v2\/media\/18878"}],"wp:attachment":[{"href":"https:\/\/cosmeticstoredz.com\/ar\/wp-json\/wp\/v2\/media?parent=5110"}],"wp:term":[{"taxonomy":"product_brand","embeddable":true,"href":"https:\/\/cosmeticstoredz.com\/ar\/wp-json\/wp\/v2\/product_brand?post=5110"},{"taxonomy":"product_cat","embeddable":true,"href":"https:\/\/cosmeticstoredz.com\/ar\/wp-json\/wp\/v2\/product_cat?post=5110"},{"taxonomy":"product_tag","embeddable":true,"href":"https:\/\/cosmeticstoredz.com\/ar\/wp-json\/wp\/v2\/product_tag?post=5110"}],"curies":[{"name":"wp","href":"https:\/\/api.w.org\/{rel}","templated":true}]}}