{"id":5040,"date":"2025-06-04T18:32:27","date_gmt":"2025-06-04T18:32:27","guid":{"rendered":"https:\/\/test.fitnessworldgym27.com\/?post_type=product&#038;p=5040"},"modified":"2026-03-30T19:24:39","modified_gmt":"2026-03-30T19:24:39","slug":"abusaad-creme-au-lait-de-chevre","status":"publish","type":"product","link":"https:\/\/cosmeticstoredz.com\/ar\/product\/abusaad-creme-au-lait-de-chevre\/","title":{"rendered":"ABUSAAD CREME AU LAIT DE  CHEVRE"},"content":{"rendered":"<h1 class=\"product_title entry-title\">CREME HYDRATANTE ABUSAAD 200ML LAIT DE CHEVRE<\/h1>\n<p>D\u00e9couvrez la cr\u00e8me hydratante Abusaad au lait de ch\u00e8vre, une v\u00e9ritable source de nutrition pour votre peau. Enrichie en lait de ch\u00e8vre, r\u00e9put\u00e9 pour ses propri\u00e9t\u00e9s nourrissantes et apaisantes, cette cr\u00e8me hydrate intens\u00e9ment et r\u00e9pare les peaux s\u00e8ches et d\u00e9shydrat\u00e9es. Sa texture onctueuse p\u00e9n\u00e8tre rapidement, laissant la peau douce, souple, et prot\u00e9g\u00e9e contre les agressions ext\u00e9rieures. Utilisable sur le visage et le corps, elle offre une hydratation longue dur\u00e9e et convient \u00e0 toute la famille. Pour une peau \u00e9clatante de sant\u00e9 et d\u00e9licatement parfum\u00e9e, int\u00e9grez la cr\u00e8me Abusaad \u00e0 votre routine quotidienne.<\/p>","protected":false},"excerpt":{"rendered":"<h1 class=\"product_title entry-title\">CREME HYDRATANTE ABUSAAD 200ML LAIT DE CHEVRE<\/h1>\n<p>D\u00e9couvrez la cr\u00e8me hydratante Abusaad au lait de ch\u00e8vre, une v\u00e9ritable source de nutrition pour votre peau. Enrichie en lait de ch\u00e8vre, r\u00e9put\u00e9 pour ses propri\u00e9t\u00e9s nourrissantes et apaisantes, cette cr\u00e8me hydrate intens\u00e9ment et r\u00e9pare les peaux s\u00e8ches et d\u00e9shydrat\u00e9es. Sa texture onctueuse p\u00e9n\u00e8tre rapidement, laissant la peau douce, souple, et prot\u00e9g\u00e9e contre les agressions ext\u00e9rieures. Utilisable sur le visage et le corps, elle offre une hydratation longue dur\u00e9e et convient \u00e0 toute la famille. Pour une peau \u00e9clatante de sant\u00e9 et d\u00e9licatement parfum\u00e9e, int\u00e9grez la cr\u00e8me Abusaad \u00e0 votre routine quotidienne.<\/p>","protected":false},"featured_media":18794,"comment_status":"closed","ping_status":"closed","template":"","meta":[],"product_brand":[413],"product_cat":[87,82,81],"product_tag":[],"class_list":{"0":"post-5040","1":"product","2":"type-product","3":"status-publish","4":"has-post-thumbnail","6":"product_brand-abusaad","7":"product_cat-abusaad","8":"product_cat-creme-hydratante-fc","9":"product_cat-soin-corps-f","11":"first","12":"instock","13":"shipping-taxable","14":"purchasable","15":"product-type-simple"},"yoast_head":"<!-- This site is optimized with the Yoast SEO plugin v27.3 - https:\/\/yoast.com\/product\/yoast-seo-wordpress\/ -->\n<title>ABUSAAD CREME AU LAIT DE CHEVRE - Cosmetic Store<\/title>\n<meta name=\"robots\" content=\"index, follow, max-snippet:-1, max-image-preview:large, max-video-preview:-1\" \/>\n<link rel=\"canonical\" href=\"https:\/\/cosmeticstoredz.com\/ar\/product\/abusaad-creme-au-lait-de-chevre\/\" \/>\n<meta property=\"og:locale\" content=\"ar_AR\" \/>\n<meta property=\"og:type\" content=\"article\" \/>\n<meta property=\"og:title\" content=\"ABUSAAD CREME AU LAIT DE CHEVRE - Cosmetic Store\" \/>\n<meta property=\"og:description\" content=\"CREME HYDRATANTE ABUSAAD 200ML LAIT DE CHEVRE D\u00e9couvrez la cr\u00e8me hydratante Abusaad au lait de ch\u00e8vre, une v\u00e9ritable source de nutrition pour votre peau. Enrichie en lait de ch\u00e8vre, r\u00e9put\u00e9 pour ses propri\u00e9t\u00e9s nourrissantes et apaisantes, cette cr\u00e8me hydrate intens\u00e9ment et r\u00e9pare les peaux s\u00e8ches et d\u00e9shydrat\u00e9es. Sa texture onctueuse p\u00e9n\u00e8tre rapidement, laissant la peau douce, souple, et prot\u00e9g\u00e9e contre les agressions ext\u00e9rieures. Utilisable sur le visage et le corps, elle offre une hydratation longue dur\u00e9e et convient \u00e0 toute la famille. Pour une peau \u00e9clatante de sant\u00e9 et d\u00e9licatement parfum\u00e9e, int\u00e9grez la cr\u00e8me Abusaad \u00e0 votre routine quotidienne.\" \/>\n<meta property=\"og:url\" content=\"https:\/\/cosmeticstoredz.com\/ar\/product\/abusaad-creme-au-lait-de-chevre\/\" \/>\n<meta property=\"og:site_name\" content=\"Cosmetic Store\" \/>\n<meta property=\"article:publisher\" content=\"https:\/\/www.facebook.com\/profile.php?id=61564954260683\" \/>\n<meta property=\"article:modified_time\" content=\"2026-03-30T19:24:39+00:00\" \/>\n<meta property=\"og:image\" content=\"https:\/\/cosmeticstoredz.com\/wp-content\/uploads\/2026\/02\/CC-229-1.png\" \/>\n\t<meta property=\"og:image:width\" content=\"500\" \/>\n\t<meta property=\"og:image:height\" content=\"500\" \/>\n\t<meta property=\"og:image:type\" content=\"image\/png\" \/>\n<meta name=\"twitter:card\" content=\"summary_large_image\" \/>\n<meta name=\"twitter:label1\" content=\"\u0648\u0642\u062a \u0627\u0644\u0642\u0631\u0627\u0621\u0629 \u0627\u0644\u0645\u064f\u0642\u062f\u0651\u0631\" \/>\n\t<meta name=\"twitter:data1\" content=\"\u062f\u0642\u064a\u0642\u0629 \u0648\u0627\u062d\u062f\u0629\" \/>\n<script type=\"application\/ld+json\" class=\"yoast-schema-graph\">{\"@context\":\"https:\\\/\\\/schema.org\",\"@graph\":[{\"@type\":\"WebPage\",\"@id\":\"https:\\\/\\\/cosmeticstoredz.com\\\/produit\\\/abusaad-creme-au-lait-de-chevre\\\/\",\"url\":\"https:\\\/\\\/cosmeticstoredz.com\\\/produit\\\/abusaad-creme-au-lait-de-chevre\\\/\",\"name\":\"ABUSAAD CREME AU LAIT DE CHEVRE - Cosmetic Store\",\"isPartOf\":{\"@id\":\"https:\\\/\\\/cosmeticstoredz.com\\\/#website\"},\"primaryImageOfPage\":{\"@id\":\"https:\\\/\\\/cosmeticstoredz.com\\\/produit\\\/abusaad-creme-au-lait-de-chevre\\\/#primaryimage\"},\"image\":{\"@id\":\"https:\\\/\\\/cosmeticstoredz.com\\\/produit\\\/abusaad-creme-au-lait-de-chevre\\\/#primaryimage\"},\"thumbnailUrl\":\"https:\\\/\\\/cosmeticstoredz.com\\\/wp-content\\\/uploads\\\/2026\\\/02\\\/CC-229-1.png\",\"datePublished\":\"2025-06-04T18:32:27+00:00\",\"dateModified\":\"2026-03-30T19:24:39+00:00\",\"breadcrumb\":{\"@id\":\"https:\\\/\\\/cosmeticstoredz.com\\\/produit\\\/abusaad-creme-au-lait-de-chevre\\\/#breadcrumb\"},\"inLanguage\":\"ar\",\"potentialAction\":[{\"@type\":\"ReadAction\",\"target\":[\"https:\\\/\\\/cosmeticstoredz.com\\\/produit\\\/abusaad-creme-au-lait-de-chevre\\\/\"]}]},{\"@type\":\"ImageObject\",\"inLanguage\":\"ar\",\"@id\":\"https:\\\/\\\/cosmeticstoredz.com\\\/produit\\\/abusaad-creme-au-lait-de-chevre\\\/#primaryimage\",\"url\":\"https:\\\/\\\/cosmeticstoredz.com\\\/wp-content\\\/uploads\\\/2026\\\/02\\\/CC-229-1.png\",\"contentUrl\":\"https:\\\/\\\/cosmeticstoredz.com\\\/wp-content\\\/uploads\\\/2026\\\/02\\\/CC-229-1.png\",\"width\":500,\"height\":500},{\"@type\":\"BreadcrumbList\",\"@id\":\"https:\\\/\\\/cosmeticstoredz.com\\\/produit\\\/abusaad-creme-au-lait-de-chevre\\\/#breadcrumb\",\"itemListElement\":[{\"@type\":\"ListItem\",\"position\":1,\"name\":\"Accueil\",\"item\":\"https:\\\/\\\/cosmeticstoredz.com\\\/\"},{\"@type\":\"ListItem\",\"position\":2,\"name\":\"Boutique\",\"item\":\"https:\\\/\\\/cosmeticstoredz.com\\\/boutique\\\/\"},{\"@type\":\"ListItem\",\"position\":3,\"name\":\"ABUSAAD CREME AU LAIT DE CHEVRE\"}]},{\"@type\":\"WebSite\",\"@id\":\"https:\\\/\\\/cosmeticstoredz.com\\\/#website\",\"url\":\"https:\\\/\\\/cosmeticstoredz.com\\\/\",\"name\":\"Cosmetic Store\",\"description\":\"\",\"publisher\":{\"@id\":\"https:\\\/\\\/cosmeticstoredz.com\\\/#organization\"},\"potentialAction\":[{\"@type\":\"SearchAction\",\"target\":{\"@type\":\"EntryPoint\",\"urlTemplate\":\"https:\\\/\\\/cosmeticstoredz.com\\\/?s={search_term_string}\"},\"query-input\":{\"@type\":\"PropertyValueSpecification\",\"valueRequired\":true,\"valueName\":\"search_term_string\"}}],\"inLanguage\":\"ar\"},{\"@type\":\"Organization\",\"@id\":\"https:\\\/\\\/cosmeticstoredz.com\\\/#organization\",\"name\":\"Cosmetic Store\",\"url\":\"https:\\\/\\\/cosmeticstoredz.com\\\/\",\"logo\":{\"@type\":\"ImageObject\",\"inLanguage\":\"ar\",\"@id\":\"https:\\\/\\\/cosmeticstoredz.com\\\/#\\\/schema\\\/logo\\\/image\\\/\",\"url\":\"https:\\\/\\\/cosmeticstoredz.com\\\/wp-content\\\/uploads\\\/2026\\\/02\\\/cropped-LOGO_CS-512x512-1-1-e1771275285345.webp\",\"contentUrl\":\"https:\\\/\\\/cosmeticstoredz.com\\\/wp-content\\\/uploads\\\/2026\\\/02\\\/cropped-LOGO_CS-512x512-1-1-e1771275285345.webp\",\"width\":265,\"height\":319,\"caption\":\"Cosmetic Store\"},\"image\":{\"@id\":\"https:\\\/\\\/cosmeticstoredz.com\\\/#\\\/schema\\\/logo\\\/image\\\/\"},\"sameAs\":[\"https:\\\/\\\/www.facebook.com\\\/profile.php?id=61564954260683\",\"https:\\\/\\\/www.instagram.com\\\/cosmetic.storedz\\\/\"]}]}<\/script>\n<!-- \/ Yoast SEO plugin. -->","yoast_head_json":{"title":"ABUSAAD CREME AU LAIT DE CHEVRE - Cosmetic Store","robots":{"index":"index","follow":"follow","max-snippet":"max-snippet:-1","max-image-preview":"max-image-preview:large","max-video-preview":"max-video-preview:-1"},"canonical":"https:\/\/cosmeticstoredz.com\/ar\/product\/abusaad-creme-au-lait-de-chevre\/","og_locale":"ar_AR","og_type":"article","og_title":"ABUSAAD CREME AU LAIT DE CHEVRE - Cosmetic Store","og_description":"CREME HYDRATANTE ABUSAAD 200ML LAIT DE CHEVRE D\u00e9couvrez la cr\u00e8me hydratante Abusaad au lait de ch\u00e8vre, une v\u00e9ritable source de nutrition pour votre peau. Enrichie en lait de ch\u00e8vre, r\u00e9put\u00e9 pour ses propri\u00e9t\u00e9s nourrissantes et apaisantes, cette cr\u00e8me hydrate intens\u00e9ment et r\u00e9pare les peaux s\u00e8ches et d\u00e9shydrat\u00e9es. Sa texture onctueuse p\u00e9n\u00e8tre rapidement, laissant la peau douce, souple, et prot\u00e9g\u00e9e contre les agressions ext\u00e9rieures. Utilisable sur le visage et le corps, elle offre une hydratation longue dur\u00e9e et convient \u00e0 toute la famille. Pour une peau \u00e9clatante de sant\u00e9 et d\u00e9licatement parfum\u00e9e, int\u00e9grez la cr\u00e8me Abusaad \u00e0 votre routine quotidienne.","og_url":"https:\/\/cosmeticstoredz.com\/ar\/product\/abusaad-creme-au-lait-de-chevre\/","og_site_name":"Cosmetic Store","article_publisher":"https:\/\/www.facebook.com\/profile.php?id=61564954260683","article_modified_time":"2026-03-30T19:24:39+00:00","og_image":[{"width":500,"height":500,"url":"https:\/\/cosmeticstoredz.com\/wp-content\/uploads\/2026\/02\/CC-229-1.png","type":"image\/png"}],"twitter_card":"summary_large_image","twitter_misc":{"\u0648\u0642\u062a \u0627\u0644\u0642\u0631\u0627\u0621\u0629 \u0627\u0644\u0645\u064f\u0642\u062f\u0651\u0631":"\u062f\u0642\u064a\u0642\u0629 \u0648\u0627\u062d\u062f\u0629"},"schema":{"@context":"https:\/\/schema.org","@graph":[{"@type":"WebPage","@id":"https:\/\/cosmeticstoredz.com\/produit\/abusaad-creme-au-lait-de-chevre\/","url":"https:\/\/cosmeticstoredz.com\/produit\/abusaad-creme-au-lait-de-chevre\/","name":"ABUSAAD CREME AU LAIT DE CHEVRE - Cosmetic Store","isPartOf":{"@id":"https:\/\/cosmeticstoredz.com\/#website"},"primaryImageOfPage":{"@id":"https:\/\/cosmeticstoredz.com\/produit\/abusaad-creme-au-lait-de-chevre\/#primaryimage"},"image":{"@id":"https:\/\/cosmeticstoredz.com\/produit\/abusaad-creme-au-lait-de-chevre\/#primaryimage"},"thumbnailUrl":"https:\/\/cosmeticstoredz.com\/wp-content\/uploads\/2026\/02\/CC-229-1.png","datePublished":"2025-06-04T18:32:27+00:00","dateModified":"2026-03-30T19:24:39+00:00","breadcrumb":{"@id":"https:\/\/cosmeticstoredz.com\/produit\/abusaad-creme-au-lait-de-chevre\/#breadcrumb"},"inLanguage":"ar","potentialAction":[{"@type":"ReadAction","target":["https:\/\/cosmeticstoredz.com\/produit\/abusaad-creme-au-lait-de-chevre\/"]}]},{"@type":"ImageObject","inLanguage":"ar","@id":"https:\/\/cosmeticstoredz.com\/produit\/abusaad-creme-au-lait-de-chevre\/#primaryimage","url":"https:\/\/cosmeticstoredz.com\/wp-content\/uploads\/2026\/02\/CC-229-1.png","contentUrl":"https:\/\/cosmeticstoredz.com\/wp-content\/uploads\/2026\/02\/CC-229-1.png","width":500,"height":500},{"@type":"BreadcrumbList","@id":"https:\/\/cosmeticstoredz.com\/produit\/abusaad-creme-au-lait-de-chevre\/#breadcrumb","itemListElement":[{"@type":"ListItem","position":1,"name":"Accueil","item":"https:\/\/cosmeticstoredz.com\/"},{"@type":"ListItem","position":2,"name":"Boutique","item":"https:\/\/cosmeticstoredz.com\/boutique\/"},{"@type":"ListItem","position":3,"name":"ABUSAAD CREME AU LAIT DE CHEVRE"}]},{"@type":"WebSite","@id":"https:\/\/cosmeticstoredz.com\/#website","url":"https:\/\/cosmeticstoredz.com\/","name":"Cosmetic Store","description":"","publisher":{"@id":"https:\/\/cosmeticstoredz.com\/#organization"},"potentialAction":[{"@type":"SearchAction","target":{"@type":"EntryPoint","urlTemplate":"https:\/\/cosmeticstoredz.com\/?s={search_term_string}"},"query-input":{"@type":"PropertyValueSpecification","valueRequired":true,"valueName":"search_term_string"}}],"inLanguage":"ar"},{"@type":"Organization","@id":"https:\/\/cosmeticstoredz.com\/#organization","name":"Cosmetic Store","url":"https:\/\/cosmeticstoredz.com\/","logo":{"@type":"ImageObject","inLanguage":"ar","@id":"https:\/\/cosmeticstoredz.com\/#\/schema\/logo\/image\/","url":"https:\/\/cosmeticstoredz.com\/wp-content\/uploads\/2026\/02\/cropped-LOGO_CS-512x512-1-1-e1771275285345.webp","contentUrl":"https:\/\/cosmeticstoredz.com\/wp-content\/uploads\/2026\/02\/cropped-LOGO_CS-512x512-1-1-e1771275285345.webp","width":265,"height":319,"caption":"Cosmetic Store"},"image":{"@id":"https:\/\/cosmeticstoredz.com\/#\/schema\/logo\/image\/"},"sameAs":["https:\/\/www.facebook.com\/profile.php?id=61564954260683","https:\/\/www.instagram.com\/cosmetic.storedz\/"]}]}},"_links":{"self":[{"href":"https:\/\/cosmeticstoredz.com\/ar\/wp-json\/wp\/v2\/product\/5040","targetHints":{"allow":["GET"]}}],"collection":[{"href":"https:\/\/cosmeticstoredz.com\/ar\/wp-json\/wp\/v2\/product"}],"about":[{"href":"https:\/\/cosmeticstoredz.com\/ar\/wp-json\/wp\/v2\/types\/product"}],"replies":[{"embeddable":true,"href":"https:\/\/cosmeticstoredz.com\/ar\/wp-json\/wp\/v2\/comments?post=5040"}],"version-history":[{"count":1,"href":"https:\/\/cosmeticstoredz.com\/ar\/wp-json\/wp\/v2\/product\/5040\/revisions"}],"predecessor-version":[{"id":18795,"href":"https:\/\/cosmeticstoredz.com\/ar\/wp-json\/wp\/v2\/product\/5040\/revisions\/18795"}],"wp:featuredmedia":[{"embeddable":true,"href":"https:\/\/cosmeticstoredz.com\/ar\/wp-json\/wp\/v2\/media\/18794"}],"wp:attachment":[{"href":"https:\/\/cosmeticstoredz.com\/ar\/wp-json\/wp\/v2\/media?parent=5040"}],"wp:term":[{"taxonomy":"product_brand","embeddable":true,"href":"https:\/\/cosmeticstoredz.com\/ar\/wp-json\/wp\/v2\/product_brand?post=5040"},{"taxonomy":"product_cat","embeddable":true,"href":"https:\/\/cosmeticstoredz.com\/ar\/wp-json\/wp\/v2\/product_cat?post=5040"},{"taxonomy":"product_tag","embeddable":true,"href":"https:\/\/cosmeticstoredz.com\/ar\/wp-json\/wp\/v2\/product_tag?post=5040"}],"curies":[{"name":"wp","href":"https:\/\/api.w.org\/{rel}","templated":true}]}}