{"id":5013,"date":"2025-06-04T18:32:07","date_gmt":"2025-06-04T18:32:07","guid":{"rendered":"https:\/\/test.fitnessworldgym27.com\/?post_type=product&#038;p=5013"},"modified":"2026-04-18T19:19:03","modified_gmt":"2026-04-18T19:19:03","slug":"abusaad-parfum-corps-fiori-de-isqusa","status":"publish","type":"product","link":"https:\/\/cosmeticstoredz.com\/ar\/product\/abusaad-parfum-corps-fiori-de-isqusa\/","title":{"rendered":"ABUSAAD PARFUM CORPS FIORI DE ISQUSA"},"content":{"rendered":"<h1>Abusaad Brume Corporelle Fiori de Isqusa<\/h1>\n<p>Offrez \u00e0 votre peau une touche de fra\u00eecheur florale avec la brume corporelle Abusaad Fiori de Isqusa. L\u00e9g\u00e8re et d\u00e9licate<\/p>","protected":false},"excerpt":{"rendered":"<h1>Abusaad Brume Corporelle Fiori de Isqusa<\/h1>\n<p>Offrez \u00e0 votre peau une touche de fra\u00eecheur florale avec la brume corporelle Abusaad Fiori de Isqusa. L\u00e9g\u00e8re et d\u00e9licate, cette brume diffuse un parfum floral subtil qui enveloppe le corps d&rsquo;une sensation de fra\u00eecheur et d&rsquo;\u00e9l\u00e9gance. Parfaite pour une utilisation quotidienne, elle hydrate l\u00e9g\u00e8rement la peau tout en laissant un sillage parfum\u00e9 qui dure toute la journ\u00e9e. Fiori de Isqusa est l&rsquo;alli\u00e9 id\u00e9al pour celles qui cherchent un parfum doux et raffin\u00e9, facile \u00e0 emporter et \u00e0 appliquer en toutes circonstances.<\/p>","protected":false},"featured_media":18790,"comment_status":"open","ping_status":"closed","template":"","meta":[],"product_brand":[413],"product_cat":[87,101,75,78],"product_tag":[],"class_list":{"0":"post-5013","1":"product","2":"type-product","3":"status-publish","4":"has-post-thumbnail","6":"product_brand-abusaad","7":"product_cat-abusaad","8":"product_cat-brume","9":"product_cat-femme","10":"product_cat-parfum-f","12":"first","13":"outofstock","14":"shipping-taxable","15":"purchasable","16":"product-type-simple"},"yoast_head":"<!-- This site is optimized with the Yoast SEO plugin v27.3 - https:\/\/yoast.com\/product\/yoast-seo-wordpress\/ -->\n<title>ABUSAAD PARFUM CORPS FIORI DE ISQUSA - Cosmetic Store<\/title>\n<meta name=\"robots\" content=\"index, follow, max-snippet:-1, max-image-preview:large, max-video-preview:-1\" \/>\n<link rel=\"canonical\" href=\"https:\/\/cosmeticstoredz.com\/ar\/product\/abusaad-parfum-corps-fiori-de-isqusa\/\" \/>\n<meta property=\"og:locale\" content=\"ar_AR\" \/>\n<meta property=\"og:type\" content=\"article\" \/>\n<meta property=\"og:title\" content=\"ABUSAAD PARFUM CORPS FIORI DE ISQUSA - Cosmetic Store\" \/>\n<meta property=\"og:description\" content=\"Abusaad Brume Corporelle Fiori de Isqusa Offrez \u00e0 votre peau une touche de fra\u00eecheur florale avec la brume corporelle Abusaad Fiori de Isqusa. L\u00e9g\u00e8re et d\u00e9licate, cette brume diffuse un parfum floral subtil qui enveloppe le corps d&#039;une sensation de fra\u00eecheur et d&#039;\u00e9l\u00e9gance. Parfaite pour une utilisation quotidienne, elle hydrate l\u00e9g\u00e8rement la peau tout en laissant un sillage parfum\u00e9 qui dure toute la journ\u00e9e. Fiori de Isqusa est l&#039;alli\u00e9 id\u00e9al pour celles qui cherchent un parfum doux et raffin\u00e9, facile \u00e0 emporter et \u00e0 appliquer en toutes circonstances.\" \/>\n<meta property=\"og:url\" content=\"https:\/\/cosmeticstoredz.com\/ar\/product\/abusaad-parfum-corps-fiori-de-isqusa\/\" \/>\n<meta property=\"og:site_name\" content=\"Cosmetic Store\" \/>\n<meta property=\"article:publisher\" content=\"https:\/\/www.facebook.com\/profile.php?id=61564954260683\" \/>\n<meta property=\"article:modified_time\" content=\"2026-04-18T19:19:03+00:00\" \/>\n<meta property=\"og:image\" content=\"https:\/\/cosmeticstoredz.com\/wp-content\/uploads\/2026\/02\/CC-231-1.png\" \/>\n\t<meta property=\"og:image:width\" content=\"500\" \/>\n\t<meta property=\"og:image:height\" content=\"500\" \/>\n\t<meta property=\"og:image:type\" content=\"image\/png\" \/>\n<meta name=\"twitter:card\" content=\"summary_large_image\" \/>\n<script type=\"application\/ld+json\" class=\"yoast-schema-graph\">{\"@context\":\"https:\\\/\\\/schema.org\",\"@graph\":[{\"@type\":\"WebPage\",\"@id\":\"https:\\\/\\\/cosmeticstoredz.com\\\/produit\\\/abusaad-parfum-corps-fiori-de-isqusa\\\/\",\"url\":\"https:\\\/\\\/cosmeticstoredz.com\\\/produit\\\/abusaad-parfum-corps-fiori-de-isqusa\\\/\",\"name\":\"ABUSAAD PARFUM CORPS FIORI DE ISQUSA - Cosmetic Store\",\"isPartOf\":{\"@id\":\"https:\\\/\\\/cosmeticstoredz.com\\\/#website\"},\"primaryImageOfPage\":{\"@id\":\"https:\\\/\\\/cosmeticstoredz.com\\\/produit\\\/abusaad-parfum-corps-fiori-de-isqusa\\\/#primaryimage\"},\"image\":{\"@id\":\"https:\\\/\\\/cosmeticstoredz.com\\\/produit\\\/abusaad-parfum-corps-fiori-de-isqusa\\\/#primaryimage\"},\"thumbnailUrl\":\"https:\\\/\\\/cosmeticstoredz.com\\\/wp-content\\\/uploads\\\/2026\\\/02\\\/CC-231-1.png\",\"datePublished\":\"2025-06-04T18:32:07+00:00\",\"dateModified\":\"2026-04-18T19:19:03+00:00\",\"breadcrumb\":{\"@id\":\"https:\\\/\\\/cosmeticstoredz.com\\\/produit\\\/abusaad-parfum-corps-fiori-de-isqusa\\\/#breadcrumb\"},\"inLanguage\":\"ar\",\"potentialAction\":[{\"@type\":\"ReadAction\",\"target\":[\"https:\\\/\\\/cosmeticstoredz.com\\\/produit\\\/abusaad-parfum-corps-fiori-de-isqusa\\\/\"]}]},{\"@type\":\"ImageObject\",\"inLanguage\":\"ar\",\"@id\":\"https:\\\/\\\/cosmeticstoredz.com\\\/produit\\\/abusaad-parfum-corps-fiori-de-isqusa\\\/#primaryimage\",\"url\":\"https:\\\/\\\/cosmeticstoredz.com\\\/wp-content\\\/uploads\\\/2026\\\/02\\\/CC-231-1.png\",\"contentUrl\":\"https:\\\/\\\/cosmeticstoredz.com\\\/wp-content\\\/uploads\\\/2026\\\/02\\\/CC-231-1.png\",\"width\":500,\"height\":500},{\"@type\":\"BreadcrumbList\",\"@id\":\"https:\\\/\\\/cosmeticstoredz.com\\\/produit\\\/abusaad-parfum-corps-fiori-de-isqusa\\\/#breadcrumb\",\"itemListElement\":[{\"@type\":\"ListItem\",\"position\":1,\"name\":\"Accueil\",\"item\":\"https:\\\/\\\/cosmeticstoredz.com\\\/\"},{\"@type\":\"ListItem\",\"position\":2,\"name\":\"Boutique\",\"item\":\"https:\\\/\\\/cosmeticstoredz.com\\\/boutique\\\/\"},{\"@type\":\"ListItem\",\"position\":3,\"name\":\"ABUSAAD PARFUM CORPS FIORI DE ISQUSA\"}]},{\"@type\":\"WebSite\",\"@id\":\"https:\\\/\\\/cosmeticstoredz.com\\\/#website\",\"url\":\"https:\\\/\\\/cosmeticstoredz.com\\\/\",\"name\":\"Cosmetic Store\",\"description\":\"\",\"publisher\":{\"@id\":\"https:\\\/\\\/cosmeticstoredz.com\\\/#organization\"},\"potentialAction\":[{\"@type\":\"SearchAction\",\"target\":{\"@type\":\"EntryPoint\",\"urlTemplate\":\"https:\\\/\\\/cosmeticstoredz.com\\\/?s={search_term_string}\"},\"query-input\":{\"@type\":\"PropertyValueSpecification\",\"valueRequired\":true,\"valueName\":\"search_term_string\"}}],\"inLanguage\":\"ar\"},{\"@type\":\"Organization\",\"@id\":\"https:\\\/\\\/cosmeticstoredz.com\\\/#organization\",\"name\":\"Cosmetic Store\",\"url\":\"https:\\\/\\\/cosmeticstoredz.com\\\/\",\"logo\":{\"@type\":\"ImageObject\",\"inLanguage\":\"ar\",\"@id\":\"https:\\\/\\\/cosmeticstoredz.com\\\/#\\\/schema\\\/logo\\\/image\\\/\",\"url\":\"https:\\\/\\\/cosmeticstoredz.com\\\/wp-content\\\/uploads\\\/2026\\\/02\\\/cropped-LOGO_CS-512x512-1-1-e1771275285345.webp\",\"contentUrl\":\"https:\\\/\\\/cosmeticstoredz.com\\\/wp-content\\\/uploads\\\/2026\\\/02\\\/cropped-LOGO_CS-512x512-1-1-e1771275285345.webp\",\"width\":265,\"height\":319,\"caption\":\"Cosmetic Store\"},\"image\":{\"@id\":\"https:\\\/\\\/cosmeticstoredz.com\\\/#\\\/schema\\\/logo\\\/image\\\/\"},\"sameAs\":[\"https:\\\/\\\/www.facebook.com\\\/profile.php?id=61564954260683\",\"https:\\\/\\\/www.instagram.com\\\/cosmetic.storedz\\\/\"]}]}<\/script>\n<!-- \/ Yoast SEO plugin. -->","yoast_head_json":{"title":"ABUSAAD PARFUM CORPS FIORI DE ISQUSA - Cosmetic Store","robots":{"index":"index","follow":"follow","max-snippet":"max-snippet:-1","max-image-preview":"max-image-preview:large","max-video-preview":"max-video-preview:-1"},"canonical":"https:\/\/cosmeticstoredz.com\/ar\/product\/abusaad-parfum-corps-fiori-de-isqusa\/","og_locale":"ar_AR","og_type":"article","og_title":"ABUSAAD PARFUM CORPS FIORI DE ISQUSA - Cosmetic Store","og_description":"Abusaad Brume Corporelle Fiori de Isqusa Offrez \u00e0 votre peau une touche de fra\u00eecheur florale avec la brume corporelle Abusaad Fiori de Isqusa. L\u00e9g\u00e8re et d\u00e9licate, cette brume diffuse un parfum floral subtil qui enveloppe le corps d'une sensation de fra\u00eecheur et d'\u00e9l\u00e9gance. Parfaite pour une utilisation quotidienne, elle hydrate l\u00e9g\u00e8rement la peau tout en laissant un sillage parfum\u00e9 qui dure toute la journ\u00e9e. Fiori de Isqusa est l'alli\u00e9 id\u00e9al pour celles qui cherchent un parfum doux et raffin\u00e9, facile \u00e0 emporter et \u00e0 appliquer en toutes circonstances.","og_url":"https:\/\/cosmeticstoredz.com\/ar\/product\/abusaad-parfum-corps-fiori-de-isqusa\/","og_site_name":"Cosmetic Store","article_publisher":"https:\/\/www.facebook.com\/profile.php?id=61564954260683","article_modified_time":"2026-04-18T19:19:03+00:00","og_image":[{"width":500,"height":500,"url":"https:\/\/cosmeticstoredz.com\/wp-content\/uploads\/2026\/02\/CC-231-1.png","type":"image\/png"}],"twitter_card":"summary_large_image","schema":{"@context":"https:\/\/schema.org","@graph":[{"@type":"WebPage","@id":"https:\/\/cosmeticstoredz.com\/produit\/abusaad-parfum-corps-fiori-de-isqusa\/","url":"https:\/\/cosmeticstoredz.com\/produit\/abusaad-parfum-corps-fiori-de-isqusa\/","name":"ABUSAAD PARFUM CORPS FIORI DE ISQUSA - Cosmetic Store","isPartOf":{"@id":"https:\/\/cosmeticstoredz.com\/#website"},"primaryImageOfPage":{"@id":"https:\/\/cosmeticstoredz.com\/produit\/abusaad-parfum-corps-fiori-de-isqusa\/#primaryimage"},"image":{"@id":"https:\/\/cosmeticstoredz.com\/produit\/abusaad-parfum-corps-fiori-de-isqusa\/#primaryimage"},"thumbnailUrl":"https:\/\/cosmeticstoredz.com\/wp-content\/uploads\/2026\/02\/CC-231-1.png","datePublished":"2025-06-04T18:32:07+00:00","dateModified":"2026-04-18T19:19:03+00:00","breadcrumb":{"@id":"https:\/\/cosmeticstoredz.com\/produit\/abusaad-parfum-corps-fiori-de-isqusa\/#breadcrumb"},"inLanguage":"ar","potentialAction":[{"@type":"ReadAction","target":["https:\/\/cosmeticstoredz.com\/produit\/abusaad-parfum-corps-fiori-de-isqusa\/"]}]},{"@type":"ImageObject","inLanguage":"ar","@id":"https:\/\/cosmeticstoredz.com\/produit\/abusaad-parfum-corps-fiori-de-isqusa\/#primaryimage","url":"https:\/\/cosmeticstoredz.com\/wp-content\/uploads\/2026\/02\/CC-231-1.png","contentUrl":"https:\/\/cosmeticstoredz.com\/wp-content\/uploads\/2026\/02\/CC-231-1.png","width":500,"height":500},{"@type":"BreadcrumbList","@id":"https:\/\/cosmeticstoredz.com\/produit\/abusaad-parfum-corps-fiori-de-isqusa\/#breadcrumb","itemListElement":[{"@type":"ListItem","position":1,"name":"Accueil","item":"https:\/\/cosmeticstoredz.com\/"},{"@type":"ListItem","position":2,"name":"Boutique","item":"https:\/\/cosmeticstoredz.com\/boutique\/"},{"@type":"ListItem","position":3,"name":"ABUSAAD PARFUM CORPS FIORI DE ISQUSA"}]},{"@type":"WebSite","@id":"https:\/\/cosmeticstoredz.com\/#website","url":"https:\/\/cosmeticstoredz.com\/","name":"Cosmetic Store","description":"","publisher":{"@id":"https:\/\/cosmeticstoredz.com\/#organization"},"potentialAction":[{"@type":"SearchAction","target":{"@type":"EntryPoint","urlTemplate":"https:\/\/cosmeticstoredz.com\/?s={search_term_string}"},"query-input":{"@type":"PropertyValueSpecification","valueRequired":true,"valueName":"search_term_string"}}],"inLanguage":"ar"},{"@type":"Organization","@id":"https:\/\/cosmeticstoredz.com\/#organization","name":"Cosmetic Store","url":"https:\/\/cosmeticstoredz.com\/","logo":{"@type":"ImageObject","inLanguage":"ar","@id":"https:\/\/cosmeticstoredz.com\/#\/schema\/logo\/image\/","url":"https:\/\/cosmeticstoredz.com\/wp-content\/uploads\/2026\/02\/cropped-LOGO_CS-512x512-1-1-e1771275285345.webp","contentUrl":"https:\/\/cosmeticstoredz.com\/wp-content\/uploads\/2026\/02\/cropped-LOGO_CS-512x512-1-1-e1771275285345.webp","width":265,"height":319,"caption":"Cosmetic Store"},"image":{"@id":"https:\/\/cosmeticstoredz.com\/#\/schema\/logo\/image\/"},"sameAs":["https:\/\/www.facebook.com\/profile.php?id=61564954260683","https:\/\/www.instagram.com\/cosmetic.storedz\/"]}]}},"_links":{"self":[{"href":"https:\/\/cosmeticstoredz.com\/ar\/wp-json\/wp\/v2\/product\/5013","targetHints":{"allow":["GET"]}}],"collection":[{"href":"https:\/\/cosmeticstoredz.com\/ar\/wp-json\/wp\/v2\/product"}],"about":[{"href":"https:\/\/cosmeticstoredz.com\/ar\/wp-json\/wp\/v2\/types\/product"}],"replies":[{"embeddable":true,"href":"https:\/\/cosmeticstoredz.com\/ar\/wp-json\/wp\/v2\/comments?post=5013"}],"version-history":[{"count":1,"href":"https:\/\/cosmeticstoredz.com\/ar\/wp-json\/wp\/v2\/product\/5013\/revisions"}],"predecessor-version":[{"id":18791,"href":"https:\/\/cosmeticstoredz.com\/ar\/wp-json\/wp\/v2\/product\/5013\/revisions\/18791"}],"wp:featuredmedia":[{"embeddable":true,"href":"https:\/\/cosmeticstoredz.com\/ar\/wp-json\/wp\/v2\/media\/18790"}],"wp:attachment":[{"href":"https:\/\/cosmeticstoredz.com\/ar\/wp-json\/wp\/v2\/media?parent=5013"}],"wp:term":[{"taxonomy":"product_brand","embeddable":true,"href":"https:\/\/cosmeticstoredz.com\/ar\/wp-json\/wp\/v2\/product_brand?post=5013"},{"taxonomy":"product_cat","embeddable":true,"href":"https:\/\/cosmeticstoredz.com\/ar\/wp-json\/wp\/v2\/product_cat?post=5013"},{"taxonomy":"product_tag","embeddable":true,"href":"https:\/\/cosmeticstoredz.com\/ar\/wp-json\/wp\/v2\/product_tag?post=5013"}],"curies":[{"name":"wp","href":"https:\/\/api.w.org\/{rel}","templated":true}]}}