{"id":4998,"date":"2025-06-04T18:32:06","date_gmt":"2025-06-04T18:32:06","guid":{"rendered":"https:\/\/test.fitnessworldgym27.com\/?post_type=product&#038;p=4998"},"modified":"2026-03-30T19:24:26","modified_gmt":"2026-03-30T19:24:26","slug":"ellea-brume-corps-100ml-pure-beauty","status":"publish","type":"product","link":"https:\/\/cosmeticstoredz.com\/ar\/product\/ellea-brume-corps-100ml-pure-beauty\/","title":{"rendered":"ELLEA BRUME CORPS 100ML PURE BEAUTY"},"content":{"rendered":"","protected":false},"excerpt":{"rendered":"<p>Laissez-vous envelopper par un nuage de fra\u00eecheur et de f\u00e9minit\u00e9 avec la brume corporelle <strong data-start=\"223\" data-end=\"238\">Pure Beauty<\/strong>. Son parfum subtil et \u00e9l\u00e9gant r\u00e9v\u00e8le toute la douceur d\u2019une beaut\u00e9 naturelle et lumineuse. Id\u00e9ale pour une sensation de propret\u00e9 et de bien-\u00eatre instantan\u00e9,<\/p>","protected":false},"featured_media":18760,"comment_status":"open","ping_status":"closed","template":"","meta":[],"product_brand":[],"product_cat":[101,253,75,78],"product_tag":[],"class_list":{"0":"post-4998","1":"product","2":"type-product","3":"status-publish","4":"has-post-thumbnail","6":"product_cat-brume","7":"product_cat-ellea","8":"product_cat-femme","9":"product_cat-parfum-f","11":"first","12":"outofstock","13":"shipping-taxable","14":"purchasable","15":"product-type-simple"},"_links":{"self":[{"href":"https:\/\/cosmeticstoredz.com\/ar\/wp-json\/wp\/v2\/product\/4998","targetHints":{"allow":["GET"]}}],"collection":[{"href":"https:\/\/cosmeticstoredz.com\/ar\/wp-json\/wp\/v2\/product"}],"about":[{"href":"https:\/\/cosmeticstoredz.com\/ar\/wp-json\/wp\/v2\/types\/product"}],"replies":[{"embeddable":true,"href":"https:\/\/cosmeticstoredz.com\/ar\/wp-json\/wp\/v2\/comments?post=4998"}],"version-history":[{"count":1,"href":"https:\/\/cosmeticstoredz.com\/ar\/wp-json\/wp\/v2\/product\/4998\/revisions"}],"predecessor-version":[{"id":18761,"href":"https:\/\/cosmeticstoredz.com\/ar\/wp-json\/wp\/v2\/product\/4998\/revisions\/18761"}],"wp:featuredmedia":[{"embeddable":true,"href":"https:\/\/cosmeticstoredz.com\/ar\/wp-json\/wp\/v2\/media\/18760"}],"wp:attachment":[{"href":"https:\/\/cosmeticstoredz.com\/ar\/wp-json\/wp\/v2\/media?parent=4998"}],"wp:term":[{"taxonomy":"product_brand","embeddable":true,"href":"https:\/\/cosmeticstoredz.com\/ar\/wp-json\/wp\/v2\/product_brand?post=4998"},{"taxonomy":"product_cat","embeddable":true,"href":"https:\/\/cosmeticstoredz.com\/ar\/wp-json\/wp\/v2\/product_cat?post=4998"},{"taxonomy":"product_tag","embeddable":true,"href":"https:\/\/cosmeticstoredz.com\/ar\/wp-json\/wp\/v2\/product_tag?post=4998"}],"curies":[{"name":"wp","href":"https:\/\/api.w.org\/{rel}","templated":true}]}}