{"id":4990,"date":"2025-06-04T18:32:06","date_gmt":"2025-06-04T18:32:06","guid":{"rendered":"https:\/\/test.fitnessworldgym27.com\/?post_type=product&#038;p=4990"},"modified":"2026-04-18T19:17:53","modified_gmt":"2026-04-18T19:17:53","slug":"ellea-nature-shampoing-500ml-a-lextrait-davocat","status":"publish","type":"product","link":"https:\/\/cosmeticstoredz.com\/ar\/product\/ellea-nature-shampoing-500ml-a-lextrait-davocat\/","title":{"rendered":"ELLEA NATURE SHAMPOING 500ML A L&rsquo;EXTRAIT D&rsquo;AVOCAT"},"content":{"rendered":"<p>D\u00e9couvrez le pouvoir nourrissant de la nature avec le shampooing Ellea Nature \u00e0 l&rsquo;extrait d&rsquo;avocat. Sp\u00e9cialement formul\u00e9 pour revitaliser et hydrater vos cheveux en profondeur, ce shampooing riche en vitamines et en acides gras essentiels restaure l&rsquo;\u00e9clat naturel et la douceur de vos cheveux.<\/p>","protected":false},"excerpt":{"rendered":"<p>D\u00e9couvrez le pouvoir nourrissant de la nature avec le shampooing Ellea Nature \u00e0 l&rsquo;extrait d&rsquo;avocat. Sp\u00e9cialement formul\u00e9 pour revitaliser et hydrater vos cheveux en profondeur, ce shampooing riche en vitamines et en acides gras essentiels restaure l&rsquo;\u00e9clat naturel et la douceur de vos cheveux.<\/p>","protected":false},"featured_media":18744,"comment_status":"open","ping_status":"closed","template":"","meta":[],"product_brand":[],"product_cat":[75,111,95],"product_tag":[],"class_list":{"0":"post-4990","1":"product","2":"type-product","3":"status-publish","4":"has-post-thumbnail","6":"product_cat-femme","7":"product_cat-shampoing-f","8":"product_cat-soin-cheveux-f","10":"first","11":"instock","12":"shipping-taxable","13":"purchasable","14":"product-type-simple"},"yoast_head":"<!-- This site is optimized with the Yoast SEO plugin v27.3 - https:\/\/yoast.com\/product\/yoast-seo-wordpress\/ -->\n<title>ELLEA NATURE SHAMPOING 500ML A L&#039;EXTRAIT D&#039;AVOCAT - Cosmetic Store<\/title>\n<meta name=\"robots\" content=\"index, follow, max-snippet:-1, max-image-preview:large, max-video-preview:-1\" \/>\n<link rel=\"canonical\" href=\"https:\/\/cosmeticstoredz.com\/ar\/product\/ellea-nature-shampoing-500ml-a-lextrait-davocat\/\" \/>\n<meta property=\"og:locale\" content=\"ar_AR\" \/>\n<meta property=\"og:type\" content=\"article\" \/>\n<meta property=\"og:title\" content=\"ELLEA NATURE SHAMPOING 500ML A L&#039;EXTRAIT D&#039;AVOCAT - Cosmetic Store\" \/>\n<meta property=\"og:description\" content=\"D\u00e9couvrez le pouvoir nourrissant de la nature avec le shampooing Ellea Nature \u00e0 l&#039;extrait d&#039;avocat. Sp\u00e9cialement formul\u00e9 pour revitaliser et hydrater vos cheveux en profondeur, ce shampooing riche en vitamines et en acides gras essentiels restaure l&#039;\u00e9clat naturel et la douceur de vos cheveux.\" \/>\n<meta property=\"og:url\" content=\"https:\/\/cosmeticstoredz.com\/ar\/product\/ellea-nature-shampoing-500ml-a-lextrait-davocat\/\" \/>\n<meta property=\"og:site_name\" content=\"Cosmetic Store\" \/>\n<meta property=\"article:publisher\" content=\"https:\/\/www.facebook.com\/profile.php?id=61564954260683\" \/>\n<meta property=\"article:modified_time\" content=\"2026-04-18T19:17:53+00:00\" \/>\n<meta property=\"og:image\" content=\"https:\/\/cosmeticstoredz.com\/wp-content\/uploads\/2026\/02\/CC-33-5.png\" \/>\n\t<meta property=\"og:image:width\" content=\"1563\" \/>\n\t<meta property=\"og:image:height\" content=\"1563\" \/>\n\t<meta property=\"og:image:type\" content=\"image\/png\" \/>\n<meta name=\"twitter:card\" content=\"summary_large_image\" \/>\n<script type=\"application\/ld+json\" class=\"yoast-schema-graph\">{\"@context\":\"https:\\\/\\\/schema.org\",\"@graph\":[{\"@type\":\"WebPage\",\"@id\":\"https:\\\/\\\/cosmeticstoredz.com\\\/produit\\\/ellea-nature-shampoing-500ml-a-lextrait-davocat\\\/\",\"url\":\"https:\\\/\\\/cosmeticstoredz.com\\\/produit\\\/ellea-nature-shampoing-500ml-a-lextrait-davocat\\\/\",\"name\":\"ELLEA NATURE SHAMPOING 500ML A L'EXTRAIT D'AVOCAT - Cosmetic Store\",\"isPartOf\":{\"@id\":\"https:\\\/\\\/cosmeticstoredz.com\\\/#website\"},\"primaryImageOfPage\":{\"@id\":\"https:\\\/\\\/cosmeticstoredz.com\\\/produit\\\/ellea-nature-shampoing-500ml-a-lextrait-davocat\\\/#primaryimage\"},\"image\":{\"@id\":\"https:\\\/\\\/cosmeticstoredz.com\\\/produit\\\/ellea-nature-shampoing-500ml-a-lextrait-davocat\\\/#primaryimage\"},\"thumbnailUrl\":\"https:\\\/\\\/cosmeticstoredz.com\\\/wp-content\\\/uploads\\\/2026\\\/02\\\/CC-33-5.png\",\"datePublished\":\"2025-06-04T18:32:06+00:00\",\"dateModified\":\"2026-04-18T19:17:53+00:00\",\"breadcrumb\":{\"@id\":\"https:\\\/\\\/cosmeticstoredz.com\\\/produit\\\/ellea-nature-shampoing-500ml-a-lextrait-davocat\\\/#breadcrumb\"},\"inLanguage\":\"ar\",\"potentialAction\":[{\"@type\":\"ReadAction\",\"target\":[\"https:\\\/\\\/cosmeticstoredz.com\\\/produit\\\/ellea-nature-shampoing-500ml-a-lextrait-davocat\\\/\"]}]},{\"@type\":\"ImageObject\",\"inLanguage\":\"ar\",\"@id\":\"https:\\\/\\\/cosmeticstoredz.com\\\/produit\\\/ellea-nature-shampoing-500ml-a-lextrait-davocat\\\/#primaryimage\",\"url\":\"https:\\\/\\\/cosmeticstoredz.com\\\/wp-content\\\/uploads\\\/2026\\\/02\\\/CC-33-5.png\",\"contentUrl\":\"https:\\\/\\\/cosmeticstoredz.com\\\/wp-content\\\/uploads\\\/2026\\\/02\\\/CC-33-5.png\",\"width\":1563,\"height\":1563},{\"@type\":\"BreadcrumbList\",\"@id\":\"https:\\\/\\\/cosmeticstoredz.com\\\/produit\\\/ellea-nature-shampoing-500ml-a-lextrait-davocat\\\/#breadcrumb\",\"itemListElement\":[{\"@type\":\"ListItem\",\"position\":1,\"name\":\"Accueil\",\"item\":\"https:\\\/\\\/cosmeticstoredz.com\\\/\"},{\"@type\":\"ListItem\",\"position\":2,\"name\":\"Boutique\",\"item\":\"https:\\\/\\\/cosmeticstoredz.com\\\/boutique\\\/\"},{\"@type\":\"ListItem\",\"position\":3,\"name\":\"ELLEA NATURE SHAMPOING 500ML A L&rsquo;EXTRAIT D&rsquo;AVOCAT\"}]},{\"@type\":\"WebSite\",\"@id\":\"https:\\\/\\\/cosmeticstoredz.com\\\/#website\",\"url\":\"https:\\\/\\\/cosmeticstoredz.com\\\/\",\"name\":\"Cosmetic Store\",\"description\":\"\",\"publisher\":{\"@id\":\"https:\\\/\\\/cosmeticstoredz.com\\\/#organization\"},\"potentialAction\":[{\"@type\":\"SearchAction\",\"target\":{\"@type\":\"EntryPoint\",\"urlTemplate\":\"https:\\\/\\\/cosmeticstoredz.com\\\/?s={search_term_string}\"},\"query-input\":{\"@type\":\"PropertyValueSpecification\",\"valueRequired\":true,\"valueName\":\"search_term_string\"}}],\"inLanguage\":\"ar\"},{\"@type\":\"Organization\",\"@id\":\"https:\\\/\\\/cosmeticstoredz.com\\\/#organization\",\"name\":\"Cosmetic Store\",\"url\":\"https:\\\/\\\/cosmeticstoredz.com\\\/\",\"logo\":{\"@type\":\"ImageObject\",\"inLanguage\":\"ar\",\"@id\":\"https:\\\/\\\/cosmeticstoredz.com\\\/#\\\/schema\\\/logo\\\/image\\\/\",\"url\":\"https:\\\/\\\/cosmeticstoredz.com\\\/wp-content\\\/uploads\\\/2026\\\/02\\\/cropped-LOGO_CS-512x512-1-1-e1771275285345.webp\",\"contentUrl\":\"https:\\\/\\\/cosmeticstoredz.com\\\/wp-content\\\/uploads\\\/2026\\\/02\\\/cropped-LOGO_CS-512x512-1-1-e1771275285345.webp\",\"width\":265,\"height\":319,\"caption\":\"Cosmetic Store\"},\"image\":{\"@id\":\"https:\\\/\\\/cosmeticstoredz.com\\\/#\\\/schema\\\/logo\\\/image\\\/\"},\"sameAs\":[\"https:\\\/\\\/www.facebook.com\\\/profile.php?id=61564954260683\",\"https:\\\/\\\/www.instagram.com\\\/cosmetic.storedz\\\/\"]}]}<\/script>\n<!-- \/ Yoast SEO plugin. -->","yoast_head_json":{"title":"ELLEA NATURE SHAMPOING 500ML A L'EXTRAIT D'AVOCAT - Cosmetic Store","robots":{"index":"index","follow":"follow","max-snippet":"max-snippet:-1","max-image-preview":"max-image-preview:large","max-video-preview":"max-video-preview:-1"},"canonical":"https:\/\/cosmeticstoredz.com\/ar\/product\/ellea-nature-shampoing-500ml-a-lextrait-davocat\/","og_locale":"ar_AR","og_type":"article","og_title":"ELLEA NATURE SHAMPOING 500ML A L'EXTRAIT D'AVOCAT - Cosmetic Store","og_description":"D\u00e9couvrez le pouvoir nourrissant de la nature avec le shampooing Ellea Nature \u00e0 l'extrait d'avocat. Sp\u00e9cialement formul\u00e9 pour revitaliser et hydrater vos cheveux en profondeur, ce shampooing riche en vitamines et en acides gras essentiels restaure l'\u00e9clat naturel et la douceur de vos cheveux.","og_url":"https:\/\/cosmeticstoredz.com\/ar\/product\/ellea-nature-shampoing-500ml-a-lextrait-davocat\/","og_site_name":"Cosmetic Store","article_publisher":"https:\/\/www.facebook.com\/profile.php?id=61564954260683","article_modified_time":"2026-04-18T19:17:53+00:00","og_image":[{"width":1563,"height":1563,"url":"https:\/\/cosmeticstoredz.com\/wp-content\/uploads\/2026\/02\/CC-33-5.png","type":"image\/png"}],"twitter_card":"summary_large_image","schema":{"@context":"https:\/\/schema.org","@graph":[{"@type":"WebPage","@id":"https:\/\/cosmeticstoredz.com\/produit\/ellea-nature-shampoing-500ml-a-lextrait-davocat\/","url":"https:\/\/cosmeticstoredz.com\/produit\/ellea-nature-shampoing-500ml-a-lextrait-davocat\/","name":"ELLEA NATURE SHAMPOING 500ML A L'EXTRAIT D'AVOCAT - Cosmetic Store","isPartOf":{"@id":"https:\/\/cosmeticstoredz.com\/#website"},"primaryImageOfPage":{"@id":"https:\/\/cosmeticstoredz.com\/produit\/ellea-nature-shampoing-500ml-a-lextrait-davocat\/#primaryimage"},"image":{"@id":"https:\/\/cosmeticstoredz.com\/produit\/ellea-nature-shampoing-500ml-a-lextrait-davocat\/#primaryimage"},"thumbnailUrl":"https:\/\/cosmeticstoredz.com\/wp-content\/uploads\/2026\/02\/CC-33-5.png","datePublished":"2025-06-04T18:32:06+00:00","dateModified":"2026-04-18T19:17:53+00:00","breadcrumb":{"@id":"https:\/\/cosmeticstoredz.com\/produit\/ellea-nature-shampoing-500ml-a-lextrait-davocat\/#breadcrumb"},"inLanguage":"ar","potentialAction":[{"@type":"ReadAction","target":["https:\/\/cosmeticstoredz.com\/produit\/ellea-nature-shampoing-500ml-a-lextrait-davocat\/"]}]},{"@type":"ImageObject","inLanguage":"ar","@id":"https:\/\/cosmeticstoredz.com\/produit\/ellea-nature-shampoing-500ml-a-lextrait-davocat\/#primaryimage","url":"https:\/\/cosmeticstoredz.com\/wp-content\/uploads\/2026\/02\/CC-33-5.png","contentUrl":"https:\/\/cosmeticstoredz.com\/wp-content\/uploads\/2026\/02\/CC-33-5.png","width":1563,"height":1563},{"@type":"BreadcrumbList","@id":"https:\/\/cosmeticstoredz.com\/produit\/ellea-nature-shampoing-500ml-a-lextrait-davocat\/#breadcrumb","itemListElement":[{"@type":"ListItem","position":1,"name":"Accueil","item":"https:\/\/cosmeticstoredz.com\/"},{"@type":"ListItem","position":2,"name":"Boutique","item":"https:\/\/cosmeticstoredz.com\/boutique\/"},{"@type":"ListItem","position":3,"name":"ELLEA NATURE SHAMPOING 500ML A L&rsquo;EXTRAIT D&rsquo;AVOCAT"}]},{"@type":"WebSite","@id":"https:\/\/cosmeticstoredz.com\/#website","url":"https:\/\/cosmeticstoredz.com\/","name":"Cosmetic Store","description":"","publisher":{"@id":"https:\/\/cosmeticstoredz.com\/#organization"},"potentialAction":[{"@type":"SearchAction","target":{"@type":"EntryPoint","urlTemplate":"https:\/\/cosmeticstoredz.com\/?s={search_term_string}"},"query-input":{"@type":"PropertyValueSpecification","valueRequired":true,"valueName":"search_term_string"}}],"inLanguage":"ar"},{"@type":"Organization","@id":"https:\/\/cosmeticstoredz.com\/#organization","name":"Cosmetic Store","url":"https:\/\/cosmeticstoredz.com\/","logo":{"@type":"ImageObject","inLanguage":"ar","@id":"https:\/\/cosmeticstoredz.com\/#\/schema\/logo\/image\/","url":"https:\/\/cosmeticstoredz.com\/wp-content\/uploads\/2026\/02\/cropped-LOGO_CS-512x512-1-1-e1771275285345.webp","contentUrl":"https:\/\/cosmeticstoredz.com\/wp-content\/uploads\/2026\/02\/cropped-LOGO_CS-512x512-1-1-e1771275285345.webp","width":265,"height":319,"caption":"Cosmetic Store"},"image":{"@id":"https:\/\/cosmeticstoredz.com\/#\/schema\/logo\/image\/"},"sameAs":["https:\/\/www.facebook.com\/profile.php?id=61564954260683","https:\/\/www.instagram.com\/cosmetic.storedz\/"]}]}},"_links":{"self":[{"href":"https:\/\/cosmeticstoredz.com\/ar\/wp-json\/wp\/v2\/product\/4990","targetHints":{"allow":["GET"]}}],"collection":[{"href":"https:\/\/cosmeticstoredz.com\/ar\/wp-json\/wp\/v2\/product"}],"about":[{"href":"https:\/\/cosmeticstoredz.com\/ar\/wp-json\/wp\/v2\/types\/product"}],"replies":[{"embeddable":true,"href":"https:\/\/cosmeticstoredz.com\/ar\/wp-json\/wp\/v2\/comments?post=4990"}],"version-history":[{"count":1,"href":"https:\/\/cosmeticstoredz.com\/ar\/wp-json\/wp\/v2\/product\/4990\/revisions"}],"predecessor-version":[{"id":18745,"href":"https:\/\/cosmeticstoredz.com\/ar\/wp-json\/wp\/v2\/product\/4990\/revisions\/18745"}],"wp:featuredmedia":[{"embeddable":true,"href":"https:\/\/cosmeticstoredz.com\/ar\/wp-json\/wp\/v2\/media\/18744"}],"wp:attachment":[{"href":"https:\/\/cosmeticstoredz.com\/ar\/wp-json\/wp\/v2\/media?parent=4990"}],"wp:term":[{"taxonomy":"product_brand","embeddable":true,"href":"https:\/\/cosmeticstoredz.com\/ar\/wp-json\/wp\/v2\/product_brand?post=4990"},{"taxonomy":"product_cat","embeddable":true,"href":"https:\/\/cosmeticstoredz.com\/ar\/wp-json\/wp\/v2\/product_cat?post=4990"},{"taxonomy":"product_tag","embeddable":true,"href":"https:\/\/cosmeticstoredz.com\/ar\/wp-json\/wp\/v2\/product_tag?post=4990"}],"curies":[{"name":"wp","href":"https:\/\/api.w.org\/{rel}","templated":true}]}}