{"id":4988,"date":"2025-06-04T18:32:06","date_gmt":"2025-06-04T18:32:06","guid":{"rendered":"https:\/\/test.fitnessworldgym27.com\/?post_type=product&#038;p=4988"},"modified":"2026-03-30T19:24:04","modified_gmt":"2026-03-30T19:24:04","slug":"ellea-nature-shampoing-500ml-a-lextrait-de-camomille","status":"publish","type":"product","link":"https:\/\/cosmeticstoredz.com\/ar\/product\/ellea-nature-shampoing-500ml-a-lextrait-de-camomille\/","title":{"rendered":"ELLEA NATURE SHAMPOING 500ML A L&rsquo;EXTRAIT DE CAMOMILLE"},"content":{"rendered":"<p>Apportez douceur et \u00e9clat naturel \u00e0 vos cheveux avec le shampooing Ellea Nature \u00e0 l&rsquo;extrait de camomille. Formul\u00e9 pour apaiser et illuminer, ce shampooing est id\u00e9al pour raviver la brillance des cheveux blonds et \u00e9claircir en douceur tous types de cheveux.<\/p>\n<p>&nbsp;<\/p>","protected":false},"excerpt":{"rendered":"<p>Apportez douceur et \u00e9clat naturel \u00e0 vos cheveux avec le shampooing Ellea Nature \u00e0 l&rsquo;extrait de camomille. Formul\u00e9 pour apaiser et illuminer, ce shampooing est id\u00e9al pour raviver la brillance des cheveux blonds et \u00e9claircir en douceur tous types de cheveux.<\/p>\n<p>&nbsp;<\/p>","protected":false},"featured_media":18740,"comment_status":"open","ping_status":"closed","template":"","meta":[],"product_brand":[],"product_cat":[253,75,111,95],"product_tag":[],"class_list":{"0":"post-4988","1":"product","2":"type-product","3":"status-publish","4":"has-post-thumbnail","6":"product_cat-ellea","7":"product_cat-femme","8":"product_cat-shampoing-f","9":"product_cat-soin-cheveux-f","11":"first","12":"instock","13":"shipping-taxable","14":"purchasable","15":"product-type-simple"},"_links":{"self":[{"href":"https:\/\/cosmeticstoredz.com\/ar\/wp-json\/wp\/v2\/product\/4988","targetHints":{"allow":["GET"]}}],"collection":[{"href":"https:\/\/cosmeticstoredz.com\/ar\/wp-json\/wp\/v2\/product"}],"about":[{"href":"https:\/\/cosmeticstoredz.com\/ar\/wp-json\/wp\/v2\/types\/product"}],"replies":[{"embeddable":true,"href":"https:\/\/cosmeticstoredz.com\/ar\/wp-json\/wp\/v2\/comments?post=4988"}],"version-history":[{"count":1,"href":"https:\/\/cosmeticstoredz.com\/ar\/wp-json\/wp\/v2\/product\/4988\/revisions"}],"predecessor-version":[{"id":18741,"href":"https:\/\/cosmeticstoredz.com\/ar\/wp-json\/wp\/v2\/product\/4988\/revisions\/18741"}],"wp:featuredmedia":[{"embeddable":true,"href":"https:\/\/cosmeticstoredz.com\/ar\/wp-json\/wp\/v2\/media\/18740"}],"wp:attachment":[{"href":"https:\/\/cosmeticstoredz.com\/ar\/wp-json\/wp\/v2\/media?parent=4988"}],"wp:term":[{"taxonomy":"product_brand","embeddable":true,"href":"https:\/\/cosmeticstoredz.com\/ar\/wp-json\/wp\/v2\/product_brand?post=4988"},{"taxonomy":"product_cat","embeddable":true,"href":"https:\/\/cosmeticstoredz.com\/ar\/wp-json\/wp\/v2\/product_cat?post=4988"},{"taxonomy":"product_tag","embeddable":true,"href":"https:\/\/cosmeticstoredz.com\/ar\/wp-json\/wp\/v2\/product_tag?post=4988"}],"curies":[{"name":"wp","href":"https:\/\/api.w.org\/{rel}","templated":true}]}}