{"id":4952,"date":"2025-06-04T18:31:47","date_gmt":"2025-06-04T18:31:47","guid":{"rendered":"https:\/\/test.fitnessworldgym27.com\/?post_type=product&#038;p=4952"},"modified":"2026-04-09T13:52:46","modified_gmt":"2026-04-09T13:52:46","slug":"ayam-disque-demaq-carre-60p-l","status":"publish","type":"product","link":"https:\/\/cosmeticstoredz.com\/ar\/product\/ayam-disque-demaq-carre-60p-l\/","title":{"rendered":"AYAM DISQUE DEMAQ CARRE 60p L"},"content":{"rendered":"<p>BeautyCotton\u00a0est un produit conforme \u00e0 la Pharmacop\u00e9e Europ\u00e9enne\u00a0#PhEur\u00a0en vigueur et \u00e0 la r\u00e8glementation sur les dispositifs m\u00e9dicaux, c\u2019est des carr\u00e9s d\u00e9maquillants fabriqu\u00e9s \u00e0 base de coton organique certifi\u00e9\u00a0#GOTS\u00a0et non blanchit au chlore.<\/p>\n<ul>\n<li>100% Fibres de coton biologique.<\/li>\n<li>0% Chlore.<\/li>\n<li>0% Mati\u00e8res recycl\u00e9es.<\/li>\n<li>100% Hypoallerg\u00e9nique.<\/li>\n<\/ul>","protected":false},"excerpt":{"rendered":"<p>BeautyCotton\u00a0est un produit conforme \u00e0 la Pharmacop\u00e9e Europ\u00e9enne\u00a0#PhEur\u00a0en vigueur et \u00e0 la r\u00e8glementation sur les dispositifs m\u00e9dicaux, c\u2019est des carr\u00e9s<\/p>","protected":false},"featured_media":18722,"comment_status":"closed","ping_status":"closed","template":"","meta":[],"product_brand":[],"product_cat":[134,137,136,75,122,76],"product_tag":[],"class_list":{"0":"post-4952","1":"product","2":"type-product","3":"status-publish","4":"has-post-thumbnail","6":"product_cat-ayam","7":"product_cat-demaquillant-make-up","8":"product_cat-demaquillant","9":"product_cat-femme","10":"product_cat-make-up","11":"product_cat-soin-visage-f","13":"first","14":"instock","15":"shipping-taxable","16":"purchasable","17":"product-type-simple"},"_links":{"self":[{"href":"https:\/\/cosmeticstoredz.com\/ar\/wp-json\/wp\/v2\/product\/4952","targetHints":{"allow":["GET"]}}],"collection":[{"href":"https:\/\/cosmeticstoredz.com\/ar\/wp-json\/wp\/v2\/product"}],"about":[{"href":"https:\/\/cosmeticstoredz.com\/ar\/wp-json\/wp\/v2\/types\/product"}],"replies":[{"embeddable":true,"href":"https:\/\/cosmeticstoredz.com\/ar\/wp-json\/wp\/v2\/comments?post=4952"}],"version-history":[{"count":1,"href":"https:\/\/cosmeticstoredz.com\/ar\/wp-json\/wp\/v2\/product\/4952\/revisions"}],"predecessor-version":[{"id":18723,"href":"https:\/\/cosmeticstoredz.com\/ar\/wp-json\/wp\/v2\/product\/4952\/revisions\/18723"}],"wp:featuredmedia":[{"embeddable":true,"href":"https:\/\/cosmeticstoredz.com\/ar\/wp-json\/wp\/v2\/media\/18722"}],"wp:attachment":[{"href":"https:\/\/cosmeticstoredz.com\/ar\/wp-json\/wp\/v2\/media?parent=4952"}],"wp:term":[{"taxonomy":"product_brand","embeddable":true,"href":"https:\/\/cosmeticstoredz.com\/ar\/wp-json\/wp\/v2\/product_brand?post=4952"},{"taxonomy":"product_cat","embeddable":true,"href":"https:\/\/cosmeticstoredz.com\/ar\/wp-json\/wp\/v2\/product_cat?post=4952"},{"taxonomy":"product_tag","embeddable":true,"href":"https:\/\/cosmeticstoredz.com\/ar\/wp-json\/wp\/v2\/product_tag?post=4952"}],"curies":[{"name":"wp","href":"https:\/\/api.w.org\/{rel}","templated":true}]}}